{"id":1163,"date":"2025-03-10T16:52:47","date_gmt":"2025-03-10T08:52:47","guid":{"rendered":"https:\/\/jblstainless.com\/?page_id=1163"},"modified":"2025-03-10T17:10:24","modified_gmt":"2025-03-10T09:10:24","slug":"politica-de-cookies","status":"publish","type":"page","link":"https:\/\/jblstainless.com\/pt\/cookie-policy\/","title":{"rendered":"Pol\u00edtica de cookies"},"content":{"rendered":"<p>A JBLSTEEL (\"n\u00f3s\", \"nos\" ou \"nosso\") utiliza cookies no nosso s\u00edtio Web www.jblstainless.com para melhorar a sua experi\u00eancia de navega\u00e7\u00e3o e melhorar os nossos servi\u00e7os. Esta Pol\u00edtica de Cookies explica o que s\u00e3o cookies, como os utilizamos e as suas escolhas relativamente aos cookies.<\/p>\n\n\n\n<ol class=\"wp-block-list\">\n<li>O que s\u00e3o cookies?<br>Os cookies s\u00e3o pequenos ficheiros de texto que s\u00e3o armazenados no seu dispositivo (computador, tablet ou telem\u00f3vel) quando visita um s\u00edtio Web. Os cookies s\u00e3o amplamente utilizados para fazer com que os s\u00edtios Web funcionem de forma mais eficiente e para fornecer informa\u00e7\u00f5es aos propriet\u00e1rios dos s\u00edtios.<\/li>\n\n\n\n<li>Como utilizamos os cookies<br>Utilizamos cookies por v\u00e1rios motivos, incluindo:<\/li>\n<\/ol>\n\n\n\n<ul class=\"wp-block-list\">\n<li>Cookies essenciais: Estes cookies s\u00e3o necess\u00e1rios para o bom funcionamento do nosso s\u00edtio Web. Permitem-lhe navegar no s\u00edtio e utilizar as suas funcionalidades, como o acesso a \u00e1reas seguras.<\/li>\n\n\n\n<li>Cookies de desempenho: Estes cookies recolhem informa\u00e7\u00f5es sobre a forma como os visitantes utilizam o nosso s\u00edtio Web, por exemplo, quais as p\u00e1ginas mais visitadas. Esta informa\u00e7\u00e3o ajuda-nos a melhorar o desempenho do site e a experi\u00eancia do utilizador.<\/li>\n\n\n\n<li>Cookies de funcionalidade: Estes cookies permitem que o nosso s\u00edtio Web se lembre das escolhas que faz (como o seu idioma ou regi\u00e3o) e forne\u00e7a funcionalidades melhoradas e mais personalizadas.<\/li>\n\n\n\n<li>Cookies de segmenta\u00e7\u00e3o\/publicidade: Estes cookies s\u00e3o utilizados para apresentar an\u00fancios mais relevantes para o utilizador e para os seus interesses. S\u00e3o tamb\u00e9m utilizados para limitar o n\u00famero de vezes que v\u00ea um an\u00fancio e para medir a efic\u00e1cia das campanhas publicit\u00e1rias<\/li>\n<\/ul>\n\n\n\n<ol start=\"3\" class=\"wp-block-list\">\n<li>Cookies de terceiros<br>Para al\u00e9m dos nossos pr\u00f3prios cookies, tamb\u00e9m podemos utilizar v\u00e1rios cookies de terceiros para comunicar estat\u00edsticas de utiliza\u00e7\u00e3o, apresentar an\u00fancios e fornecer funcionalidades adicionais. Estes cookies s\u00e3o definidos por empresas terceiras e est\u00e3o sujeitos \u00e0s suas pr\u00f3prias pol\u00edticas de privacidade.<\/li>\n\n\n\n<li>As suas escolhas relativamente aos cookies<br>O utilizador tem o direito de escolher se aceita ou rejeita os cookies. A maioria dos navegadores Web aceita cookies automaticamente, mas pode modificar as defini\u00e7\u00f5es do seu navegador para recusar cookies, se preferir. Eis como pode gerir as suas prefer\u00eancias de cookies:<\/li>\n<\/ol>\n\n\n\n<ul class=\"wp-block-list\">\n<li>Defini\u00e7\u00f5es do browser: Normalmente, pode alterar as defini\u00e7\u00f5es do seu browser para desativar os cookies. Consulte a sec\u00e7\u00e3o de ajuda do seu browser para obter instru\u00e7\u00f5es sobre como o fazer.<\/li>\n\n\n\n<li>Liga\u00e7\u00f5es de desativa\u00e7\u00e3o: Alguns servi\u00e7os de terceiros oferecem op\u00e7\u00f5es de exclus\u00e3o, permitindo-lhe excluir a recolha de dados atrav\u00e9s dos seus cookies. Visite os respectivos s\u00edtios Web para gerir as suas prefer\u00eancias.<\/li>\n<\/ul>\n\n\n\n<p>Note-se que a desativa\u00e7\u00e3o dos cookies pode afetar a funcionalidade e as carater\u00edsticas do nosso s\u00edtio Web. Algumas partes do s\u00edtio podem n\u00e3o funcionar corretamente se desativar os cookies.<\/p>\n\n\n\n<ol start=\"5\" class=\"wp-block-list\">\n<li>Altera\u00e7\u00f5es a esta pol\u00edtica de cookies<br>Podemos atualizar esta Pol\u00edtica de Cookies periodicamente para refletir altera\u00e7\u00f5es nas nossas pr\u00e1ticas ou por outras raz\u00f5es operacionais, legais ou regulamentares. Notific\u00e1-lo-emos de quaisquer altera\u00e7\u00f5es significativas, publicando a nova pol\u00edtica no nosso s\u00edtio Web.<\/li>\n\n\n\n<li>Contactar-nos<br>Se tiver alguma quest\u00e3o ou d\u00favida sobre a nossa utiliza\u00e7\u00e3o de cookies, contacte-nos atrav\u00e9s de<\/li>\n<\/ol>\n\n\n\n<p>JBLSTEEL<br>Correio eletr\u00f3nico: wendy@jinblai.com<br>Endere\u00e7o: Cidade de Anyang, Prov\u00edncia de Henan, China<\/p>","protected":false},"excerpt":{"rendered":"<p>JBLSTEEL (\u201cwe,\u201d \u201cus,\u201d or \u201cour\u201d) uses cookies on our website www.jblstainless.com to enhance your browsing experience and improve our services. This Cookie Policy explains what cookies are, how we use them, and your choices regarding cookies. Please note that disabling cookies may affect the functionality and features of our website. Some parts of the site [&hellip;]<\/p>\n","protected":false},"author":1,"featured_media":0,"parent":0,"menu_order":0,"comment_status":"closed","ping_status":"closed","template":"","meta":{"_eb_attr":"","footnotes":""},"class_list":["post-1163","page","type-page","status-publish","hentry"],"_links":{"self":[{"href":"https:\/\/jblstainless.com\/pt\/wp-json\/wp\/v2\/pages\/1163","targetHints":{"allow":["GET"]}}],"collection":[{"href":"https:\/\/jblstainless.com\/pt\/wp-json\/wp\/v2\/pages"}],"about":[{"href":"https:\/\/jblstainless.com\/pt\/wp-json\/wp\/v2\/types\/page"}],"author":[{"embeddable":true,"href":"https:\/\/jblstainless.com\/pt\/wp-json\/wp\/v2\/users\/1"}],"replies":[{"embeddable":true,"href":"https:\/\/jblstainless.com\/pt\/wp-json\/wp\/v2\/comments?post=1163"}],"version-history":[{"count":3,"href":"https:\/\/jblstainless.com\/pt\/wp-json\/wp\/v2\/pages\/1163\/revisions"}],"predecessor-version":[{"id":1171,"href":"https:\/\/jblstainless.com\/pt\/wp-json\/wp\/v2\/pages\/1163\/revisions\/1171"}],"wp:attachment":[{"href":"https:\/\/jblstainless.com\/pt\/wp-json\/wp\/v2\/media?parent=1163"}],"curies":[{"name":"wp","href":"https:\/\/api.w.org\/{rel}","templated":true}]}}