{"id":1636,"date":"2025-06-05T17:02:15","date_gmt":"2025-06-05T09:02:15","guid":{"rendered":"https:\/\/jblstainless.com\/?page_id=1636"},"modified":"2025-06-05T17:02:16","modified_gmt":"2025-06-05T09:02:16","slug":"faq","status":"publish","type":"page","link":"https:\/\/jblstainless.com\/pt\/faq\/","title":{"rendered":"FAQ"},"content":{"rendered":"<div data-elementor-type=\"wp-page\" data-elementor-id=\"1636\" class=\"elementor elementor-1636\" data-elementor-post-type=\"page\">\n\t\t\t\t<div class=\"elementor-element elementor-element-8c5e0d6 e-flex e-con-boxed e-con e-parent\" data-id=\"8c5e0d6\" data-element_type=\"container\" data-e-type=\"container\">\n\t\t\t\t\t<div class=\"e-con-inner\">\n\t\t\t\t<div class=\"elementor-element elementor-element-7196fa7 elementor-widget elementor-widget-heading\" data-id=\"7196fa7\" data-element_type=\"widget\" data-e-type=\"widget\" data-widget_type=\"heading.default\">\n\t\t\t\t<div class=\"elementor-widget-container\">\n\t\t\t\t\t<h2 class=\"elementor-heading-title elementor-size-default\">FAQ<\/h2>\t\t\t\t<\/div>\n\t\t\t\t<\/div>\n\t\t\t\t\t<\/div>\n\t\t\t\t<\/div>\n\t\t<div class=\"elementor-element elementor-element-24355f5 e-flex e-con-boxed e-con e-parent\" data-id=\"24355f5\" data-element_type=\"container\" data-e-type=\"container\">\n\t\t\t\t\t<div class=\"e-con-inner\">\n\t\t\t\t<div class=\"elementor-element elementor-element-f15a9c6 elementor-widget elementor-widget-heading\" data-id=\"f15a9c6\" data-element_type=\"widget\" data-e-type=\"widget\" data-widget_type=\"heading.default\">\n\t\t\t\t<div class=\"elementor-widget-container\">\n\t\t\t\t\t<h2 class=\"elementor-heading-title elementor-size-default\">Que tipos de produtos de a\u00e7o inoxid\u00e1vel t\u00eam?<\/h2>\t\t\t\t<\/div>\n\t\t\t\t<\/div>\n\t\t\t\t<div class=\"elementor-element elementor-element-279587e elementor-widget elementor-widget-text-editor\" data-id=\"279587e\" data-element_type=\"widget\" data-e-type=\"widget\" data-widget_type=\"text-editor.default\">\n\t\t\t\t<div class=\"elementor-widget-container\">\n\t\t\t\t\t\t\t\t\t<p>Fornecemos v\u00e1rios tipos de produtos de a\u00e7o inoxid\u00e1vel, incluindo chapas e bobinas de a\u00e7o inoxid\u00e1vel, tubos de a\u00e7o sem costura, tubos de a\u00e7o soldados, acess\u00f3rios para tubos, perfis, fixadores e produtos personalizados. Com as carater\u00edsticas de resist\u00eancia \u00e0 corros\u00e3o, alta resist\u00eancia e est\u00e9tica, s\u00e3o amplamente utilizados na constru\u00e7\u00e3o, fabrico, energia, qu\u00edmica, processamento de alimentos e ind\u00fastrias m\u00e9dicas.<\/p>\t\t\t\t\t\t\t\t<\/div>\n\t\t\t\t<\/div>\n\t\t\t\t\t<\/div>\n\t\t\t\t<\/div>\n\t\t<div class=\"elementor-element elementor-element-0cca6f0 e-flex e-con-boxed e-con e-parent\" data-id=\"0cca6f0\" data-element_type=\"container\" data-e-type=\"container\">\n\t\t\t\t\t<div class=\"e-con-inner\">\n\t\t\t\t<div class=\"elementor-element elementor-element-82fc5de elementor-widget elementor-widget-heading\" data-id=\"82fc5de\" data-element_type=\"widget\" data-e-type=\"widget\" data-widget_type=\"heading.default\">\n\t\t\t\t<div class=\"elementor-widget-container\">\n\t\t\t\t\t<h2 class=\"elementor-heading-title elementor-size-default\">Quais s\u00e3o as vantagens do a\u00e7o inoxid\u00e1vel?<\/h2>\t\t\t\t<\/div>\n\t\t\t\t<\/div>\n\t\t\t\t<div class=\"elementor-element elementor-element-50ddc49 elementor-widget elementor-widget-text-editor\" data-id=\"50ddc49\" data-element_type=\"widget\" data-e-type=\"widget\" data-widget_type=\"text-editor.default\">\n\t\t\t\t<div class=\"elementor-widget-container\">\n\t\t\t\t\t\t\t\t\t<p>O a\u00e7o inoxid\u00e1vel oferece uma resist\u00eancia superior \u00e0 corros\u00e3o, for\u00e7a, durabilidade e est\u00e9tica, \u00e9 f\u00e1cil de manter, 100% recicl\u00e1vel e amigo do ambiente.<\/p>\t\t\t\t\t\t\t\t<\/div>\n\t\t\t\t<\/div>\n\t\t\t\t\t<\/div>\n\t\t\t\t<\/div>\n\t\t<div class=\"elementor-element elementor-element-70fd210 e-flex e-con-boxed e-con e-parent\" data-id=\"70fd210\" data-element_type=\"container\" data-e-type=\"container\">\n\t\t\t\t\t<div class=\"e-con-inner\">\n\t\t\t\t<div class=\"elementor-element elementor-element-3aa63f5 elementor-widget elementor-widget-heading\" data-id=\"3aa63f5\" data-element_type=\"widget\" data-e-type=\"widget\" data-widget_type=\"heading.default\">\n\t\t\t\t<div class=\"elementor-widget-container\">\n\t\t\t\t\t<h2 class=\"elementor-heading-title elementor-size-default\">Como \u00e9 que escolho o produto de a\u00e7o inoxid\u00e1vel certo?<\/h2>\t\t\t\t<\/div>\n\t\t\t\t<\/div>\n\t\t\t\t<div class=\"elementor-element elementor-element-2b1d86c elementor-widget elementor-widget-text-editor\" data-id=\"2b1d86c\" data-element_type=\"widget\" data-e-type=\"widget\" data-widget_type=\"text-editor.default\">\n\t\t\t\t<div class=\"elementor-widget-container\">\n\t\t\t\t\t\t\t\t\t<p>Escolha o material (por exemplo, 304, 316), as especifica\u00e7\u00f5es e o tratamento de superf\u00edcie com base nos requisitos do projeto. Selecionar fornecedores que cumpram as normas internacionais para garantir a qualidade.<br \/>A JBLSTEEL obt\u00e9m as mat\u00e9rias-primas das principais siderurgias, como a TISCO e a Baosteel, com um controlo de qualidade rigoroso, cumprindo as normas ASTM, EN, JIS, GB e as especifica\u00e7\u00f5es do cliente.<\/p>\t\t\t\t\t\t\t\t<\/div>\n\t\t\t\t<\/div>\n\t\t\t\t\t<\/div>\n\t\t\t\t<\/div>\n\t\t<div class=\"elementor-element elementor-element-0cd1e4f e-flex e-con-boxed e-con e-parent\" data-id=\"0cd1e4f\" data-element_type=\"container\" data-e-type=\"container\">\n\t\t\t\t\t<div class=\"e-con-inner\">\n\t\t\t\t<div class=\"elementor-element elementor-element-34081c3 elementor-widget elementor-widget-heading\" data-id=\"34081c3\" data-element_type=\"widget\" data-e-type=\"widget\" data-widget_type=\"heading.default\">\n\t\t\t\t<div class=\"elementor-widget-container\">\n\t\t\t\t\t<h2 class=\"elementor-heading-title elementor-size-default\">Oferecem servi\u00e7os de personaliza\u00e7\u00e3o?<\/h2>\t\t\t\t<\/div>\n\t\t\t\t<\/div>\n\t\t\t\t<div class=\"elementor-element elementor-element-e5cf9bb elementor-widget elementor-widget-text-editor\" data-id=\"e5cf9bb\" data-element_type=\"widget\" data-e-type=\"widget\" data-widget_type=\"text-editor.default\">\n\t\t\t\t<div class=\"elementor-widget-container\">\n\t\t\t\t\t\t\t\t\t<p>Sim, oferecemos tamanhos, especifica\u00e7\u00f5es, materiais e acabamentos personalizados para satisfazer os requisitos espec\u00edficos do projeto. Podemos maquinar, cortar \u00e0 medida, perfurar, fresar ranhuras ou soldar de acordo com os desenhos para satisfazer os requisitos individuais do projeto.<\/p>\t\t\t\t\t\t\t\t<\/div>\n\t\t\t\t<\/div>\n\t\t\t\t\t<\/div>\n\t\t\t\t<\/div>\n\t\t<div class=\"elementor-element elementor-element-aab96d4 e-flex e-con-boxed e-con e-parent\" data-id=\"aab96d4\" data-element_type=\"container\" data-e-type=\"container\">\n\t\t\t\t\t<div class=\"e-con-inner\">\n\t\t\t\t<div class=\"elementor-element elementor-element-ff6f18d elementor-align-center elementor-widget elementor-widget-button\" data-id=\"ff6f18d\" data-element_type=\"widget\" data-e-type=\"widget\" data-widget_type=\"button.default\">\n\t\t\t\t<div class=\"elementor-widget-container\">\n\t\t\t\t\t\t\t\t\t<div class=\"elementor-button-wrapper\">\n\t\t\t\t\t<a class=\"elementor-button elementor-button-link elementor-size-sm\" href=\"#elementor-action%3Aaction%3Dpopup%3Aopen%26settings%3DeyJpZCI6IjExODMiLCJ0b2dnbGUiOmZhbHNlfQ%3D%3D\" id=\"FAQ\">\n\t\t\t\t\t\t<span class=\"elementor-button-content-wrapper\">\n\t\t\t\t\t\t\t\t\t<span class=\"elementor-button-text\">Obter um or\u00e7amento instant\u00e2neo <\/span>\n\t\t\t\t\t<\/span>\n\t\t\t\t\t<\/a>\n\t\t\t\t<\/div>\n\t\t\t\t\t\t\t\t<\/div>\n\t\t\t\t<\/div>\n\t\t\t\t\t<\/div>\n\t\t\t\t<\/div>\n\t\t<div class=\"elementor-element elementor-element-3e95751 e-flex e-con-boxed e-con e-parent\" data-id=\"3e95751\" data-element_type=\"container\" data-e-type=\"container\">\n\t\t\t\t\t<div class=\"e-con-inner\">\n\t\t\t\t<div class=\"elementor-element elementor-element-74d307c elementor-widget elementor-widget-heading\" data-id=\"74d307c\" data-element_type=\"widget\" data-e-type=\"widget\" data-widget_type=\"heading.default\">\n\t\t\t\t<div class=\"elementor-widget-container\">\n\t\t\t\t\t<h2 class=\"elementor-heading-title elementor-size-default\">Como \u00e9 que se controla a qualidade?<\/h2>\t\t\t\t<\/div>\n\t\t\t\t<\/div>\n\t\t\t\t<div class=\"elementor-element elementor-element-c35a071 elementor-widget elementor-widget-text-editor\" data-id=\"c35a071\" data-element_type=\"widget\" data-e-type=\"widget\" data-widget_type=\"text-editor.default\">\n\t\t\t\t<div class=\"elementor-widget-container\">\n\t\t\t\t\t\t\t\t\t<p>Realizamos inspec\u00e7\u00f5es dimensionais, an\u00e1lises de composi\u00e7\u00e3o qu\u00edmica, testes ultra-s\u00f3nicos, testes de resist\u00eancia \u00e0 tra\u00e7\u00e3o, testes de dureza e outros controlos de processo para garantir que cada produto cumpre os requisitos de conce\u00e7\u00e3o.<\/p><p>A certifica\u00e7\u00e3o de teste de moinho \u00e9 fornecida com o envio, a inspe\u00e7\u00e3o por terceiros est\u00e1 dispon\u00edvel.<\/p>\t\t\t\t\t\t\t\t<\/div>\n\t\t\t\t<\/div>\n\t\t\t\t\t<\/div>\n\t\t\t\t<\/div>\n\t\t<div class=\"elementor-element elementor-element-82a3c82 e-flex e-con-boxed e-con e-parent\" data-id=\"82a3c82\" data-element_type=\"container\" data-e-type=\"container\">\n\t\t\t\t\t<div class=\"e-con-inner\">\n\t\t\t\t<div class=\"elementor-element elementor-element-06d31b2 elementor-widget elementor-widget-heading\" data-id=\"06d31b2\" data-element_type=\"widget\" data-e-type=\"widget\" data-widget_type=\"heading.default\">\n\t\t\t\t<div class=\"elementor-widget-container\">\n\t\t\t\t\t<h2 class=\"elementor-heading-title elementor-size-default\">Os vossos produtos s\u00e3o certificados?\n<\/h2>\t\t\t\t<\/div>\n\t\t\t\t<\/div>\n\t\t\t\t<div class=\"elementor-element elementor-element-00a8ff0 elementor-widget elementor-widget-text-editor\" data-id=\"00a8ff0\" data-element_type=\"widget\" data-e-type=\"widget\" data-widget_type=\"text-editor.default\">\n\t\t\t\t<div class=\"elementor-widget-container\">\n\t\t\t\t\t\t\t\t\t<p>Os produtos cumprem as normas ASTM, EN, JIS, GB e as especifica\u00e7\u00f5es dos clientes.<\/p><p>Tamb\u00e9m podemos fornecer certifica\u00e7\u00f5es CE, RoHS e outras certifica\u00e7\u00f5es de acordo com os requisitos do projeto para garantir a exporta\u00e7\u00e3o e a conformidade local. Em conformidade com as normas internacionais, tais como ASTM\/EN\/JIS\/GB.<\/p>\t\t\t\t\t\t\t\t<\/div>\n\t\t\t\t<\/div>\n\t\t\t\t\t<\/div>\n\t\t\t\t<\/div>\n\t\t<div class=\"elementor-element elementor-element-420a80e e-flex e-con-boxed e-con e-parent\" data-id=\"420a80e\" data-element_type=\"container\" data-e-type=\"container\">\n\t\t\t\t\t<div class=\"e-con-inner\">\n\t\t\t\t<div class=\"elementor-element elementor-element-0eed53d elementor-widget elementor-widget-heading\" data-id=\"0eed53d\" data-element_type=\"widget\" data-e-type=\"widget\" data-widget_type=\"heading.default\">\n\t\t\t\t<div class=\"elementor-widget-container\">\n\t\t\t\t\t<h2 class=\"elementor-heading-title elementor-size-default\">E quanto aos pre\u00e7os?\n<\/h2>\t\t\t\t<\/div>\n\t\t\t\t<\/div>\n\t\t\t\t<div class=\"elementor-element elementor-element-51eb343 elementor-widget elementor-widget-text-editor\" data-id=\"51eb343\" data-element_type=\"widget\" data-e-type=\"widget\" data-widget_type=\"text-editor.default\">\n\t\t\t\t<div class=\"elementor-widget-container\">\n\t\t\t\t\t\t\t\t\t<p>A empresa abastece-se de mat\u00e9rias-primas em siderurgias de primeira linha, como a TISCO e a Baosteel, com exist\u00eancias suficientes, menor exposi\u00e7\u00e3o \u00e0s flutua\u00e7\u00f5es internacionais dos pre\u00e7os das mat\u00e9rias-primas, pre\u00e7os competitivos e uma gest\u00e3o eficiente da produ\u00e7\u00e3o e da cadeia de abastecimento para garantir um desempenho rent\u00e1vel.<\/p>\t\t\t\t\t\t\t\t<\/div>\n\t\t\t\t<\/div>\n\t\t\t\t\t<\/div>\n\t\t\t\t<\/div>\n\t\t\t\t<\/div>","protected":false},"excerpt":{"rendered":"<p>FAQ What types Stainless Steel products do you have? We supply various types of stainless steel products, including stainless steel plates and coils, seamless steel pipes, welded steel pipes, pipe fittings, profiles, fasteners, and customization products. With the characteristics of corrosion resistance, high strength and aesthetics, they are widely used in the construction, manufacturing, energy, [&hellip;]<\/p>\n","protected":false},"author":1,"featured_media":0,"parent":0,"menu_order":0,"comment_status":"closed","ping_status":"closed","template":"","meta":{"_eb_attr":"","footnotes":""},"class_list":["post-1636","page","type-page","status-publish","hentry"],"_links":{"self":[{"href":"https:\/\/jblstainless.com\/pt\/wp-json\/wp\/v2\/pages\/1636","targetHints":{"allow":["GET"]}}],"collection":[{"href":"https:\/\/jblstainless.com\/pt\/wp-json\/wp\/v2\/pages"}],"about":[{"href":"https:\/\/jblstainless.com\/pt\/wp-json\/wp\/v2\/types\/page"}],"author":[{"embeddable":true,"href":"https:\/\/jblstainless.com\/pt\/wp-json\/wp\/v2\/users\/1"}],"replies":[{"embeddable":true,"href":"https:\/\/jblstainless.com\/pt\/wp-json\/wp\/v2\/comments?post=1636"}],"version-history":[{"count":1,"href":"https:\/\/jblstainless.com\/pt\/wp-json\/wp\/v2\/pages\/1636\/revisions"}],"predecessor-version":[{"id":1637,"href":"https:\/\/jblstainless.com\/pt\/wp-json\/wp\/v2\/pages\/1636\/revisions\/1637"}],"wp:attachment":[{"href":"https:\/\/jblstainless.com\/pt\/wp-json\/wp\/v2\/media?parent=1636"}],"curies":[{"name":"wp","href":"https:\/\/api.w.org\/{rel}","templated":true}]}}