{"id":1503,"date":"2025-05-08T15:45:07","date_gmt":"2025-05-08T07:45:07","guid":{"rendered":"https:\/\/jblstainless.com\/?post_type=product&#038;p=1503"},"modified":"2025-07-14T15:34:58","modified_gmt":"2025-07-14T07:34:58","slug":"tubo-soldado-de-aco-inoxidavel-304","status":"publish","type":"product","link":"https:\/\/jblstainless.com\/pt\/304-stainless-steel-welded-pipe\/","title":{"rendered":"Tubo soldado de a\u00e7o inoxid\u00e1vel 304"},"content":{"rendered":"<div data-elementor-type=\"product-post\" data-elementor-id=\"1503\" class=\"elementor elementor-1503\" data-elementor-post-type=\"product\">\n\t\t\t\t<div class=\"elementor-element elementor-element-5adbd4a e-flex e-con-boxed e-con e-parent\" data-id=\"5adbd4a\" data-element_type=\"container\" data-e-type=\"container\">\n\t\t\t\t\t<div class=\"e-con-inner\">\n\t\t\t\t<div class=\"elementor-element elementor-element-acac518 elementor-widget elementor-widget-text-editor\" data-id=\"acac518\" data-element_type=\"widget\" data-e-type=\"widget\" data-widget_type=\"text-editor.default\">\n\t\t\t\t<div class=\"elementor-widget-container\">\n\t\t\t\t\t\t\t\t\t<p>O tubo soldado de a\u00e7o inoxid\u00e1vel 304 \u00e9 um produto inoxid\u00e1vel austen\u00edtico laminado e soldado por fus\u00e3o ao longo do seu comprimento. Cont\u00e9m aproximadamente 18\u201320% de cr\u00f3mio e 8\u201311% de n\u00edquel, o que lhe confere excelente resist\u00eancia geral \u00e0 corros\u00e3o e oxida\u00e7\u00e3o, al\u00e9m de formabilidade, tornando-o est\u00e1vel em uma variedade de ambientes adversos.<\/p><p>A norma ASTM A312 abrange os tipos 304\/304L para tubos sem costura e soldados, especifica as suas propriedades mec\u00e2nicas, precis\u00e3o dimensional e requisitos de acabamento superficial, destinados a servi\u00e7os em altas temperaturas e corrosivos, adequados para transporte de fluidos de m\u00e9dia e baixa press\u00e3o e necessidades decorativas.<\/p><p>Dependendo do processo e da aplica\u00e7\u00e3o, os tubos soldados de a\u00e7o inoxid\u00e1vel podem ser classificados como soldados com costura reta (LSAW), soldados em espiral (SSAW) ou soldados por alta frequ\u00eancia (ERW), e est\u00e3o dispon\u00edveis numa ampla gama de op\u00e7\u00f5es de superf\u00edcie, tais como decapados, polidos ou com acabamento espelhado.<\/p>\t\t\t\t\t\t\t\t<\/div>\n\t\t\t\t<\/div>\n\t\t\t\t\t<\/div>\n\t\t\t\t<\/div>\n\t\t<div class=\"elementor-element elementor-element-db57733 e-flex e-con-boxed e-con e-parent\" data-id=\"db57733\" data-element_type=\"container\" data-e-type=\"container\">\n\t\t\t\t\t<div class=\"e-con-inner\">\n\t\t\t\t<div class=\"elementor-element elementor-element-eed67ce elementor-widget elementor-widget-image\" data-id=\"eed67ce\" data-element_type=\"widget\" data-e-type=\"widget\" data-widget_type=\"image.default\">\n\t\t\t\t<div class=\"elementor-widget-container\">\n\t\t\t\t\t\t\t\t\t\t\t\t<figure class=\"wp-caption\">\n\t\t\t\t\t\t\t\t\t\t<img fetchpriority=\"high\" decoding=\"async\" width=\"300\" height=\"300\" src=\"https:\/\/jblstainless.com\/wp-content\/uploads\/2025\/04\/LSAW-steel-tube-300x300.webp\" class=\"attachment-medium size-medium wp-image-1412\" alt=\"tubo soldado de a\u00e7o inoxid\u00e1vel\" srcset=\"https:\/\/jblstainless.com\/wp-content\/uploads\/2025\/04\/LSAW-steel-tube-300x300.webp 300w, https:\/\/jblstainless.com\/wp-content\/uploads\/2025\/04\/LSAW-steel-tube-150x150.webp 150w, https:\/\/jblstainless.com\/wp-content\/uploads\/2025\/04\/LSAW-steel-tube-12x12.webp 12w, https:\/\/jblstainless.com\/wp-content\/uploads\/2025\/04\/LSAW-steel-tube-600x600.webp 600w, https:\/\/jblstainless.com\/wp-content\/uploads\/2025\/04\/LSAW-steel-tube-100x100.webp 100w, https:\/\/jblstainless.com\/wp-content\/uploads\/2025\/04\/LSAW-steel-tube.webp 750w\" sizes=\"(max-width: 300px) 100vw, 300px\" \/>\t\t\t\t\t\t\t\t\t\t\t<figcaption class=\"widget-image-caption wp-caption-text\">LSAW<\/figcaption>\n\t\t\t\t\t\t\t\t\t\t<\/figure>\n\t\t\t\t\t\t\t\t\t<\/div>\n\t\t\t\t<\/div>\n\t\t\t\t<div class=\"elementor-element elementor-element-b894752 elementor-widget elementor-widget-image\" data-id=\"b894752\" data-element_type=\"widget\" data-e-type=\"widget\" data-widget_type=\"image.default\">\n\t\t\t\t<div class=\"elementor-widget-container\">\n\t\t\t\t\t\t\t\t\t\t\t\t<figure class=\"wp-caption\">\n\t\t\t\t\t\t\t\t\t\t<img decoding=\"async\" width=\"300\" height=\"300\" src=\"https:\/\/jblstainless.com\/wp-content\/uploads\/2025\/04\/ssaw-tube-300x300.webp\" class=\"attachment-medium size-medium wp-image-1413\" alt=\"tubos de a\u00e7o inoxid\u00e1vel soldados\" srcset=\"https:\/\/jblstainless.com\/wp-content\/uploads\/2025\/04\/ssaw-tube-300x300.webp 300w, https:\/\/jblstainless.com\/wp-content\/uploads\/2025\/04\/ssaw-tube-150x150.webp 150w, https:\/\/jblstainless.com\/wp-content\/uploads\/2025\/04\/ssaw-tube-768x768.webp 768w, https:\/\/jblstainless.com\/wp-content\/uploads\/2025\/04\/ssaw-tube-12x12.webp 12w, https:\/\/jblstainless.com\/wp-content\/uploads\/2025\/04\/ssaw-tube-600x600.webp 600w, https:\/\/jblstainless.com\/wp-content\/uploads\/2025\/04\/ssaw-tube-100x100.webp 100w, https:\/\/jblstainless.com\/wp-content\/uploads\/2025\/04\/ssaw-tube.webp 800w\" sizes=\"(max-width: 300px) 100vw, 300px\" \/>\t\t\t\t\t\t\t\t\t\t\t<figcaption class=\"widget-image-caption wp-caption-text\">SSAW<\/figcaption>\n\t\t\t\t\t\t\t\t\t\t<\/figure>\n\t\t\t\t\t\t\t\t\t<\/div>\n\t\t\t\t<\/div>\n\t\t\t\t<div class=\"elementor-element elementor-element-fec39c6 elementor-widget elementor-widget-image\" data-id=\"fec39c6\" data-element_type=\"widget\" data-e-type=\"widget\" data-widget_type=\"image.default\">\n\t\t\t\t<div class=\"elementor-widget-container\">\n\t\t\t\t\t\t\t\t\t\t\t\t<figure class=\"wp-caption\">\n\t\t\t\t\t\t\t\t\t\t<img decoding=\"async\" width=\"300\" height=\"300\" src=\"https:\/\/jblstainless.com\/wp-content\/uploads\/2025\/04\/erw-stainless-steel-pipe-300x300.webp\" class=\"attachment-medium size-medium wp-image-1411\" alt=\"Tubo soldado de a\u00e7o inoxid\u00e1vel 304\" srcset=\"https:\/\/jblstainless.com\/wp-content\/uploads\/2025\/04\/erw-stainless-steel-pipe-300x300.webp 300w, https:\/\/jblstainless.com\/wp-content\/uploads\/2025\/04\/erw-stainless-steel-pipe-150x150.webp 150w, https:\/\/jblstainless.com\/wp-content\/uploads\/2025\/04\/erw-stainless-steel-pipe-768x768.webp 768w, https:\/\/jblstainless.com\/wp-content\/uploads\/2025\/04\/erw-stainless-steel-pipe-12x12.webp 12w, https:\/\/jblstainless.com\/wp-content\/uploads\/2025\/04\/erw-stainless-steel-pipe-600x600.webp 600w, https:\/\/jblstainless.com\/wp-content\/uploads\/2025\/04\/erw-stainless-steel-pipe-100x100.webp 100w, https:\/\/jblstainless.com\/wp-content\/uploads\/2025\/04\/erw-stainless-steel-pipe.webp 779w\" sizes=\"(max-width: 300px) 100vw, 300px\" \/>\t\t\t\t\t\t\t\t\t\t\t<figcaption class=\"widget-image-caption wp-caption-text\">ERW<\/figcaption>\n\t\t\t\t\t\t\t\t\t\t<\/figure>\n\t\t\t\t\t\t\t\t\t<\/div>\n\t\t\t\t<\/div>\n\t\t\t\t\t<\/div>\n\t\t\t\t<\/div>\n\t\t<div class=\"elementor-element elementor-element-bfc6116 e-flex e-con-boxed e-con e-parent\" data-id=\"bfc6116\" data-element_type=\"container\" data-e-type=\"container\">\n\t\t\t\t\t<div class=\"e-con-inner\">\n\t\t\t\t<div class=\"elementor-element elementor-element-5096b75 elementor-widget elementor-widget-text-editor\" data-id=\"5096b75\" data-element_type=\"widget\" data-e-type=\"widget\" data-widget_type=\"text-editor.default\">\n\t\t\t\t<div class=\"elementor-widget-container\">\n\t\t\t\t\t\t\t\t\t<p>Como fornecedor profissional de tubos soldados em a\u00e7o inoxid\u00e1vel, estamos empenhados em fornecer tubos soldados em a\u00e7o inoxid\u00e1vel 304 de alta qualidade e personalizados para garantir o bom andamento do seu projeto.<\/p>\t\t\t\t\t\t\t\t<\/div>\n\t\t\t\t<\/div>\n\t\t\t\t\t<\/div>\n\t\t\t\t<\/div>\n\t\t<div class=\"elementor-element elementor-element-93f405e e-flex e-con-boxed e-con e-parent\" data-id=\"93f405e\" data-element_type=\"container\" data-e-type=\"container\">\n\t\t\t\t\t<div class=\"e-con-inner\">\n\t\t\t\t<div class=\"elementor-element elementor-element-ce1b78b elementor-widget elementor-widget-heading\" data-id=\"ce1b78b\" data-element_type=\"widget\" data-e-type=\"widget\" data-widget_type=\"heading.default\">\n\t\t\t\t<div class=\"elementor-widget-container\">\n\t\t\t\t\t<h2 class=\"elementor-heading-title elementor-size-default\">Especifica\u00e7\u00e3o do tubo soldado em a\u00e7o inoxid\u00e1vel 304<\/h2>\t\t\t\t<\/div>\n\t\t\t\t<\/div>\n\t\t\t\t<div class=\"elementor-element elementor-element-5bdb1da elementor-widget elementor-widget-text-editor\" data-id=\"5bdb1da\" data-element_type=\"widget\" data-e-type=\"widget\" data-widget_type=\"text-editor.default\">\n\t\t\t\t<div class=\"elementor-widget-container\">\n\t\t\t\t\t\t\t\t\t<p><b>Material<\/b>: 304, UNS S30400, 18Cr-8Ni<\/p><p><b>Padr\u00e3o<\/b>: ASME SA-312\/ASTM A312; ASTM A269\/269M<\/p><p><b>Espessura da parede<\/b>: SCH20, SCH30, SCH40, STD, SCH80, XS, SCH60, SCH80, SCH120, SCH140, SCH160, XXS<\/p><p><b>Tamanho<\/b>: 1\/8\u2033 at\u00e9 ~30\u2033, personalizado dispon\u00edvel<\/p><p><b>Fim<\/b>: Liso (moinho); Biselado<\/p><p><b>Acabamento da superf\u00edcie<\/b>: Recozido e decapado (acabamento 2B); recozido brilhante (BA) ou polido (#4, espelho n.\u00ba 8); pode ser adicionado eletropolimento ou passiva\u00e7\u00e3o para maior resist\u00eancia \u00e0 corros\u00e3o.<\/p><p><b>Testes<\/b>: Testes realizados na f\u00e1brica ou por terceiros (hidrost\u00e1ticos, PMI, dureza, etc.) de acordo com os requisitos do cliente.<\/p>\t\t\t\t\t\t\t\t<\/div>\n\t\t\t\t<\/div>\n\t\t\t\t\t<\/div>\n\t\t\t\t<\/div>\n\t\t<div class=\"elementor-element elementor-element-6972d15 e-flex e-con-boxed e-con e-parent\" data-id=\"6972d15\" data-element_type=\"container\" data-e-type=\"container\">\n\t\t\t\t\t<div class=\"e-con-inner\">\n\t\t\t\t<div class=\"elementor-element elementor-element-97ca120 elementor-widget elementor-widget-heading\" data-id=\"97ca120\" data-element_type=\"widget\" data-e-type=\"widget\" data-widget_type=\"heading.default\">\n\t\t\t\t<div class=\"elementor-widget-container\">\n\t\t\t\t\t<h3 class=\"elementor-heading-title elementor-size-default\">Tabela de programa\u00e7\u00e3o de tubos soldados 304<\/h3>\t\t\t\t<\/div>\n\t\t\t\t<\/div>\n\t\t\t\t<div class=\"elementor-element elementor-element-46e7a3d elementor-widget elementor-widget-text-editor\" data-id=\"46e7a3d\" data-element_type=\"widget\" data-e-type=\"widget\" data-widget_type=\"text-editor.default\">\n\t\t\t\t<div class=\"elementor-widget-container\">\n\t\t\t\t\t\t\t\t\t<table><tbody><tr><th>1\/8\u2033 IPS (0,405\u2033 O. D.)<\/th><th>3 1\/2\u2033 IPS (4,000\u2033 O. D.)<\/th><\/tr><tr><td>SCH 40, 80<\/td><td>SCH 10, 40, 80, 160, XXH<\/td><\/tr><tr><th>1\/4\u2033 IPS (0,540\u2033 de di\u00e2metro externo)<\/th><th>4\u2033 IPS (4,500\u2033 O. D.)<\/th><\/tr><tr><td>SCH 10, 40, 80<\/td><td>SCH 10, 40, 80, 160, XXH<\/td><\/tr><tr><th>3\/8\u2033 IPS (0,675\u2033 O. D.)<\/th><th>5\u2033 IPS (5,563\u2033 O. D.)<\/th><\/tr><tr><td>SCH 10, 40, 80<\/td><td>SCH 10, 40, 80, 160, XXH<\/td><\/tr><tr><th>1\/2\u2033 IPS (0,840\u2033 O. D.)<\/th><th>6\u2033 IPS (6,625\u2033 O. D.)<\/th><\/tr><tr><td>SCH 5, 10, 40, 80, 160, XXH<\/td><td>SCH 5, 10, 40, 80, 120, 160, XXH<\/td><\/tr><tr><th>3\/4\u2033 IPS (1,050\u2033 O. D.)<\/th><th>8\u201d IPS (8,625\u201d O. D.)<\/th><\/tr><tr><td>SCH 10, 40, 80, 160, XXH<\/td><td>SCH 5, 10, 40, 80, 120, 160, XXH<\/td><\/tr><tr><th>1\u2033 IPS: (1,315\u2032O. D.)<\/th><th>10\u2033 IPS (10,750\u2033 O. D.)<\/th><\/tr><tr><td>SCH 5, 10, 40, 80, 160, XXH<\/td><td>SCH 10, 20, 40, 80 (.500), TRUE 80(.500)<\/td><\/tr><tr><th>1-1\/4\u2033 IPS (1,660\u2033 O. D.)<\/th><th>12\u2033 IPS (12,750\u2033 O. D.)<\/th><\/tr><tr><td>SCH 10, 40, 80, 160, XXH<\/td><td>SCH 10, 20, 40 (0,375), TRUE40 (0,406), SCH80 (0,500)<\/td><\/tr><tr><th>1-1\/2\u2033 IPS (1,900\u2033 O. D.)<\/th><th>IPS de 14\u2033 (14,000\u2033O. D.)<\/th><\/tr><tr><td>SCH 10, 40, 80, 160, XXH<\/td><td>SCH10 (0,188), SCH40 (0,375)<\/td><\/tr><tr><th>IPS de 2\u2033 (2,375\u2033 de di\u00e2metro externo)<\/th><th>16\u2033 IPS (16,000\u2033 O. D.)<\/th><\/tr><tr><td>SCH 10, 40, 80, 160, XXH<\/td><td>SCH10 (0,188), SCH40 (0,375)<\/td><\/tr><tr><th>2 1\/2\u2033 IPS (2,875\u2033 O. D.)<\/th><th>18\u2033 IPS (18,000\u2033O. D.)<\/th><\/tr><tr><td>SCH 10, 40, 80, 160, XXH<\/td><td>SCH-40 (0,375)<\/td><\/tr><tr><th>3\u2033 IPS (3,500\u2033 O. D.)<\/th><th>\u00a0<\/th><\/tr><tr><td>SCH 5, 10, 40, 80, 160, XXH<\/td><td>\u00a0<\/td><\/tr><\/tbody><\/table>\t\t\t\t\t\t\t\t<\/div>\n\t\t\t\t<\/div>\n\t\t\t\t\t<\/div>\n\t\t\t\t<\/div>\n\t\t<div class=\"elementor-element elementor-element-f508524 e-flex e-con-boxed e-con e-parent\" data-id=\"f508524\" data-element_type=\"container\" data-e-type=\"container\">\n\t\t\t\t\t<div class=\"e-con-inner\">\n\t\t\t\t<div class=\"elementor-element elementor-element-a679e6d elementor-widget elementor-widget-heading\" data-id=\"a679e6d\" data-element_type=\"widget\" data-e-type=\"widget\" data-widget_type=\"heading.default\">\n\t\t\t\t<div class=\"elementor-widget-container\">\n\t\t\t\t\t<h2 class=\"elementor-heading-title elementor-size-default\">Caracter\u00edsticas do a\u00e7o inoxid\u00e1vel 304<\/h2>\t\t\t\t<\/div>\n\t\t\t\t<\/div>\n\t\t\t\t<div class=\"elementor-element elementor-element-eba5e9a elementor-widget elementor-widget-text-editor\" data-id=\"eba5e9a\" data-element_type=\"widget\" data-e-type=\"widget\" data-widget_type=\"text-editor.default\">\n\t\t\t\t<div class=\"elementor-widget-container\">\n\t\t\t\t\t\t\t\t\t<p><b>1. Excelente resist\u00eancia \u00e0 corros\u00e3o<\/b><\/p><p>O teor de Cr 18% forma uma pel\u00edcula de \u00f3xido passivo que resiste \u00e0 ferrugem e aos \u00e1cidos fracos, proporcionando excelente resist\u00eancia \u00e0 corros\u00e3o em ambientes atmosf\u00e9ricos, \u00e1gua doce e muitos ambientes qu\u00edmicos.<\/p><p><b>2. Alta resist\u00eancia e durabilidade<\/b><\/p><p>Elevada resist\u00eancia mec\u00e2nica para suportar press\u00f5es e temperaturas moderadas, garantindo um funcionamento est\u00e1vel a longo prazo.<\/p><p><b>3. Personaliza\u00e7\u00e3o flex\u00edvel<\/b><\/p><p>Est\u00e1 dispon\u00edvel uma ampla gama de tamanhos, materiais e op\u00e7\u00f5es de acabamento de superf\u00edcie para atender a diferentes requisitos de projeto.<\/p><p><b>4. F\u00e1cil manuten\u00e7\u00e3o<\/b><\/p><p>As superf\u00edcies lisas s\u00e3o menos propensas ao ac\u00famulo de sujeira, f\u00e1ceis de limpar e manter, reduzindo os custos operacionais.<\/p><p><b>5. Custo-benef\u00edcio<br \/><\/b><br \/>Em compara\u00e7\u00e3o com os tubos sem costura, os tubos soldados s\u00e3o mais baratos de produzir, tornando-os ideais para compras a granel.<\/p><p><b>6. Ambientalmente sustent\u00e1vel<\/b><\/p><p>100% recicl\u00e1vel, em conformidade com as normas da ind\u00fastria ecol\u00f3gica.<\/p>\t\t\t\t\t\t\t\t<\/div>\n\t\t\t\t<\/div>\n\t\t\t\t\t<\/div>\n\t\t\t\t<\/div>\n\t\t<div class=\"elementor-element elementor-element-ab25134 e-flex e-con-boxed e-con e-parent\" data-id=\"ab25134\" data-element_type=\"container\" data-e-type=\"container\">\n\t\t\t\t\t<div class=\"e-con-inner\">\n\t\t\t\t<div class=\"elementor-element elementor-element-ef7ba0c elementor-widget elementor-widget-heading\" data-id=\"ef7ba0c\" data-element_type=\"widget\" data-e-type=\"widget\" data-widget_type=\"heading.default\">\n\t\t\t\t<div class=\"elementor-widget-container\">\n\t\t\t\t\t<h2 class=\"elementor-heading-title elementor-size-default\">Propriedades mec\u00e2nicas do a\u00e7o inoxid\u00e1vel 304\n<\/h2>\t\t\t\t<\/div>\n\t\t\t\t<\/div>\n\t\t\t\t<div class=\"elementor-element elementor-element-eae2d48 elementor-widget elementor-widget-text-editor\" data-id=\"eae2d48\" data-element_type=\"widget\" data-e-type=\"widget\" data-widget_type=\"text-editor.default\">\n\t\t\t\t<div class=\"elementor-widget-container\">\n\t\t\t\t\t\t\t\t\t<p>Resist\u00eancia \u00e0 tra\u00e7\u00e3o: \u226575 ksi (\u2248515 MPa) (tubo 304 recozido t\u00edpico).<\/p><p>Resist\u00eancia ao escoamento: \u226530 ksi (\u2248205 MPa) Alongamento: \u226528% (em calibre de 2\u2033), indicando alta ductilidade.<\/p><p>Dureza: 188 HB (m\u00e1x.) t\u00edpica; endurecida por deforma\u00e7\u00e3o se dobrada ou soldada.<br \/><br \/>Temperatura: Excelente resist\u00eancia a temperaturas elevadas. O a\u00e7o inoxid\u00e1vel 304 mant\u00e9m as suas propriedades a altas temperaturas de servi\u00e7o (at\u00e9 ~870 \u00b0C cont\u00ednuas, ~925 \u00b0C intermitentes). Tamb\u00e9m permanece resistente a temperaturas criog\u00e9nicas.<\/p>\t\t\t\t\t\t\t\t<\/div>\n\t\t\t\t<\/div>\n\t\t\t\t\t<\/div>\n\t\t\t\t<\/div>\n\t\t<div class=\"elementor-element elementor-element-fdc6cce e-flex e-con-boxed e-con e-parent\" data-id=\"fdc6cce\" data-element_type=\"container\" data-e-type=\"container\">\n\t\t\t\t\t<div class=\"e-con-inner\">\n\t\t\t\t<div class=\"elementor-element elementor-element-69519b2 elementor-widget elementor-widget-heading\" data-id=\"69519b2\" data-element_type=\"widget\" data-e-type=\"widget\" data-widget_type=\"heading.default\">\n\t\t\t\t<div class=\"elementor-widget-container\">\n\t\t\t\t\t<h2 class=\"elementor-heading-title elementor-size-default\">Aplica\u00e7\u00e3o de tubos soldados 304<\/h2>\t\t\t\t<\/div>\n\t\t\t\t<\/div>\n\t\t\t\t<div class=\"elementor-element elementor-element-82b2b7b elementor-widget elementor-widget-text-editor\" data-id=\"82b2b7b\" data-element_type=\"widget\" data-e-type=\"widget\" data-widget_type=\"text-editor.default\">\n\t\t\t\t<div class=\"elementor-widget-container\">\n\t\t\t\t\t\t\t\t\t<p>Devido \u00e0 sua resist\u00eancia \u00e0 corros\u00e3o e propriedades mec\u00e2nicas, os tubos soldados de a\u00e7o inoxid\u00e1vel 304 s\u00e3o amplamente utilizados nos seguintes campos:<\/p><ul><li>Tubagem industrial: para transporte de l\u00edquidos, gases e part\u00edculas s\u00f3lidas, especialmente nas ind\u00fastrias qu\u00edmica, petrol\u00edfera e de g\u00e1s.<\/li><li>Ind\u00fastria da constru\u00e7\u00e3o: utilizado em corrim\u00e3os de escadas, tubos decorativos e outras pe\u00e7as estruturais.<\/li><li>Processamento de alimentos: devido \u00e0s suas propriedades n\u00e3o t\u00f3xicas e inofensivas, \u00e9 comumente utilizado na fabrica\u00e7\u00e3o de m\u00e1quinas e equipamentos para alimentos.<\/li><li>Dispositivos m\u00e9dicos: Utilizado em dispositivos m\u00e9dicos e equipamentos cir\u00fargicos devido \u00e0s suas propriedades antimicrobianas.<\/li><li>Decora\u00e7\u00e3o de interiores: utilizado em mobili\u00e1rio, equipamento sanit\u00e1rio, etc.<\/li><\/ul>\t\t\t\t\t\t\t\t<\/div>\n\t\t\t\t<\/div>\n\t\t\t\t\t<\/div>\n\t\t\t\t<\/div>\n\t\t<div class=\"elementor-element elementor-element-d001204 e-flex e-con-boxed e-con e-parent\" data-id=\"d001204\" data-element_type=\"container\" data-e-type=\"container\">\n\t\t\t\t\t<div class=\"e-con-inner\">\n\t\t\t\t<div class=\"elementor-element elementor-element-93c87f4 elementor-widget elementor-widget-heading\" data-id=\"93c87f4\" data-element_type=\"widget\" data-e-type=\"widget\" data-widget_type=\"heading.default\">\n\t\t\t\t<div class=\"elementor-widget-container\">\n\t\t\t\t\t<h2 class=\"elementor-heading-title elementor-size-default\">Tubo soldado 304 em compara\u00e7\u00e3o com tubo sem costura<\/h2>\t\t\t\t<\/div>\n\t\t\t\t<\/div>\n\t\t\t\t<div class=\"elementor-element elementor-element-82c0343 elementor-widget elementor-widget-text-editor\" data-id=\"82c0343\" data-element_type=\"widget\" data-e-type=\"widget\" data-widget_type=\"text-editor.default\">\n\t\t\t\t<div class=\"elementor-widget-container\">\n\t\t\t\t\t\t\t\t\t<p>O tubo soldado 304 \u00e9 fabricado atrav\u00e9s da moldagem e soldagem de chapas ou tiras. \u00c9 mais econ\u00f3mico e est\u00e1 dispon\u00edvel em comprimentos cont\u00ednuos mais longos do que o tubo sem costura. No entanto, o tubo sem costura (trefilado a partir de tarugos) tem uma estrutura granular uniforme, sem costura de soldagem, proporcionando resist\u00eancia e capacidade de press\u00e3o ligeiramente superiores.<\/p><p>Os tubos sem costura s\u00e3o adequados para aplica\u00e7\u00f5es que exigem alta resist\u00eancia, alta press\u00e3o e alta estanqueidade, mas s\u00e3o mais caros; os tubos soldados s\u00e3o mais adequados para aplica\u00e7\u00f5es com or\u00e7amentos limitados e requisitos de baixa resist\u00eancia.<\/p>\t\t\t\t\t\t\t\t<\/div>\n\t\t\t\t<\/div>\n\t\t\t\t\t<\/div>\n\t\t\t\t<\/div>\n\t\t<div class=\"elementor-element elementor-element-5fc04a3 e-flex e-con-boxed e-con e-parent\" data-id=\"5fc04a3\" data-element_type=\"container\" data-e-type=\"container\">\n\t\t\t\t\t<div class=\"e-con-inner\">\n\t\t\t\t<div class=\"elementor-element elementor-element-bdf81db elementor-widget elementor-widget-heading\" data-id=\"bdf81db\" data-element_type=\"widget\" data-e-type=\"widget\" data-widget_type=\"heading.default\">\n\t\t\t\t<div class=\"elementor-widget-container\">\n\t\t\t\t\t<h2 class=\"elementor-heading-title elementor-size-default\">Como escolher tubos soldados em a\u00e7o inoxid\u00e1vel 304<\/h2>\t\t\t\t<\/div>\n\t\t\t\t<\/div>\n\t\t\t\t<div class=\"elementor-element elementor-element-ae4f9c2 elementor-widget elementor-widget-text-editor\" data-id=\"ae4f9c2\" data-element_type=\"widget\" data-e-type=\"widget\" data-widget_type=\"text-editor.default\">\n\t\t\t\t<div class=\"elementor-widget-container\">\n\t\t\t\t\t\t\t\t\t<p>Sugest\u00f5es: Escolha o processo e o acabamento de superf\u00edcie adequados de acordo com os requisitos do projeto. (polido para uso sanit\u00e1rio)<\/p><p>Nota: Escolha um fornecedor que cumpra as normas ASTM A312 ou EN 10217-7 para garantir a qualidade do produto.<\/p>\t\t\t\t\t\t\t\t<\/div>\n\t\t\t\t<\/div>\n\t\t\t\t\t<\/div>\n\t\t\t\t<\/div>\n\t\t\t\t<\/div>","protected":false},"excerpt":{"rendered":"<p>O a\u00e7o inoxid\u00e1vel 304 \u00e9 um a\u00e7o inoxid\u00e1vel austen\u00edtico amplamente utilizado, conhecido pela sua excecional resist\u00eancia \u00e0 corros\u00e3o, for\u00e7a e versatilidade, pode ser est\u00e1vel numa variedade de ambientes agressivos<\/p>\n<ul>\n<li>Di\u00e2metro exterior:DN6-DN600<\/li>\n<li>Espessura da parede:0,5mm-50mm<\/li>\n<li>Personaliza\u00e7\u00e3o: suporta tamanho e tratamento de superf\u00edcie espec\u00edficos<\/li>\n<\/ul>","protected":false},"featured_media":1411,"template":"","meta":{"_eb_attr":""},"product_brand":[],"product_cat":[39],"product_tag":[47,62,61],"class_list":{"0":"post-1503","1":"product","2":"type-product","3":"status-publish","4":"has-post-thumbnail","6":"product_cat-stainless-steel-welded-pipe","7":"product_tag-304-stainless-steel-pipe","8":"product_tag-304-stainless-steel-welded-pipe","9":"product_tag-welded-ss-pipe","11":"first","12":"instock","13":"shipping-taxable","14":"product-type-simple"},"_links":{"self":[{"href":"https:\/\/jblstainless.com\/pt\/wp-json\/wp\/v2\/product\/1503","targetHints":{"allow":["GET"]}}],"collection":[{"href":"https:\/\/jblstainless.com\/pt\/wp-json\/wp\/v2\/product"}],"about":[{"href":"https:\/\/jblstainless.com\/pt\/wp-json\/wp\/v2\/types\/product"}],"version-history":[{"count":9,"href":"https:\/\/jblstainless.com\/pt\/wp-json\/wp\/v2\/product\/1503\/revisions"}],"predecessor-version":[{"id":1861,"href":"https:\/\/jblstainless.com\/pt\/wp-json\/wp\/v2\/product\/1503\/revisions\/1861"}],"wp:featuredmedia":[{"embeddable":true,"href":"https:\/\/jblstainless.com\/pt\/wp-json\/wp\/v2\/media\/1411"}],"wp:attachment":[{"href":"https:\/\/jblstainless.com\/pt\/wp-json\/wp\/v2\/media?parent=1503"}],"wp:term":[{"taxonomy":"product_brand","embeddable":true,"href":"https:\/\/jblstainless.com\/pt\/wp-json\/wp\/v2\/product_brand?post=1503"},{"taxonomy":"product_cat","embeddable":true,"href":"https:\/\/jblstainless.com\/pt\/wp-json\/wp\/v2\/product_cat?post=1503"},{"taxonomy":"product_tag","embeddable":true,"href":"https:\/\/jblstainless.com\/pt\/wp-json\/wp\/v2\/product_tag?post=1503"}],"curies":[{"name":"wp","href":"https:\/\/api.w.org\/{rel}","templated":true}]}}