{"id":1688,"date":"2025-06-27T18:00:01","date_gmt":"2025-06-27T10:00:01","guid":{"rendered":"https:\/\/jblstainless.com\/?post_type=product&#038;p=1688"},"modified":"2025-07-10T16:23:54","modified_gmt":"2025-07-10T08:23:54","slug":"tubo-soldado-em-aco-inoxidavel-astm-a312","status":"publish","type":"product","link":"https:\/\/jblstainless.com\/pt\/stainless-steel-welded-pipe-astm-a312\/","title":{"rendered":"Tubo soldado de a\u00e7o inoxid\u00e1vel ASTM A312"},"content":{"rendered":"<div data-elementor-type=\"product-post\" data-elementor-id=\"1688\" class=\"elementor elementor-1688\" data-elementor-post-type=\"product\">\n\t\t\t\t<div class=\"elementor-element elementor-element-82576df e-flex e-con-boxed e-con e-parent\" data-id=\"82576df\" data-element_type=\"container\" data-e-type=\"container\">\n\t\t\t\t\t<div class=\"e-con-inner\">\n\t\t\t\t<div class=\"elementor-element elementor-element-9994632 elementor-widget elementor-widget-text-editor\" data-id=\"9994632\" data-element_type=\"widget\" data-e-type=\"widget\" data-widget_type=\"text-editor.default\">\n\t\t\t\t<div class=\"elementor-widget-container\">\n\t\t\t\t\t\t\t\t\t<p>O tubo soldado de a\u00e7o inoxid\u00e1vel ASTM A312 \u00e9 um material de tubagem concebido para ambientes com altas temperaturas e corrosivos numa ampla gama de ind\u00fastrias qu\u00edmicas, petroqu\u00edmicas, de processamento alimentar, farmac\u00eauticas e energ\u00e9ticas.A norma ASTM A312 abrange uma ampla gama de materiais de a\u00e7o inoxid\u00e1vel, incluindo 304\/304L, 316\/316L, 310S, 321, 317L e outros tipos, que apresentam excelente resist\u00eancia a altas temperaturas e corros\u00e3o, tornando-os a escolha preferida para sistemas de tubagem industrial.<\/p>\t\t\t\t\t\t\t\t<\/div>\n\t\t\t\t<\/div>\n\t\t\t\t\t<\/div>\n\t\t\t\t<\/div>\n\t\t<div class=\"elementor-element elementor-element-d10d556 e-flex e-con-boxed e-con e-parent\" data-id=\"d10d556\" data-element_type=\"container\" data-e-type=\"container\">\n\t\t\t\t\t<div class=\"e-con-inner\">\n\t\t\t\t<div class=\"elementor-element elementor-element-e1a3018 elementor-widget elementor-widget-heading\" data-id=\"e1a3018\" data-element_type=\"widget\" data-e-type=\"widget\" data-widget_type=\"heading.default\">\n\t\t\t\t<div class=\"elementor-widget-container\">\n\t\t\t\t\t<h2 class=\"elementor-heading-title elementor-size-default\">Especifica\u00e7\u00e3o padr\u00e3o ASTM A312<\/h2>\t\t\t\t<\/div>\n\t\t\t\t<\/div>\n\t\t\t\t<div class=\"elementor-element elementor-element-cc534f1 elementor-widget elementor-widget-text-editor\" data-id=\"cc534f1\" data-element_type=\"widget\" data-e-type=\"widget\" data-widget_type=\"text-editor.default\">\n\t\t\t\t<div class=\"elementor-widget-container\">\n\t\t\t\t\t\t\t\t\t<p>A ASTM A312 \u00e9 uma especifica\u00e7\u00e3o padr\u00e3o desenvolvida pela Sociedade Americana para Testes e Materiais (ASTM) para tubos de a\u00e7o inoxid\u00e1vel austen\u00edtico sem costura, soldados e trabalhados a frio. A norma \u00e9 adequada para aplica\u00e7\u00f5es em ambientes de alta temperatura e geralmente corrosivos numa ampla gama de aplica\u00e7\u00f5es qu\u00edmicas, petrol\u00edferas, de processamento de alimentos, farmac\u00eauticas, de constru\u00e7\u00e3o e outras aplica\u00e7\u00f5es industriais.<\/p><p>Os tubos de a\u00e7o inoxid\u00e1vel ASTM A312 est\u00e3o dispon\u00edveis numa ampla gama de tamanhos, com di\u00e2metros externos de 1\/8 polegada a 30 polegadas e espessuras de parede de SCH 5S a SCH XXS. Os acabamentos de superf\u00edcie desses tubos incluem recozido, decapado, polido \u00e0 m\u00e3o, polido mecanicamente e polido espelhado. Al\u00e9m disso, a norma ASTM A312 abrange os requisitos de composi\u00e7\u00e3o qu\u00edmica para uma ampla gama de classes, tais como 304, 304L, 316 e 316L, cada classe deve confirmar a composi\u00e7\u00e3o qu\u00edmica exigida de C, Mn, P, S, Si, Cr e Cr, Ni, Mo, etc.<\/p>\t\t\t\t\t\t\t\t<\/div>\n\t\t\t\t<\/div>\n\t\t\t\t<div class=\"elementor-element elementor-element-99ef5e6 elementor-widget elementor-widget-heading\" data-id=\"99ef5e6\" data-element_type=\"widget\" data-e-type=\"widget\" data-widget_type=\"heading.default\">\n\t\t\t\t<div class=\"elementor-widget-container\">\n\t\t\t\t\t<h3 class=\"elementor-heading-title elementor-size-default\">Composi\u00e7\u00e3o qu\u00edmica do a\u00e7o inoxid\u00e1vel<\/h3>\t\t\t\t<\/div>\n\t\t\t\t<\/div>\n\t\t\t\t<div class=\"elementor-element elementor-element-8f53e91 elementor-widget elementor-widget-text-editor\" data-id=\"8f53e91\" data-element_type=\"widget\" data-e-type=\"widget\" data-widget_type=\"text-editor.default\">\n\t\t\t\t<div class=\"elementor-widget-container\">\n\t\t\t\t\t\t\t\t\t<table><tbody><tr><td>Grau<\/td><td>C<\/td><td>Si<\/td><td>Mn<\/td><td>P<\/td><td>S<\/td><td>Ni<\/td><td>Cr<\/td><td>Mo<\/td><\/tr><tr><td>304<\/td><td>\u22640.08<\/td><td>\u22641.0<\/td><td>\u22642.0<\/td><td>\u22640.045<\/td><td>\u22640.03<\/td><td>8.0-11.0<\/td><td>18.0-20.0<\/td><td>\u2013<\/td><\/tr><tr><td>304L<\/td><td>\u22640.03<\/td><td>\u22641.0<\/td><td>\u22642.0<\/td><td>\u22640.035<\/td><td>\u22640.03<\/td><td>9.0-12.0<\/td><td>18.0-20.0<\/td><td>\u2013<\/td><\/tr><tr><td>316<\/td><td>\u22640.08<\/td><td>\u22641.0<\/td><td>\u22642.0<\/td><td>\u22640.045<\/td><td>\u22640.03<\/td><td>10.0-14.0<\/td><td>16.0-18.0<\/td><td>2.0-3.0<\/td><\/tr><tr><td>316L<\/td><td>\u22640.03<\/td><td>\u22641.0<\/td><td>\u22642.0<\/td><td>\u22640.045<\/td><td>\u22640.03<\/td><td>11.0-14.0<\/td><td>16.0-18.0<\/td><td>2.0-3.0<\/td><\/tr><\/tbody><\/table>\t\t\t\t\t\t\t\t<\/div>\n\t\t\t\t<\/div>\n\t\t\t\t\t<\/div>\n\t\t\t\t<\/div>\n\t\t<div class=\"elementor-element elementor-element-f406c16 e-flex e-con-boxed e-con e-parent\" data-id=\"f406c16\" data-element_type=\"container\" data-e-type=\"container\">\n\t\t\t\t\t<div class=\"e-con-inner\">\n\t\t\t\t<div class=\"elementor-element elementor-element-d585a4f elementor-widget elementor-widget-heading\" data-id=\"d585a4f\" data-element_type=\"widget\" data-e-type=\"widget\" data-widget_type=\"heading.default\">\n\t\t\t\t<div class=\"elementor-widget-container\">\n\t\t\t\t\t<h2 class=\"elementor-heading-title elementor-size-default\">Tubo soldado de a\u00e7o inoxid\u00e1vel ASTM A312 Especifica\u00e7\u00e3o<\/h2>\t\t\t\t<\/div>\n\t\t\t\t<\/div>\n\t\t\t\t<div class=\"elementor-element elementor-element-e0c09c5 elementor-widget elementor-widget-text-editor\" data-id=\"e0c09c5\" data-element_type=\"widget\" data-e-type=\"widget\" data-widget_type=\"text-editor.default\">\n\t\t\t\t<div class=\"elementor-widget-container\">\n\t\t\t\t\t\t\t\t\t<p><b>Classifica\u00e7\u00e3o do material:<br \/><\/b>TP304\/304L, TP316\/316L (graus gerais resistentes \u00e0 corros\u00e3o)<\/p><p>TP321, TP316Ti (resist\u00eancia \u00e0 deforma\u00e7\u00e3o por alta temperatura)<\/p><p>Outros: TP309S, TP310S, Duplex (UNS S32205), etc.<\/p><p><b>Gama de tamanhos<br \/><\/b>Di\u00e2metro externo: 1\/8\u201d (10,3 mm) \u2013 36\u201d (914 mm)<\/p><p>Espessura da parede: SCH 5S \u2014 SCH XXS<\/p><p>Comprimento: 20 p\u00e9s, 40 p\u00e9s, comprimento aleat\u00f3rio simples, comprimento aleat\u00f3rio duplo e personalizado<\/p><p><b>Toler\u00e2ncias<br \/><\/b>Di\u00e2metro externo: \u00b11,64 mm para tubos \u2264NPS 1,5 polegadas, \u00b11,51 TP3T para tubos \u2265NPS 2 polegadas<\/p><p>Espessura da parede: Espessura m\u00ednima da parede n\u00e3o inferior a 87,51 TP3T do valor nominal.<\/p><p><b>Acabamento da superf\u00edcie<\/b><\/p><p>Acabamentos 2B recozido brilhante, n.\u00ba 1 (laminado a quente), polido (espelho) ou decapado est\u00e3o dispon\u00edveis para resist\u00eancia \u00e0 corros\u00e3o.<\/p>\t\t\t\t\t\t\t\t<\/div>\n\t\t\t\t<\/div>\n\t\t\t\t<div class=\"elementor-element elementor-element-f0018a8 elementor-widget elementor-widget-image\" data-id=\"f0018a8\" data-element_type=\"widget\" data-e-type=\"widget\" data-widget_type=\"image.default\">\n\t\t\t\t<div class=\"elementor-widget-container\">\n\t\t\t\t\t\t\t\t\t\t\t\t\t\t\t<img fetchpriority=\"high\" decoding=\"async\" width=\"750\" height=\"326\" src=\"https:\/\/jblstainless.com\/wp-content\/uploads\/2025\/02\/ss-pipe.webp\" class=\"attachment-large size-large wp-image-1047\" alt=\"tubo soldado de a\u00e7o inoxid\u00e1vel ASTM A312\" srcset=\"https:\/\/jblstainless.com\/wp-content\/uploads\/2025\/02\/ss-pipe.webp 750w, https:\/\/jblstainless.com\/wp-content\/uploads\/2025\/02\/ss-pipe-300x130.webp 300w, https:\/\/jblstainless.com\/wp-content\/uploads\/2025\/02\/ss-pipe-18x8.webp 18w, https:\/\/jblstainless.com\/wp-content\/uploads\/2025\/02\/ss-pipe-600x261.webp 600w\" sizes=\"(max-width: 750px) 100vw, 750px\" \/>\t\t\t\t\t\t\t\t\t\t\t\t\t\t\t<\/div>\n\t\t\t\t<\/div>\n\t\t\t\t\t<\/div>\n\t\t\t\t<\/div>\n\t\t<div class=\"elementor-element elementor-element-3cf4ac3 e-flex e-con-boxed e-con e-parent\" data-id=\"3cf4ac3\" data-element_type=\"container\" data-e-type=\"container\">\n\t\t\t\t\t<div class=\"e-con-inner\">\n\t\t\t\t<div class=\"elementor-element elementor-element-0343700 elementor-widget elementor-widget-heading\" data-id=\"0343700\" data-element_type=\"widget\" data-e-type=\"widget\" data-widget_type=\"heading.default\">\n\t\t\t\t<div class=\"elementor-widget-container\">\n\t\t\t\t\t<h3 class=\"elementor-heading-title elementor-size-default\">Processo de fabrico<\/h3>\t\t\t\t<\/div>\n\t\t\t\t<\/div>\n\t\t\t\t<div class=\"elementor-element elementor-element-b3a4971 elementor-widget elementor-widget-text-editor\" data-id=\"b3a4971\" data-element_type=\"widget\" data-e-type=\"widget\" data-widget_type=\"text-editor.default\">\n\t\t\t\t<div class=\"elementor-widget-container\">\n\t\t\t\t\t\t\t\t\t<p>A produ\u00e7\u00e3o de tubos de a\u00e7o inoxid\u00e1vel ASTM A312 envolve uma variedade de processos, tais como tubos sem costura, que s\u00e3o formados por extrus\u00e3o ou perfura\u00e7\u00e3o, e tubos soldados, que s\u00e3o fabricados atrav\u00e9s da soldagem de chapas ou bobinas de a\u00e7o inoxid\u00e1vel.<\/p><p>O tubo ASTM A312 abrange os seguintes tipos de fabrico (incluindo acabamento a quente ou acabamento a frio):<\/p><p><b>1. Tubo de a\u00e7o sem costura:<\/b>\u00a0<\/p><p>Fabricado por processo de extrus\u00e3o ou perfura\u00e7\u00e3o.<\/p><p><b>2. Tubo de a\u00e7o soldado:<\/b><\/p><p><b><\/b>Fabricado por soldagem de chapas ou bobinas de a\u00e7o inoxid\u00e1vel. Normalmente feito por m\u00e9todos como soldagem TIG (g\u00e1s inerte de tungst\u00e9nio), soldagem MIG (g\u00e1s inerte met\u00e1lico) ou soldagem a arco manual, e pode exigir pr\u00e9-aquecimento e tratamento t\u00e9rmico p\u00f3s-soldagem para evitar sensibiliza\u00e7\u00e3o e garantir resist\u00eancia \u00e0 corros\u00e3o.<\/p><p>Requisitos:<\/p><ul><li>Tratamento t\u00e9rmico p\u00f3s-soldagem: Previne a sensibiliza\u00e7\u00e3o (precipita\u00e7\u00e3o de carboneto) na \u00e1rea soldada para garantir resist\u00eancia \u00e0 corros\u00e3o.<\/li><li>Soldagem sem metais de adi\u00e7\u00e3o: Algumas especifica\u00e7\u00f5es permitem a soldagem direta sem a adi\u00e7\u00e3o de metais de adi\u00e7\u00e3o (por exemplo, tubos de parede fina).<\/li><\/ul><div>\u00a0<\/div><div><b>3. Tubos de a\u00e7o trabalhados a frio:\u00a0<br \/><\/b>fabricado por processo de trabalho a frio, com elevada resist\u00eancia e dureza.<\/div>\t\t\t\t\t\t\t\t<\/div>\n\t\t\t\t<\/div>\n\t\t<div class=\"elementor-element elementor-element-757bbcd e-con-full e-flex e-con e-child\" data-id=\"757bbcd\" data-element_type=\"container\" data-e-type=\"container\">\n\t\t\t\t<div class=\"elementor-element elementor-element-b78a432 elementor-widget elementor-widget-image\" data-id=\"b78a432\" data-element_type=\"widget\" data-e-type=\"widget\" data-widget_type=\"image.default\">\n\t\t\t\t<div class=\"elementor-widget-container\">\n\t\t\t\t\t\t\t\t\t\t\t\t\t\t\t<img decoding=\"async\" width=\"800\" height=\"716\" src=\"https:\/\/jblstainless.com\/wp-content\/uploads\/2025\/06\/stainless-steel-welded-pipe-production.webp\" class=\"attachment-large size-large wp-image-1681\" alt=\"processo de produ\u00e7\u00e3o de tubos soldados de a\u00e7o inoxid\u00e1vel\" srcset=\"https:\/\/jblstainless.com\/wp-content\/uploads\/2025\/06\/stainless-steel-welded-pipe-production.webp 1023w, https:\/\/jblstainless.com\/wp-content\/uploads\/2025\/06\/stainless-steel-welded-pipe-production-300x268.webp 300w, https:\/\/jblstainless.com\/wp-content\/uploads\/2025\/06\/stainless-steel-welded-pipe-production-768x687.webp 768w, https:\/\/jblstainless.com\/wp-content\/uploads\/2025\/06\/stainless-steel-welded-pipe-production-13x12.webp 13w, https:\/\/jblstainless.com\/wp-content\/uploads\/2025\/06\/stainless-steel-welded-pipe-production-600x537.webp 600w\" sizes=\"(max-width: 800px) 100vw, 800px\" \/>\t\t\t\t\t\t\t\t\t\t\t\t\t\t\t<\/div>\n\t\t\t\t<\/div>\n\t\t\t\t<\/div>\n\t\t\t\t\t<\/div>\n\t\t\t\t<\/div>\n\t\t<div class=\"elementor-element elementor-element-7ae0e68 e-flex e-con-boxed e-con e-parent\" data-id=\"7ae0e68\" data-element_type=\"container\" data-e-type=\"container\">\n\t\t\t\t\t<div class=\"e-con-inner\">\n\t\t\t\t<div class=\"elementor-element elementor-element-f7d50c2 elementor-widget elementor-widget-heading\" data-id=\"f7d50c2\" data-element_type=\"widget\" data-e-type=\"widget\" data-widget_type=\"heading.default\">\n\t\t\t\t<div class=\"elementor-widget-container\">\n\t\t\t\t\t<h3 class=\"elementor-heading-title elementor-size-default\">Testes de propriedades mec\u00e2nicas<\/h3>\t\t\t\t<\/div>\n\t\t\t\t<\/div>\n\t\t\t\t<div class=\"elementor-element elementor-element-10b00b3 elementor-widget elementor-widget-text-editor\" data-id=\"10b00b3\" data-element_type=\"widget\" data-e-type=\"widget\" data-widget_type=\"text-editor.default\">\n\t\t\t\t<div class=\"elementor-widget-container\">\n\t\t\t\t\t\t\t\t\t<p>Testes mec\u00e2nicos, incluindo teste de tra\u00e7\u00e3o, teste de achatamento e teste n\u00e3o destrutivo.<\/p><p><b>Teste de tra\u00e7\u00e3o\u00a0<\/b><br \/>Tomemos como exemplo o a\u00e7o inoxid\u00e1vel 304, com resist\u00eancia \u00e0 tra\u00e7\u00e3o \u2265 515 MPa e resist\u00eancia ao escoamento \u2265 205 MPa.<\/p><p><b>Teste de achatamento ou teste hidrost\u00e1tico\u00a0<\/b><\/p><p>press\u00e3o m\u00ednima 17-19 MPa<\/p><p><b>El\u00e9trica n\u00e3o destrutiva (NDE)\u00a0<\/b><\/p><p>teste ultrass\u00f3nico, teste de correntes parasitas em vez de teste hidrost\u00e1tico<\/p>\t\t\t\t\t\t\t\t<\/div>\n\t\t\t\t<\/div>\n\t\t\t\t\t<\/div>\n\t\t\t\t<\/div>\n\t\t<div class=\"elementor-element elementor-element-c2420eb e-flex e-con-boxed e-con e-parent\" data-id=\"c2420eb\" data-element_type=\"container\" data-e-type=\"container\">\n\t\t\t\t\t<div class=\"e-con-inner\">\n\t\t\t\t<div class=\"elementor-element elementor-element-99afe3b elementor-widget elementor-widget-heading\" data-id=\"99afe3b\" data-element_type=\"widget\" data-e-type=\"widget\" data-widget_type=\"heading.default\">\n\t\t\t\t<div class=\"elementor-widget-container\">\n\t\t\t\t\t<h3 class=\"elementor-heading-title elementor-size-default\">Material de grau comum do tubo A312<\/h3>\t\t\t\t<\/div>\n\t\t\t\t<\/div>\n\t\t\t\t<div class=\"elementor-element elementor-element-d5c8f71 elementor-widget elementor-widget-text-editor\" data-id=\"d5c8f71\" data-element_type=\"widget\" data-e-type=\"widget\" data-widget_type=\"text-editor.default\">\n\t\t\t\t<div class=\"elementor-widget-container\">\n\t\t\t\t\t\t\t\t\t<p>A norma ASTM A312 abrange uma ampla gama de tipos de materiais de a\u00e7o inoxid\u00e1vel, incluindo:<\/p><p><a href=\"https:\/\/jblstainless.com\/pt\/tubo-soldado-de-aco-inoxidavel-304\/\"><u><b>304\/304L:<br \/><\/b><\/u><\/a>Os a\u00e7os inoxid\u00e1veis austen\u00edticos de uso geral, com boa resist\u00eancia \u00e0 corros\u00e3o e usinabilidade, s\u00e3o os mais vers\u00e1teis e mais comumente usados, tamb\u00e9m conhecidos como a\u00e7o inoxid\u00e1vel \u201c18\/8\u201d, porque a composi\u00e7\u00e3o do a\u00e7o \u00e9 18% de cr\u00f3mio e 8% de n\u00edquel.<\/p><p><a href=\"https:\/\/jblstainless.com\/pt\/tubo-de-aco-inoxidavel-316\/\"><span style=\"text-decoration: underline;\"><b>316\/316L:<br \/><\/b><\/span><\/a>A\u00e7os inoxid\u00e1veis austen\u00edticos com molibd\u00e9nio, com excelente resist\u00eancia \u00e0 corros\u00e3o e desempenho em altas temperaturas. Em compara\u00e7\u00e3o com o 304, o 316 resiste muito melhor a cloretos e \u00e1cidos, tornando-o ideal para ambientes agressivos.<\/p><div><p><b>316Ti:<br \/><\/b>A\u00e7o inoxid\u00e1vel austen\u00edtico contendo tit\u00e2nio com excelente resist\u00eancia \u00e0 corros\u00e3o e propriedades de alta temperatura.<\/p><p><b>321:<br \/><\/b>A\u00e7o inoxid\u00e1vel austen\u00edtico contendo tit\u00e2nio ou ni\u00f3bio, com resist\u00eancia a altas temperaturas e boa resist\u00eancia \u00e0 oxida\u00e7\u00e3o.<\/p><p><b>347:<br \/><\/b>A\u00e7o inoxid\u00e1vel austen\u00edtico contendo ni\u00f3bio, com excelente resist\u00eancia a altas temperaturas e resist\u00eancia \u00e0 corros\u00e3o intergranular.<\/p><\/div>\t\t\t\t\t\t\t\t<\/div>\n\t\t\t\t<\/div>\n\t\t\t\t\t<\/div>\n\t\t\t\t<\/div>\n\t\t<div class=\"elementor-element elementor-element-807a961 e-flex e-con-boxed e-con e-parent\" data-id=\"807a961\" data-element_type=\"container\" data-e-type=\"container\">\n\t\t\t\t\t<div class=\"e-con-inner\">\n\t\t\t\t<div class=\"elementor-element elementor-element-cf3bbc9 elementor-widget elementor-widget-heading\" data-id=\"cf3bbc9\" data-element_type=\"widget\" data-e-type=\"widget\" data-widget_type=\"heading.default\">\n\t\t\t\t<div class=\"elementor-widget-container\">\n\t\t\t\t\t<h2 class=\"elementor-heading-title elementor-size-default\">Tubo soldado em a\u00e7o inoxid\u00e1vel ASTM A312 Aplica\u00e7\u00e3o<\/h2>\t\t\t\t<\/div>\n\t\t\t\t<\/div>\n\t\t\t\t<div class=\"elementor-element elementor-element-b99a594 elementor-widget elementor-widget-text-editor\" data-id=\"b99a594\" data-element_type=\"widget\" data-e-type=\"widget\" data-widget_type=\"text-editor.default\">\n\t\t\t\t<div class=\"elementor-widget-container\">\n\t\t\t\t\t\t\t\t\t<p><b>1. Ind\u00fastria qu\u00edmica:<\/b><\/p><p>Para o transporte de produtos qu\u00edmicos corrosivos e para garantir que os sistemas de tubagem sejam seguros e n\u00e3o apresentem fugas.<\/p><p><b style=\"font-size: 1rem;\">2. Processamento de alimentos:<\/b><\/p><p>Tubagem higi\u00e9nica que cumpre rigorosas normas de higiene e garante a seguran\u00e7a alimentar.<\/p><p><b style=\"font-size: 1rem;\">3. Ind\u00fastria energ\u00e9tica:<\/b><\/p><p>Mant\u00e9m a estabilidade em ambientes de alta temperatura e alta press\u00e3o, adequado para caldeiras e permutadores de calor.<\/p><p><b>4.\u00a0<span style=\"font-size: 1rem;\">Ind\u00fastria farmac\u00eautica:<\/span><\/b><\/p><p>Utilizado em ambientes ass\u00e9pticos para garantir processos de produ\u00e7\u00e3o seguros e fi\u00e1veis.<\/p>\t\t\t\t\t\t\t\t<\/div>\n\t\t\t\t<\/div>\n\t\t\t\t\t<\/div>\n\t\t\t\t<\/div>\n\t\t<div class=\"elementor-element elementor-element-975fff6 e-flex e-con-boxed e-con e-parent\" data-id=\"975fff6\" data-element_type=\"container\" data-e-type=\"container\">\n\t\t\t\t\t<div class=\"e-con-inner\">\n\t\t\t\t<div class=\"elementor-element elementor-element-935a61e elementor-widget elementor-widget-heading\" data-id=\"935a61e\" data-element_type=\"widget\" data-e-type=\"widget\" data-widget_type=\"heading.default\">\n\t\t\t\t<div class=\"elementor-widget-container\">\n\t\t\t\t\t<h2 class=\"elementor-heading-title elementor-size-default\">Em compara\u00e7\u00e3o com outras normas<\/h2>\t\t\t\t<\/div>\n\t\t\t\t<\/div>\n\t\t\t\t<div class=\"elementor-element elementor-element-2616fa4 elementor-widget elementor-widget-text-editor\" data-id=\"2616fa4\" data-element_type=\"widget\" data-e-type=\"widget\" data-widget_type=\"text-editor.default\">\n\t\t\t\t<div class=\"elementor-widget-container\">\n\t\t\t\t\t\t\t\t\t<p><b>ASTM A312 vs. ASTM A358:<\/b><\/p><p><b>1. ASTM A312<\/b><\/p><p>Abrange tubos de a\u00e7o inoxid\u00e1vel sem costura e soldados (sem metal de adi\u00e7\u00e3o). Os tubos s\u00e3o normalmente produzidos por extrus\u00e3o (sem costura) ou por processos de soldagem autom\u00e1tica.<\/p><p>Tubo soldado A312: principalmente soldado por unidade (alta efici\u00eancia, soldagem unilateral), com grandes toler\u00e2ncias dimensionais;<\/p><p><b style=\"font-size: 1rem;\">2. ASTM A358<\/b><\/p><p>Abrange tubos de a\u00e7o inoxid\u00e1vel austen\u00edtico soldados por eletrofus\u00e3o (EFW). A soldadura utiliza metais de adi\u00e7\u00e3o para aumentar a resist\u00eancia e torn\u00e1-los adequados para paredes mais espessas.<\/p><p>Tubo soldado A358: soldagem dupla face de placas, adequado para di\u00e2metros grandes (\u2265 DN400) e cen\u00e1rios de alta press\u00e3o.<\/p>\t\t\t\t\t\t\t\t<\/div>\n\t\t\t\t<\/div>\n\t\t\t\t<div class=\"elementor-element elementor-element-dc4713b elementor-widget elementor-widget-text-editor\" data-id=\"dc4713b\" data-element_type=\"widget\" data-e-type=\"widget\" data-widget_type=\"text-editor.default\">\n\t\t\t\t<div class=\"elementor-widget-container\">\n\t\t\t\t\t\t\t\t\t<p><b>Tubo soldado vs. tubo sem costura:<\/b><\/p><p>A resist\u00eancia dos tubos soldados \u00e9 geralmente ligeiramente inferior \u00e0 dos tubos sem costura, mas os avan\u00e7os no processo reduziram essa diferen\u00e7a, e o desempenho em ambientes corrosivos \u00e9 compar\u00e1vel, al\u00e9m de que a variedade e as especifica\u00e7\u00f5es dos tubos de a\u00e7o soldados est\u00e3o a aumentar.<\/p>\t\t\t\t\t\t\t\t<\/div>\n\t\t\t\t<\/div>\n\t\t\t\t\t<\/div>\n\t\t\t\t<\/div>\n\t\t<div class=\"elementor-element elementor-element-efceffa e-flex e-con-boxed e-con e-parent\" data-id=\"efceffa\" data-element_type=\"container\" data-e-type=\"container\">\n\t\t\t\t\t<div class=\"e-con-inner\">\n\t\t\t\t<div class=\"elementor-element elementor-element-d36ab74 elementor-widget elementor-widget-heading\" data-id=\"d36ab74\" data-element_type=\"widget\" data-e-type=\"widget\" data-widget_type=\"heading.default\">\n\t\t\t\t<div class=\"elementor-widget-container\">\n\t\t\t\t\t<h2 class=\"elementor-heading-title elementor-size-default\">Por que nos escolher<\/h2>\t\t\t\t<\/div>\n\t\t\t\t<\/div>\n\t\t\t\t<div class=\"elementor-element elementor-element-65e681c elementor-widget elementor-widget-text-editor\" data-id=\"65e681c\" data-element_type=\"widget\" data-e-type=\"widget\" data-widget_type=\"text-editor.default\">\n\t\t\t\t<div class=\"elementor-widget-container\">\n\t\t\t\t\t\t\t\t\t<p><b>Mat\u00e9ria-prima premium<br \/><\/b>Utilizamos materiais premium (TP304\/304L, TP316\/316L) para garantir excelente resist\u00eancia \u00e0 corros\u00e3o em ambientes industriais adversos. Provenientes das principais sider\u00fargicas, como TISCO e Baosteel, os nossos tubos s\u00e3o refer\u00eancia em qualidade e consist\u00eancia.<\/p>\t\t\t\t\t\t\t\t<\/div>\n\t\t\t\t<\/div>\n\t\t\t\t<div class=\"elementor-element elementor-element-e26b1d1 elementor-widget elementor-widget-text-editor\" data-id=\"e26b1d1\" data-element_type=\"widget\" data-e-type=\"widget\" data-widget_type=\"text-editor.default\">\n\t\t\t\t<div class=\"elementor-widget-container\">\n\t\t\t\t\t\t\t\t\t<p><b>Qualidade soldada<br \/><\/b>Os processos de soldagem automatizados (TIG, HF, HFI) com controlo preciso da costura garantem soldas de alta qualidade consistente.<\/p><p><b>Garantia de qualidade<\/b><\/p><p>Documenta\u00e7\u00e3o completa (certificado de material EN10204 3.1, BL, lista de embalagem, fatura) e suporte para inspe\u00e7\u00f5es de terceiros (SGS, BV, TUV) para garantir total rastreabilidade e garantia de qualidade.<\/p><p><b>Solu\u00e7\u00f5es personalizadas<\/b><\/p><p>Capacidades OEM\/ODM, preparativos finais personalizados (chanfro, rosca) e embalagens prontas para exporta\u00e7\u00e3o (pacotes, caixas de madeira) est\u00e3o dispon\u00edveis; Dispon\u00edvel em tamanhos de \u00bd\u2033 at\u00e9 48\u2033 (programas Sch5S a Sch160), tamb\u00e9m pode ser personalizado.<\/p>\t\t\t\t\t\t\t\t<\/div>\n\t\t\t\t<\/div>\n\t\t\t\t\t<\/div>\n\t\t\t\t<\/div>\n\t\t\t\t<\/div>","protected":false},"excerpt":{"rendered":"<p>Norma: ASTM A312<br \/>\nGrau de uso comum: 304\/304L; 316\/316L<br \/>\nDi\u00e2metro externo: 2 polegadas \u2014 36 polegadas<br \/>\nEspessura da parede: SCH 5S \u2014 SCH XXS<br \/>\nComprimento: 6 m, 12 m e personalizado<\/p>\n<p>A JBLSTEEL fornece tubos soldados em a\u00e7o inoxid\u00e1vel ASTM A312 em 304\/304L, 316\/316L com excelente resist\u00eancia a altas temperaturas e corros\u00e3o.<\/p>","protected":false},"featured_media":1400,"template":"","meta":{"_eb_attr":""},"product_brand":[],"product_cat":[39],"product_tag":[],"class_list":{"0":"post-1688","1":"product","2":"type-product","3":"status-publish","4":"has-post-thumbnail","6":"product_cat-stainless-steel-welded-pipe","8":"first","9":"instock","10":"shipping-taxable","11":"product-type-simple"},"_links":{"self":[{"href":"https:\/\/jblstainless.com\/pt\/wp-json\/wp\/v2\/product\/1688","targetHints":{"allow":["GET"]}}],"collection":[{"href":"https:\/\/jblstainless.com\/pt\/wp-json\/wp\/v2\/product"}],"about":[{"href":"https:\/\/jblstainless.com\/pt\/wp-json\/wp\/v2\/types\/product"}],"version-history":[{"count":12,"href":"https:\/\/jblstainless.com\/pt\/wp-json\/wp\/v2\/product\/1688\/revisions"}],"predecessor-version":[{"id":1857,"href":"https:\/\/jblstainless.com\/pt\/wp-json\/wp\/v2\/product\/1688\/revisions\/1857"}],"wp:featuredmedia":[{"embeddable":true,"href":"https:\/\/jblstainless.com\/pt\/wp-json\/wp\/v2\/media\/1400"}],"wp:attachment":[{"href":"https:\/\/jblstainless.com\/pt\/wp-json\/wp\/v2\/media?parent=1688"}],"wp:term":[{"taxonomy":"product_brand","embeddable":true,"href":"https:\/\/jblstainless.com\/pt\/wp-json\/wp\/v2\/product_brand?post=1688"},{"taxonomy":"product_cat","embeddable":true,"href":"https:\/\/jblstainless.com\/pt\/wp-json\/wp\/v2\/product_cat?post=1688"},{"taxonomy":"product_tag","embeddable":true,"href":"https:\/\/jblstainless.com\/pt\/wp-json\/wp\/v2\/product_tag?post=1688"}],"curies":[{"name":"wp","href":"https:\/\/api.w.org\/{rel}","templated":true}]}}