{"id":1716,"date":"2025-07-04T17:13:27","date_gmt":"2025-07-04T09:13:27","guid":{"rendered":"https:\/\/jblstainless.com\/?post_type=product&#038;p=1716"},"modified":"2025-07-10T15:53:09","modified_gmt":"2025-07-10T07:53:09","slug":"chapa-de-aco-inoxidavel-316l","status":"publish","type":"product","link":"https:\/\/jblstainless.com\/pt\/316l-stainless-steel-plate\/","title":{"rendered":"Chapa de a\u00e7o inoxid\u00e1vel 316L"},"content":{"rendered":"<div data-elementor-type=\"product-post\" data-elementor-id=\"1716\" class=\"elementor elementor-1716\" data-elementor-post-type=\"product\">\n\t\t\t\t<div class=\"elementor-element elementor-element-b83957a e-con-full e-flex e-con e-parent\" data-id=\"b83957a\" data-element_type=\"container\" data-e-type=\"container\">\n\t\t\t\t<div class=\"elementor-element elementor-element-e0a3f55 elementor-widget elementor-widget-text-editor\" data-id=\"e0a3f55\" data-element_type=\"widget\" data-e-type=\"widget\" data-widget_type=\"text-editor.default\">\n\t\t\t\t<div class=\"elementor-widget-container\">\n\t\t\t\t\t\t\t\t\t<p>A chapa de a\u00e7o inoxid\u00e1vel 316L \u00e9 um material de a\u00e7o inoxid\u00e1vel com excelente desempenho e carater\u00edsticas, \u00e9 a vers\u00e3o de baixo teor de carbono do a\u00e7o austen\u00edtico <a href=\"https:\/\/jblstainless.com\/pt\/tubo-de-aco-inoxidavel-316\/\"><span style=\"text-decoration: underline;\">a\u00e7o inoxid\u00e1vel 316<\/span><\/a>onde L representa o baixo teor de carbono, o teor m\u00e1ximo de carbono de 0,03%, os principais componentes de cr\u00f3mio (16-18%), n\u00edquel (10-14%), molibd\u00e9nio (2-3%), e cont\u00e9m uma pequena quantidade de mangan\u00eas, sil\u00edcio e outros elementos.<\/p><p>O baixo teor de carbono torna-o menos propenso \u00e0 precipita\u00e7\u00e3o de carbonetos em ambientes de soldadura ou de alta temperatura, para manter a resist\u00eancia \u00e0 corros\u00e3o. Em compara\u00e7\u00e3o com o a\u00e7o inoxid\u00e1vel 304, a adi\u00e7\u00e3o de molibd\u00e9nio no 316L aumenta drasticamente a sua resist\u00eancia \u00e0 corros\u00e3o por pite e em fendas na \u00e1gua do mar e em condi\u00e7\u00f5es \u00e1cidas.<\/p>\t\t\t\t\t\t\t\t<\/div>\n\t\t\t\t<\/div>\n\t\t\t\t<\/div>\n\t\t<div class=\"elementor-element elementor-element-4fa2a28 e-con-full e-flex e-con e-parent\" data-id=\"4fa2a28\" data-element_type=\"container\" data-e-type=\"container\">\n\t\t\t\t<div class=\"elementor-element elementor-element-4043902 elementor-widget elementor-widget-text-editor\" data-id=\"4043902\" data-element_type=\"widget\" data-e-type=\"widget\" data-widget_type=\"text-editor.default\">\n\t\t\t\t<div class=\"elementor-widget-container\">\n\t\t\t\t\t\t\t\t\t<p>Esta liga com baixo teor de carbono e enriquecida com molibd\u00e9nio oferece uma resist\u00eancia excecional \u00e0 corros\u00e3o, o que a torna ideal para ambientes agressivos, como f\u00e1bricas de produtos qu\u00edmicos, ambientes mar\u00edtimos e instala\u00e7\u00f5es de processamento de alimentos:<\/p>\n<p><\/p>\t\t\t\t\t\t\t\t<\/div>\n\t\t\t\t<\/div>\n\t\t\t\t<\/div>\n\t\t<div class=\"elementor-element elementor-element-787314f e-con-full e-flex e-con e-parent\" data-id=\"787314f\" data-element_type=\"container\" data-e-type=\"container\">\n\t\t<div class=\"elementor-element elementor-element-3f32661 e-con-full e-flex e-con e-child\" data-id=\"3f32661\" data-element_type=\"container\" data-e-type=\"container\">\n\t\t\t\t<div class=\"elementor-element elementor-element-2d10b1a elementor-widget elementor-widget-text-editor\" data-id=\"2d10b1a\" data-element_type=\"widget\" data-e-type=\"widget\" data-widget_type=\"text-editor.default\">\n\t\t\t\t<div class=\"elementor-widget-container\">\n\t\t\t\t\t\t\t\t\t<p><b>Excelente resist\u00eancia \u00e0 corros\u00e3o<\/b><\/p>\n<p>A chapa de a\u00e7o inoxid\u00e1vel 316L tem uma excelente resist\u00eancia \u00e0 corros\u00e3o, o elevado teor de cr\u00f3mio e molibd\u00e9nio proporciona uma excelente resist\u00eancia \u00e0 corros\u00e3o geral e \u00e0 corros\u00e3o provocada pela \u00e1gua do mar, o que reduz a necessidade de manuten\u00e7\u00e3o e prolonga a vida \u00fatil do equipamento, mesmo em ambientes agressivos.<\/p>\t\t\t\t\t\t\t\t<\/div>\n\t\t\t\t<\/div>\n\t\t\t\t<\/div>\n\t\t<div class=\"elementor-element elementor-element-cc17ef1 e-con-full e-flex e-con e-child\" data-id=\"cc17ef1\" data-element_type=\"container\" data-e-type=\"container\">\n\t\t\t\t<div class=\"elementor-element elementor-element-10d44b7 elementor-widget elementor-widget-text-editor\" data-id=\"10d44b7\" data-element_type=\"widget\" data-e-type=\"widget\" data-widget_type=\"text-editor.default\">\n\t\t\t\t<div class=\"elementor-widget-container\">\n\t\t\t\t\t\t\t\t\t<p><b>Resist\u00eancia \u00e0 corros\u00e3o por cloretos<\/b><\/p><p>O a\u00e7o inoxid\u00e1vel 316L tem uma excelente resist\u00eancia \u00e0 corros\u00e3o, a adi\u00e7\u00e3o de molibd\u00e9nio melhora significativamente a resist\u00eancia aos cloretos (por exemplo, \u00e1gua do mar, salmoura), aos meios \u00e1cidos (\u00e1cido sulf\u00farico, \u00e1cido fosf\u00f3rico, etc.) e \u00e0s atmosferas industriais, e \u00e9 particularmente bom a resistir \u00e0 corros\u00e3o por picadas e em fendas.<\/p>\t\t\t\t\t\t\t\t<\/div>\n\t\t\t\t<\/div>\n\t\t\t\t<\/div>\n\t\t<div class=\"elementor-element elementor-element-a277c2a e-con-full e-flex e-con e-child\" data-id=\"a277c2a\" data-element_type=\"container\" data-e-type=\"container\">\n\t\t\t\t<div class=\"elementor-element elementor-element-b8cf306 elementor-widget elementor-widget-text-editor\" data-id=\"b8cf306\" data-element_type=\"widget\" data-e-type=\"widget\" data-widget_type=\"text-editor.default\">\n\t\t\t\t<div class=\"elementor-widget-container\">\n\t\t\t\t\t\t\t\t\t<p><b>Resist\u00eancia ao calor<\/b><\/p><p>excelente resist\u00eancia \u00e0 oxida\u00e7\u00e3o quando utilizada intermitentemente abaixo de 871\u00b0C (1600\u00b0F) ou continuamente abaixo de 927\u00b0C (1700\u00b0F); mas \u00e9 necess\u00e1rio evitar a utiliza\u00e7\u00e3o cont\u00ednua no intervalo 427-857\u00b0C (800-1575\u00b0F). A chapa de a\u00e7o inoxid\u00e1vel 316L ainda mant\u00e9m uma boa resist\u00eancia \u00e0 corros\u00e3o e for\u00e7a em condi\u00e7\u00f5es de alta temperatura, adequada para processos e equipamentos de alta temperatura.<\/p>\t\t\t\t\t\t\t\t<\/div>\n\t\t\t\t<\/div>\n\t\t\t\t<\/div>\n\t\t<div class=\"elementor-element elementor-element-ab2d858 e-con-full e-flex e-con e-child\" data-id=\"ab2d858\" data-element_type=\"container\" data-e-type=\"container\">\n\t\t\t\t<div class=\"elementor-element elementor-element-e967883 elementor-widget elementor-widget-text-editor\" data-id=\"e967883\" data-element_type=\"widget\" data-e-type=\"widget\" data-widget_type=\"text-editor.default\">\n\t\t\t\t<div class=\"elementor-widget-container\">\n\t\t\t\t\t\t\t\t\t<p><b>Soldabilidade<\/b><\/p><p>A chapa de a\u00e7o inoxid\u00e1vel 316L tem boa plasticidade e maleabilidade, \u00e9 f\u00e1cil de processar e moldar e pode ser utilizada para fabricar formas complexas. As propriedades de baixo carbono tornam quase imposs\u00edvel a precipita\u00e7\u00e3o de carbonetos na soldadura, garantindo assim a resist\u00eancia \u00e0 corros\u00e3o nas juntas soldadas.<\/p>\t\t\t\t\t\t\t\t<\/div>\n\t\t\t\t<\/div>\n\t\t\t\t<\/div>\n\t\t<div class=\"elementor-element elementor-element-e8ffb5c e-con-full e-flex e-con e-child\" data-id=\"e8ffb5c\" data-element_type=\"container\" data-e-type=\"container\">\n\t\t\t\t<div class=\"elementor-element elementor-element-97f8694 elementor-widget elementor-widget-text-editor\" data-id=\"97f8694\" data-element_type=\"widget\" data-e-type=\"widget\" data-widget_type=\"text-editor.default\">\n\t\t\t\t<div class=\"elementor-widget-container\">\n\t\t\t\t\t\t\t\t\t<p><b>Propriedades mec\u00e2nicas\u00a0<\/b><\/p><p>em compara\u00e7\u00e3o com alguns outros a\u00e7os inoxid\u00e1veis, o 316L n\u00e3o \u00e9 magn\u00e9tico no estado recozido (pode ser ligeiramente magn\u00e9tico ap\u00f3s o trabalho a frio), com resist\u00eancia \u00e0 tra\u00e7\u00e3o \u2265 70 ksi, resist\u00eancia ao escoamento \u2265 25 ksi e alongamento \u2265 40%<\/p>\t\t\t\t\t\t\t\t<\/div>\n\t\t\t\t<\/div>\n\t\t\t\t<\/div>\n\t\t<div class=\"elementor-element elementor-element-2b2568d e-con-full e-flex e-con e-child\" data-id=\"2b2568d\" data-element_type=\"container\" data-e-type=\"container\">\n\t\t\t\t<div class=\"elementor-element elementor-element-90d2fef elementor-widget elementor-widget-text-editor\" data-id=\"90d2fef\" data-element_type=\"widget\" data-e-type=\"widget\" data-widget_type=\"text-editor.default\">\n\t\t\t\t<div class=\"elementor-widget-container\">\n\t\t\t\t\t\t\t\t\t<p><b>Alta resist\u00eancia<\/b><\/p><p>A chapa de a\u00e7o inoxid\u00e1vel 316L tem um elevado limite de elasticidade e resist\u00eancia \u00e0 tra\u00e7\u00e3o, o que lhe permite fornecer um suporte fi\u00e1vel em aplica\u00e7\u00f5es estruturais e de montagem.<\/p>\t\t\t\t\t\t\t\t<\/div>\n\t\t\t\t<\/div>\n\t\t\t\t<\/div>\n\t\t\t\t<\/div>\n\t\t<div class=\"elementor-element elementor-element-76537fa e-con-full e-flex e-con e-parent\" data-id=\"76537fa\" data-element_type=\"container\" data-e-type=\"container\">\n\t\t\t\t<div class=\"elementor-element elementor-element-150ee30 elementor-widget-tablet__width-inherit elementor-widget elementor-widget-heading\" data-id=\"150ee30\" data-element_type=\"widget\" data-e-type=\"widget\" data-widget_type=\"heading.default\">\n\t\t\t\t<div class=\"elementor-widget-container\">\n\t\t\t\t\t<h2 class=\"elementor-heading-title elementor-size-default\">Especifica\u00e7\u00e3o da chapa de a\u00e7o inoxid\u00e1vel 316L<\/h2>\t\t\t\t<\/div>\n\t\t\t\t<\/div>\n\t\t\t\t<div class=\"elementor-element elementor-element-c881944 elementor-widget elementor-widget-text-editor\" data-id=\"c881944\" data-element_type=\"widget\" data-e-type=\"widget\" data-widget_type=\"text-editor.default\">\n\t\t\t\t<div class=\"elementor-widget-container\">\n\t\t\t\t\t\t\t\t\t<p>Norma: ASTM A240,EN10088<\/p><p>Tecnologia: laminado a quente\/laminado a frio<\/p><p>Laminado a frio Espessura: 0,3-4 mm, tamanho personalizado<\/p><p>Espessura laminada a quente: 3-120 mm, tamanho personalizado<\/p><p>Largura: 600mm, 1000mm, 1219mm, 1500mm, tamanho personalizado<\/p><p>Comprimento: 2000mm, 2438mm, 3000mm, tamanho personalizado<\/p><p>Borda: Borda fresada, Borda cortada<\/p><p>Acabamento da superf\u00edcie: 2B, 2D, BA, 8K, NO.4, HL, NO.8, etc. M\u00faltiplas op\u00e7\u00f5es de acabamento<\/p><p>Servi\u00e7o de processamento: Dobragem, soldadura, desbobinagem, perfura\u00e7\u00e3o, corte, jato de areia, tratamento t\u00e9rmico, etc.<\/p>\t\t\t\t\t\t\t\t<\/div>\n\t\t\t\t<\/div>\n\t\t\t\t<\/div>\n\t\t<div class=\"elementor-element elementor-element-6960faa e-con-full e-flex e-con e-parent\" data-id=\"6960faa\" data-element_type=\"container\" data-e-type=\"container\">\n\t\t\t\t<div class=\"elementor-element elementor-element-fbe6a59 elementor-widget-tablet__width-inherit elementor-widget elementor-widget-heading\" data-id=\"fbe6a59\" data-element_type=\"widget\" data-e-type=\"widget\" data-widget_type=\"heading.default\">\n\t\t\t\t<div class=\"elementor-widget-container\">\n\t\t\t\t\t<h3 class=\"elementor-heading-title elementor-size-default\">A\u00e7o inoxid\u00e1vel 316L Composi\u00e7\u00e3o qu\u00edmica<\/h3>\t\t\t\t<\/div>\n\t\t\t\t<\/div>\n\t\t\t\t<div class=\"elementor-element elementor-element-dc95c09 elementor-widget-tablet__width-inherit elementor-widget-mobile__width-inherit elementor-widget elementor-widget-text-editor\" data-id=\"dc95c09\" data-element_type=\"widget\" data-e-type=\"widget\" data-widget_type=\"text-editor.default\">\n\t\t\t\t<div class=\"elementor-widget-container\">\n\t\t\t\t\t\t\t\t\t<table><tbody><tr><td>Grau<\/td><td>C<\/td><td>Si<\/td><td>Mn<\/td><td>P<\/td><td>S<\/td><td>Ni<\/td><td>Cr<\/td><td>Mo<\/td><\/tr><tr><td>316<\/td><td>\u22640.08<\/td><td>\u22641.0<\/td><td>\u22642.0<\/td><td>\u22640.045<\/td><td>\u22640.03<\/td><td>10.0-14.0<\/td><td>16.0-18.0<\/td><td>2.0-3.0<\/td><\/tr><tr><td>316L<\/td><td>\u22640.03<\/td><td>\u22641.0<\/td><td>\u22642.0<\/td><td>\u22640.045<\/td><td>\u22640.03<\/td><td>11.0-14.0<\/td><td>16.0-18.0<\/td><td>2.0-3.0<\/td><\/tr><\/tbody><\/table>\t\t\t\t\t\t\t\t<\/div>\n\t\t\t\t<\/div>\n\t\t\t\t<\/div>\n\t\t<div class=\"elementor-element elementor-element-25ca3b3 e-con-full e-flex e-con e-parent\" data-id=\"25ca3b3\" data-element_type=\"container\" data-e-type=\"container\">\n\t\t\t\t<div class=\"elementor-element elementor-element-5dca74c elementor-widget-tablet__width-inherit elementor-widget elementor-widget-heading\" data-id=\"5dca74c\" data-element_type=\"widget\" data-e-type=\"widget\" data-widget_type=\"heading.default\">\n\t\t\t\t<div class=\"elementor-widget-container\">\n\t\t\t\t\t<h3 class=\"elementor-heading-title elementor-size-default\">Propriedades mec\u00e2nicas<\/h3>\t\t\t\t<\/div>\n\t\t\t\t<\/div>\n\t\t\t\t<div class=\"elementor-element elementor-element-53eb565 elementor-widget-tablet__width-inherit elementor-widget-mobile__width-inherit elementor-widget elementor-widget-text-editor\" data-id=\"53eb565\" data-element_type=\"widget\" data-e-type=\"widget\" data-widget_type=\"text-editor.default\">\n\t\t\t\t<div class=\"elementor-widget-container\">\n\t\t\t\t\t\t\t\t\t<table><tbody><tr><td>Propriedade mec\u00e2nica de 316\/316L<\/td><td>316<\/td><td>316L<\/td><\/tr><tr><td>Resist\u00eancia ao escoamento, m\u00edn. (ksi)<\/td><td>30<\/td><td>25<\/td><\/tr><tr><td>Resist\u00eancia \u00e0 tra\u00e7\u00e3o, m\u00edn. (ksi)<\/td><td>75<\/td><td>70<\/td><\/tr><tr><td>Alongamento, m\u00edn. (%)<\/td><td>40<\/td><td>40<\/td><\/tr><tr><td>Dureza, m\u00e1x. (Rb)<\/td><td>95<\/td><td>95<\/td><\/tr><\/tbody><\/table>\t\t\t\t\t\t\t\t<\/div>\n\t\t\t\t<\/div>\n\t\t\t\t<\/div>\n\t\t<div class=\"elementor-element elementor-element-ce5e1bb e-con-full e-flex e-con e-parent\" data-id=\"ce5e1bb\" data-element_type=\"container\" data-e-type=\"container\">\n\t\t\t\t<div class=\"elementor-element elementor-element-a295a56 elementor-widget-tablet__width-inherit elementor-widget elementor-widget-heading\" data-id=\"a295a56\" data-element_type=\"widget\" data-e-type=\"widget\" data-widget_type=\"heading.default\">\n\t\t\t\t<div class=\"elementor-widget-container\">\n\t\t\t\t\t<h3 class=\"elementor-heading-title elementor-size-default\">Processamento personalizado<\/h3>\t\t\t\t<\/div>\n\t\t\t\t<\/div>\n\t\t\t\t<div class=\"elementor-element elementor-element-e1f0c31 elementor-widget-tablet__width-inherit elementor-widget elementor-widget-text-editor\" data-id=\"e1f0c31\" data-element_type=\"widget\" data-e-type=\"widget\" data-widget_type=\"text-editor.default\">\n\t\t\t\t<div class=\"elementor-widget-container\">\n\t\t\t\t\t\t\t\t\t<p>\u00a0Oferecemos servi\u00e7os de cisalhamento de precis\u00e3o, corte a laser\/jato de \u00e1gua, corte longitudinal, aplanamento e chanfragem para personalizar a chapa 316L em qualquer tamanho ou forma. Equipamentos de \u00faltima gera\u00e7\u00e3o garantem que as toler\u00e2ncias de espessura e largura atendam a requisitos rigorosos<\/p>\t\t\t\t\t\t\t\t<\/div>\n\t\t\t\t<\/div>\n\t\t\t\t<div class=\"elementor-element elementor-element-d591ff2 elementor-widget-tablet__width-inherit elementor-widget elementor-widget-image\" data-id=\"d591ff2\" data-element_type=\"widget\" data-e-type=\"widget\" data-widget_type=\"image.default\">\n\t\t\t\t<div class=\"elementor-widget-container\">\n\t\t\t\t\t\t\t\t\t\t\t\t\t\t\t<img fetchpriority=\"high\" decoding=\"async\" width=\"800\" height=\"556\" src=\"https:\/\/jblstainless.com\/wp-content\/uploads\/2025\/02\/process-service.webp\" class=\"attachment-large size-large wp-image-688\" alt=\"processamento de chapas de a\u00e7o inoxid\u00e1vel\" srcset=\"https:\/\/jblstainless.com\/wp-content\/uploads\/2025\/02\/process-service.webp 1000w, https:\/\/jblstainless.com\/wp-content\/uploads\/2025\/02\/process-service-600x417.webp 600w, https:\/\/jblstainless.com\/wp-content\/uploads\/2025\/02\/process-service-300x209.webp 300w, https:\/\/jblstainless.com\/wp-content\/uploads\/2025\/02\/process-service-768x534.webp 768w, https:\/\/jblstainless.com\/wp-content\/uploads\/2025\/02\/process-service-18x12.webp 18w\" sizes=\"(max-width: 800px) 100vw, 800px\" \/>\t\t\t\t\t\t\t\t\t\t\t\t\t\t\t<\/div>\n\t\t\t\t<\/div>\n\t\t\t\t<\/div>\n\t\t<div class=\"elementor-element elementor-element-4128b4d e-con-full e-flex e-con e-parent\" data-id=\"4128b4d\" data-element_type=\"container\" data-e-type=\"container\">\n\t\t\t\t<div class=\"elementor-element elementor-element-7a1d77b elementor-widget-tablet__width-inherit elementor-widget elementor-widget-heading\" data-id=\"7a1d77b\" data-element_type=\"widget\" data-e-type=\"widget\" data-widget_type=\"heading.default\">\n\t\t\t\t<div class=\"elementor-widget-container\">\n\t\t\t\t\t<h3 class=\"elementor-heading-title elementor-size-default\">Acabamento da superf\u00edcie<\/h3>\t\t\t\t<\/div>\n\t\t\t\t<\/div>\n\t\t\t\t<div class=\"elementor-element elementor-element-c86e41e elementor-widget-tablet__width-inherit elementor-widget elementor-widget-text-editor\" data-id=\"c86e41e\" data-element_type=\"widget\" data-e-type=\"widget\" data-widget_type=\"text-editor.default\">\n\t\t\t\t<div class=\"elementor-widget-container\">\n\t\t\t\t\t\t\t\t\t<p>As chapas s\u00e3o laminadas a frio com precis\u00e3o e niveladas para uma espessura uniforme e elevada planicidade. Fornecem uma gama completa de acabamentos (laminados a quente, 2D mate, 2B acabamento de fresagem, N.\u00ba 4 escovado, HL mate, BA recozimento brilhante, espelho 8K, etc.) com recozimento ou polimento opcionais, para satisfazer os diferentes requisitos de higiene e est\u00e9tica.<\/p>\t\t\t\t\t\t\t\t<\/div>\n\t\t\t\t<\/div>\n\t\t\t\t<div class=\"elementor-element elementor-element-0990f17 elementor-widget-tablet__width-inherit elementor-widget elementor-widget-image\" data-id=\"0990f17\" data-element_type=\"widget\" data-e-type=\"widget\" data-widget_type=\"image.default\">\n\t\t\t\t<div class=\"elementor-widget-container\">\n\t\t\t\t\t\t\t\t\t\t\t\t\t\t\t<img decoding=\"async\" width=\"800\" height=\"394\" src=\"https:\/\/jblstainless.com\/wp-content\/uploads\/2025\/04\/stainless-steel-pipe-surface-treatment.webp\" class=\"attachment-large size-large wp-image-1357\" alt=\"Tubo de a\u00e7o inoxid\u00e1vel 420\" srcset=\"https:\/\/jblstainless.com\/wp-content\/uploads\/2025\/04\/stainless-steel-pipe-surface-treatment.webp 1000w, https:\/\/jblstainless.com\/wp-content\/uploads\/2025\/04\/stainless-steel-pipe-surface-treatment-300x148.webp 300w, https:\/\/jblstainless.com\/wp-content\/uploads\/2025\/04\/stainless-steel-pipe-surface-treatment-768x379.webp 768w, https:\/\/jblstainless.com\/wp-content\/uploads\/2025\/04\/stainless-steel-pipe-surface-treatment-18x9.webp 18w, https:\/\/jblstainless.com\/wp-content\/uploads\/2025\/04\/stainless-steel-pipe-surface-treatment-600x296.webp 600w\" sizes=\"(max-width: 800px) 100vw, 800px\" \/>\t\t\t\t\t\t\t\t\t\t\t\t\t\t\t<\/div>\n\t\t\t\t<\/div>\n\t\t\t\t<\/div>\n\t\t<div class=\"elementor-element elementor-element-37f6c4b e-con-full e-flex e-con e-parent\" data-id=\"37f6c4b\" data-element_type=\"container\" data-e-type=\"container\">\n\t\t\t\t<div class=\"elementor-element elementor-element-1574dca elementor-widget-tablet__width-inherit elementor-widget elementor-widget-heading\" data-id=\"1574dca\" data-element_type=\"widget\" data-e-type=\"widget\" data-widget_type=\"heading.default\">\n\t\t\t\t<div class=\"elementor-widget-container\">\n\t\t\t\t\t<h3 class=\"elementor-heading-title elementor-size-default\">Corte e embalagem precisos<\/h3>\t\t\t\t<\/div>\n\t\t\t\t<\/div>\n\t\t\t\t<div class=\"elementor-element elementor-element-c6bf87c elementor-widget-tablet__width-inherit elementor-widget elementor-widget-text-editor\" data-id=\"c6bf87c\" data-element_type=\"widget\" data-e-type=\"widget\" data-widget_type=\"text-editor.default\">\n\t\t\t\t<div class=\"elementor-widget-container\">\n\t\t\t\t\t\t\t\t\t<p>Fornecemos placas cortadas \u00e0 medida para garantir a suavidade dos bordos. Cada remessa \u00e9 embalada de forma segura (em pacotes de pel\u00edcula imperme\u00e1vel ou paletes de madeira) e etiquetada com um n\u00famero de rastreabilidade. O envio pode ser acompanhado de um certificado de ensaio EN 10204-3.1 Mill.<\/p>\t\t\t\t\t\t\t\t<\/div>\n\t\t\t\t<\/div>\n\t\t\t\t<\/div>\n\t\t<div class=\"elementor-element elementor-element-06e7e43 e-con-full e-flex e-con e-parent\" data-id=\"06e7e43\" data-element_type=\"container\" data-e-type=\"container\">\n\t\t\t\t<div class=\"elementor-element elementor-element-11cb93c elementor-widget-tablet__width-inherit elementor-widget elementor-widget-heading\" data-id=\"11cb93c\" data-element_type=\"widget\" data-e-type=\"widget\" data-widget_type=\"heading.default\">\n\t\t\t\t<div class=\"elementor-widget-container\">\n\t\t\t\t\t<h3 class=\"elementor-heading-title elementor-size-default\">Aplica\u00e7\u00e3o da chapa 316L<\/h3>\t\t\t\t<\/div>\n\t\t\t\t<\/div>\n\t\t\t\t<div class=\"elementor-element elementor-element-ef5dedf elementor-widget-tablet__width-inherit elementor-widget elementor-widget-text-editor\" data-id=\"ef5dedf\" data-element_type=\"widget\" data-e-type=\"widget\" data-widget_type=\"text-editor.default\">\n\t\t\t\t<div class=\"elementor-widget-container\">\n\t\t\t\t\t\t\t\t\t<p>A chapa de a\u00e7o inoxid\u00e1vel 316L desempenha um papel fundamental em v\u00e1rios sectores:<\/p><ul><li>Ind\u00fastria qu\u00edmica: utilizado em tanques de armazenamento, condutas e reactores, resistindo \u00e0 corros\u00e3o por \u00e1cidos fortes e cloretos.<\/li><li>Engenharia naval: utilizado em navios, plataformas offshore e equipamento de dessaliniza\u00e7\u00e3o, suportando ambientes de elevada salinidade.<\/li><li>Alimentar e farmac\u00eautico: utilizado em equipamento sanit\u00e1rio para garantir a n\u00e3o contamina\u00e7\u00e3o e uma limpeza f\u00e1cil.<\/li><li>Arquitetura: utilizado em fachadas, gradeamentos e pain\u00e9is decorativos, proporcionando est\u00e9tica e durabilidade.<\/li><\/ul>\t\t\t\t\t\t\t\t<\/div>\n\t\t\t\t<\/div>\n\t\t\t\t<\/div>\n\t\t<div class=\"elementor-element elementor-element-8ce7d7b e-con-full e-flex e-con e-parent\" data-id=\"8ce7d7b\" data-element_type=\"container\" data-e-type=\"container\">\n\t\t\t\t<div class=\"elementor-element elementor-element-f05b2b9 elementor-widget-tablet__width-inherit elementor-widget elementor-widget-heading\" data-id=\"f05b2b9\" data-element_type=\"widget\" data-e-type=\"widget\" data-widget_type=\"heading.default\">\n\t\t\t\t<div class=\"elementor-widget-container\">\n\t\t\t\t\t<h2 class=\"elementor-heading-title elementor-size-default\">Em compara\u00e7\u00e3o com outros materiais<\/h2>\t\t\t\t<\/div>\n\t\t\t\t<\/div>\n\t\t\t\t<div class=\"elementor-element elementor-element-89b4c3e elementor-widget-tablet__width-inherit elementor-widget elementor-widget-text-editor\" data-id=\"89b4c3e\" data-element_type=\"widget\" data-e-type=\"widget\" data-widget_type=\"text-editor.default\">\n\t\t\t\t<div class=\"elementor-widget-container\">\n\t\t\t\t\t\t\t\t\t<p><b>1. A\u00e7o inoxid\u00e1vel 316L vs 304:<\/b><\/p><p>O 316L tem uma resist\u00eancia \u00e0 corros\u00e3o significativamente melhor do que o 304 em ambientes com cloretos (por exemplo, \u00e1gua do mar) e condi\u00e7\u00f5es de elevado teor de sal devido ao seu teor de molibd\u00e9nio.<\/p><p><b>2. 316L vs 316 a\u00e7o inoxid\u00e1vel:<\/b><\/p><p>O baixo teor de carbono (\u22640,03%) do 316L torna-o mais adequado para a soldadura e para cen\u00e1rios em que o recozimento n\u00e3o \u00e9 poss\u00edvel para evitar o risco de corros\u00e3o intergranular; enquanto o 316 tem um teor de carbono mais elevado (\u22640,08%), uma resist\u00eancia ligeiramente melhor, mas uma resist\u00eancia \u00e0 corros\u00e3o ligeiramente mais fraca.<\/p>\t\t\t\t\t\t\t\t<\/div>\n\t\t\t\t<\/div>\n\t\t\t\t<\/div>\n\t\t<div class=\"elementor-element elementor-element-b18d15d e-con-full e-flex e-con e-parent\" data-id=\"b18d15d\" data-element_type=\"container\" data-e-type=\"container\">\n\t\t\t\t<div class=\"elementor-element elementor-element-8a2a060 elementor-widget-tablet__width-inherit elementor-widget elementor-widget-heading\" data-id=\"8a2a060\" data-element_type=\"widget\" data-e-type=\"widget\" data-widget_type=\"heading.default\">\n\t\t\t\t<div class=\"elementor-widget-container\">\n\t\t\t\t\t<h2 class=\"elementor-heading-title elementor-size-default\">Deve ter-se em aten\u00e7\u00e3o a utiliza\u00e7\u00e3o da chapa de a\u00e7o inoxid\u00e1vel 316L\n<\/h2>\t\t\t\t<\/div>\n\t\t\t\t<\/div>\n\t\t\t\t<div class=\"elementor-element elementor-element-86758d7 elementor-widget-tablet__width-inherit elementor-widget elementor-widget-text-editor\" data-id=\"86758d7\" data-element_type=\"widget\" data-e-type=\"widget\" data-widget_type=\"text-editor.default\">\n\t\t\t\t<div class=\"elementor-widget-container\">\n\t\t\t\t\t\t\t\t\t<p><b>Soldadura e processamento:<\/b><\/p>\n<p>O processamento a frio pode causar um ligeiro magnetismo, sendo necess\u00e1rio controlar a quantidade de deforma\u00e7\u00e3o a frio; a soldadura deve utilizar consum\u00edveis de soldadura com baixo teor de carbono para evitar a corros\u00e3o intergranular<\/p>\n<p><b>Limita\u00e7\u00e3o da temperatura:<\/b><\/p>\n<p>Evitar a utiliza\u00e7\u00e3o a longo prazo a 427-857\u00b0C para evitar a degrada\u00e7\u00e3o das propriedades do material.<\/p>\t\t\t\t\t\t\t\t<\/div>\n\t\t\t\t<\/div>\n\t\t\t\t<\/div>\n\t\t\t\t<\/div>","protected":false},"excerpt":{"rendered":"<p>O 316L \u00e9 uma vers\u00e3o de baixo teor de carbono do 316 com um teor m\u00e1ximo de carbono de 0,03%, conhecido pela sua superior resist\u00eancia \u00e0 corros\u00e3o.<\/p>\n<p>Laminado a frio Espessura: 0,3-4 mm, tamanho personalizado<br \/>\nEspessura laminada a quente: 3-120 mm, tamanho personalizado<br \/>\nLargura: 600mm, 1000mm, 1219mm, 1500mm, tamanho personalizado<br \/>\nComprimento: 2000mm, 2438mm, 3000mm, tamanho personalizado<\/p>","protected":false},"featured_media":1469,"template":"","meta":{"_eb_attr":""},"product_brand":[],"product_cat":[40],"product_tag":[],"class_list":{"0":"post-1716","1":"product","2":"type-product","3":"status-publish","4":"has-post-thumbnail","6":"product_cat-stainless-steel-plate-coil","8":"first","9":"instock","10":"shipping-taxable","11":"product-type-simple"},"_links":{"self":[{"href":"https:\/\/jblstainless.com\/pt\/wp-json\/wp\/v2\/product\/1716","targetHints":{"allow":["GET"]}}],"collection":[{"href":"https:\/\/jblstainless.com\/pt\/wp-json\/wp\/v2\/product"}],"about":[{"href":"https:\/\/jblstainless.com\/pt\/wp-json\/wp\/v2\/types\/product"}],"version-history":[{"count":15,"href":"https:\/\/jblstainless.com\/pt\/wp-json\/wp\/v2\/product\/1716\/revisions"}],"predecessor-version":[{"id":1855,"href":"https:\/\/jblstainless.com\/pt\/wp-json\/wp\/v2\/product\/1716\/revisions\/1855"}],"wp:featuredmedia":[{"embeddable":true,"href":"https:\/\/jblstainless.com\/pt\/wp-json\/wp\/v2\/media\/1469"}],"wp:attachment":[{"href":"https:\/\/jblstainless.com\/pt\/wp-json\/wp\/v2\/media?parent=1716"}],"wp:term":[{"taxonomy":"product_brand","embeddable":true,"href":"https:\/\/jblstainless.com\/pt\/wp-json\/wp\/v2\/product_brand?post=1716"},{"taxonomy":"product_cat","embeddable":true,"href":"https:\/\/jblstainless.com\/pt\/wp-json\/wp\/v2\/product_cat?post=1716"},{"taxonomy":"product_tag","embeddable":true,"href":"https:\/\/jblstainless.com\/pt\/wp-json\/wp\/v2\/product_tag?post=1716"}],"curies":[{"name":"wp","href":"https:\/\/api.w.org\/{rel}","templated":true}]}}