{"id":2231,"date":"2025-10-20T17:08:19","date_gmt":"2025-10-20T09:08:19","guid":{"rendered":"https:\/\/jblstainless.com\/?post_type=product&#038;p=2231"},"modified":"2025-10-20T17:08:20","modified_gmt":"2025-10-20T09:08:20","slug":"tubos-de-aco-inoxidavel-321","status":"publish","type":"product","link":"https:\/\/jblstainless.com\/pt\/321-stainless-steel-tubing\/","title":{"rendered":"Tubos de a\u00e7o inoxid\u00e1vel 321"},"content":{"rendered":"<div data-elementor-type=\"product-post\" data-elementor-id=\"2231\" class=\"elementor elementor-2231\" data-elementor-post-type=\"product\">\n\t\t\t\t<div class=\"elementor-element elementor-element-0fdb8a2 e-flex e-con-boxed e-con e-parent\" data-id=\"0fdb8a2\" data-element_type=\"container\" data-e-type=\"container\">\n\t\t\t\t\t<div class=\"e-con-inner\">\n\t\t\t\t<div class=\"elementor-element elementor-element-61c7831 elementor-widget elementor-widget-text-editor\" data-id=\"61c7831\" data-element_type=\"widget\" data-e-type=\"widget\" data-widget_type=\"text-editor.default\">\n\t\t\t\t<div class=\"elementor-widget-container\">\n\t\t\t\t\t\t\t\t\t<p>O tubo de a\u00e7o inoxid\u00e1vel 321 (UNS S32100) \u00e9 um a\u00e7o inoxid\u00e1vel austen\u00edtico estabilizado com tit\u00e2nio que pertence \u00e0 s\u00e9rie de ligas 18-8.Ao adicionar tit\u00e2nio (Ti) \u00e0 liga para inibir a precipita\u00e7\u00e3o de carboneto de cr\u00f3mio em temperaturas elevadas, melhora significativamente a resist\u00eancia \u00e0 corros\u00e3o intergranular, especialmente em ambientes de alta temperatura de 800 \u00b0F a 1500 \u00b0F (aproximadamente 427 \u00b0C a 816 \u00b0C).<\/p><p>O a\u00e7o inoxid\u00e1vel 321 \u00e9 um a\u00e7o inoxid\u00e1vel austen\u00edtico de baixo carbono com carbonetos estabilizadores de tit\u00e2nio para melhorar significativamente o seu desempenho em altas temperaturas. Composto por 18-20% de cr\u00f3mio, 9-12% de n\u00edquel e 0,1-0,8% de tit\u00e2nio, o tubo de a\u00e7o inoxid\u00e1vel 321 evita a corros\u00e3o intergranular em temperaturas elevadas e garante a integridade estrutural.<\/p>\t\t\t\t\t\t\t\t<\/div>\n\t\t\t\t<\/div>\n\t\t\t\t\t<\/div>\n\t\t\t\t<\/div>\n\t\t<div class=\"elementor-element elementor-element-c347778 e-flex e-con-boxed e-con e-parent\" data-id=\"c347778\" data-element_type=\"container\" data-e-type=\"container\">\n\t\t\t\t\t<div class=\"e-con-inner\">\n\t\t\t\t<div class=\"elementor-element elementor-element-928185b elementor-widget elementor-widget-heading\" data-id=\"928185b\" data-element_type=\"widget\" data-e-type=\"widget\" data-widget_type=\"heading.default\">\n\t\t\t\t<div class=\"elementor-widget-container\">\n\t\t\t\t\t<h2 class=\"elementor-heading-title elementor-size-default\">Especifica\u00e7\u00e3o do tubo de a\u00e7o inoxid\u00e1vel 321<\/h2>\t\t\t\t<\/div>\n\t\t\t\t<\/div>\n\t\t\t\t<div class=\"elementor-element elementor-element-3357fda elementor-widget elementor-widget-text-editor\" data-id=\"3357fda\" data-element_type=\"widget\" data-e-type=\"widget\" data-widget_type=\"text-editor.default\">\n\t\t\t\t<div class=\"elementor-widget-container\">\n\t\t\t\t\t\t\t\t\t<table>\n<tbody>\n<tr>\n<td>Padr\u00e3o<\/td>\n<td>ASTM A240, ASTM A213, ASTM A312, ASTM A269, JIS G4303, DIN 17440, EN 10088-1<\/td>\n<\/tr>\n<tr>\n<td>Grau<\/td>\n<td>S32100, 1.4541, SUS321<\/td>\n<\/tr>\n<tr>\n<td>Tipos<\/td>\n<td>Sem costura, soldado<\/td>\n<\/tr>\n<tr>\n<td>Di\u00e2metro externo<\/td>\n<td>\n<p>Tubo redondo: 4 mm - 200 mm<\/p>\n<p>Tubo sem costura: 1\/2\u201d NB \u2014 18\u201d NB<br>Tubos soldados \/ ERW: 1\u201d NB \u2014 16\u201d NB<br>EFW: 8\u201d NB \u2014 110\u201d NB<\/p>\n<\/td>\n<\/tr>\n<tr>\n<td>Espessura da parede<\/td>\n<td>Anexo 10 a Anexo 160 (espessura de 3 mm a 100 mm)<\/td>\n<\/tr>\n<tr>\n<td>Comprimento<\/td>\n<td>0,1 m-12,5 m; Comprimento aleat\u00f3rio \u00fanico, comprimento aleat\u00f3rio duplo e tamanho personalizado<\/td>\n<\/tr>\n<tr>\n<td>Fim<\/td>\n<td>Liso\/Chanfrado<\/td>\n<\/tr>\n<tr>\n<td>Acabamento da superf\u00edcie<\/td>\n<td>Decapagem, Polimento, Espelhamento<br>N.\u00ba 1, 2B, 2D, HL, 8K, HL, BA, etc.<\/td>\n<\/tr>\n<tr>\n<td>Condi\u00e7\u00f5es de entrega<\/td>\n<td>Laminado, moldado, aliviado de tens\u00e3o, recozido, endurecido, temperado, trefilado a frio<\/td>\n<\/tr>\n<\/tbody>\n<\/table>\t\t\t\t\t\t\t\t<\/div>\n\t\t\t\t<\/div>\n\t\t\t\t<div class=\"elementor-element elementor-element-0304f63 elementor-widget elementor-widget-heading\" data-id=\"0304f63\" data-element_type=\"widget\" data-e-type=\"widget\" data-widget_type=\"heading.default\">\n\t\t\t\t<div class=\"elementor-widget-container\">\n\t\t\t\t\t<h3 class=\"elementor-heading-title elementor-size-default\">A\u00e7o inoxid\u00e1vel 321H <\/h3>\t\t\t\t<\/div>\n\t\t\t\t<\/div>\n\t\t\t\t<div class=\"elementor-element elementor-element-c62e61c elementor-widget elementor-widget-text-editor\" data-id=\"c62e61c\" data-element_type=\"widget\" data-e-type=\"widget\" data-widget_type=\"text-editor.default\">\n\t\t\t\t<div class=\"elementor-widget-container\">\n\t\t\t\t\t\t\t\t\t<p>O 321H (UNS S32109) \u00e9 um a\u00e7o inoxid\u00e1vel austen\u00edtico estabilizado com tit\u00e2nio (Ti) que \u00e9 uma vers\u00e3o modificada com alto teor de carbono do grau 321, com um teor de carbono de 0,04 % a 0,10 %. Em compara\u00e7\u00e3o com o 321, o 321H mant\u00e9m maior resist\u00eancia e resist\u00eancia \u00e0 deforma\u00e7\u00e3o acima de 1000 \u00b0F (aproximadamente 538 \u00b0C), tornando-o adequado para servi\u00e7os em temperaturas mais elevadas.<\/p>\t\t\t\t\t\t\t\t<\/div>\n\t\t\t\t<\/div>\n\t\t\t\t\t<\/div>\n\t\t\t\t<\/div>\n\t\t<div class=\"elementor-element elementor-element-13b60b0 e-flex e-con-boxed e-con e-parent\" data-id=\"13b60b0\" data-element_type=\"container\" data-e-type=\"container\">\n\t\t\t\t\t<div class=\"e-con-inner\">\n\t\t\t\t<div class=\"elementor-element elementor-element-e44aa05 elementor-widget elementor-widget-heading\" data-id=\"e44aa05\" data-element_type=\"widget\" data-e-type=\"widget\" data-widget_type=\"heading.default\">\n\t\t\t\t<div class=\"elementor-widget-container\">\n\t\t\t\t\t<h2 class=\"elementor-heading-title elementor-size-default\">Vantagens do a\u00e7o inoxid\u00e1vel 321<\/h2>\t\t\t\t<\/div>\n\t\t\t\t<\/div>\n\t\t\t\t<div class=\"elementor-element elementor-element-86058f4 elementor-widget elementor-widget-text-editor\" data-id=\"86058f4\" data-element_type=\"widget\" data-e-type=\"widget\" data-widget_type=\"text-editor.default\">\n\t\t\t\t<div class=\"elementor-widget-container\">\n\t\t\t\t\t\t\t\t\t<p><b>1. Resist\u00eancia \u00e0 corros\u00e3o intergranular<\/b><\/p><p>A adi\u00e7\u00e3o de tit\u00e2nio inibe a precipita\u00e7\u00e3o de CrC, evita a corros\u00e3o intergranular ap\u00f3s a soldagem, sendo especialmente adequada para trabalhos de longa dura\u00e7\u00e3o em temperaturas de 800 \u00b0F a 1500 \u00b0F.<\/p>\t\t\t\t\t\t\t\t<\/div>\n\t\t\t\t<\/div>\n\t\t\t\t<div class=\"elementor-element elementor-element-c9daf72 elementor-widget elementor-widget-text-editor\" data-id=\"c9daf72\" data-element_type=\"widget\" data-e-type=\"widget\" data-widget_type=\"text-editor.default\">\n\t\t\t\t<div class=\"elementor-widget-container\">\n\t\t\t\t\t\t\t\t\t<p><strong>2. Resist\u00eancia a altas temperaturas<\/strong><\/p><p>O a\u00e7o inoxid\u00e1vel 321 mant\u00e9m boas propriedades de resist\u00eancia, deforma\u00e7\u00e3o e ruptura sob tens\u00e3o a 1500 \u00b0F (aproximadamente 816 \u00b0C), superiores \u00e0s do 304\/304L, sendo adequado para motores de aeronaves, permutadores de calor e tubagens de caldeiras.<\/p>\t\t\t\t\t\t\t\t<\/div>\n\t\t\t\t<\/div>\n\t\t\t\t<div class=\"elementor-element elementor-element-6ed686b elementor-widget elementor-widget-text-editor\" data-id=\"6ed686b\" data-element_type=\"widget\" data-e-type=\"widget\" data-widget_type=\"text-editor.default\">\n\t\t\t\t<div class=\"elementor-widget-container\">\n\t\t\t\t\t\t\t\t\t<p><strong>3.\u00a0<\/strong><b>Excelente resist\u00eancia \u00e0 corros\u00e3o<\/b><\/p><p>O elevado teor de cr\u00f3mio-n\u00edquel resiste \u00e0 oxida\u00e7\u00e3o e \u00e0 corros\u00e3o \u00e1cida, tornando-o adequado para utiliza\u00e7\u00e3o nas ind\u00fastrias qu\u00edmica e petrol\u00edfera.<\/p>\t\t\t\t\t\t\t\t<\/div>\n\t\t\t\t<\/div>\n\t\t\t\t<div class=\"elementor-element elementor-element-14dea8e elementor-widget elementor-widget-text-editor\" data-id=\"14dea8e\" data-element_type=\"widget\" data-e-type=\"widget\" data-widget_type=\"text-editor.default\">\n\t\t\t\t<div class=\"elementor-widget-container\">\n\t\t\t\t\t\t\t\t\t<p><strong>4.\u00a0<\/strong><b>Boa soldabilidade<\/b><\/p><p>Tal como outros tipos austen\u00edticos, o 321 tem excelentes caracter\u00edsticas de soldagem. N\u00e3o \u00e9 necess\u00e1rio recozimento p\u00f3s-soldagem, e a zona afetada pelo calor da soldagem continua resistente \u00e0 corros\u00e3o intergranular.<\/p>\t\t\t\t\t\t\t\t<\/div>\n\t\t\t\t<\/div>\n\t\t\t\t<div class=\"elementor-element elementor-element-35bfeb3 elementor-widget elementor-widget-text-editor\" data-id=\"35bfeb3\" data-element_type=\"widget\" data-e-type=\"widget\" data-widget_type=\"text-editor.default\">\n\t\t\t\t<div class=\"elementor-widget-container\">\n\t\t\t\t\t\t\t\t\t<p><strong>5.\u00a0<\/strong><b>Resist\u00eancia a baixas temperaturas<\/b><\/p><p>N\u00e3o magn\u00e9tico em estado recozido, boa resist\u00eancia a baixas temperaturas.<\/p>\t\t\t\t\t\t\t\t<\/div>\n\t\t\t\t<\/div>\n\t\t\t\t<div class=\"elementor-element elementor-element-1582e0e elementor-widget elementor-widget-text-editor\" data-id=\"1582e0e\" data-element_type=\"widget\" data-e-type=\"widget\" data-widget_type=\"text-editor.default\">\n\t\t\t\t<div class=\"elementor-widget-container\">\n\t\t\t\t\t\t\t\t\t<p><strong>6.\u00a0<\/strong><b>Custo moderado<\/b><\/p><p>Em compara\u00e7\u00e3o com o 316\/317, que cont\u00e9m molibd\u00e9nio, o 321 \u00e9 mais competitivo em termos de custo e o seu desempenho satisfaz as necessidades da maioria das aplica\u00e7\u00f5es em altas temperaturas.<\/p>\t\t\t\t\t\t\t\t<\/div>\n\t\t\t\t<\/div>\n\t\t\t\t\t<\/div>\n\t\t\t\t<\/div>\n\t\t<div class=\"elementor-element elementor-element-a250538 e-flex e-con-boxed e-con e-parent\" data-id=\"a250538\" data-element_type=\"container\" data-e-type=\"container\">\n\t\t\t\t\t<div class=\"e-con-inner\">\n\t\t\t\t<div class=\"elementor-element elementor-element-132511d elementor-widget elementor-widget-text-editor\" data-id=\"132511d\" data-element_type=\"widget\" data-e-type=\"widget\" data-widget_type=\"text-editor.default\">\n\t\t\t\t<div class=\"elementor-widget-container\">\n\t\t\t\t\t\t\t\t\t<p>A JBLSTEEL armazena tubos de a\u00e7o inoxid\u00e1vel 321 em formas sem costura ou soldadas, dispon\u00edveis em v\u00e1rios tamanhos. Tamb\u00e9m fornecemos um servi\u00e7o de corte de tubos em que fornecemos os seus produtos tubulares com comprimentos exactos.<\/p>\t\t\t\t\t\t\t\t<\/div>\n\t\t\t\t<\/div>\n\t\t\t\t\t<\/div>\n\t\t\t\t<\/div>\n\t\t<div class=\"elementor-element elementor-element-6d85733 e-flex e-con-boxed e-con e-parent\" data-id=\"6d85733\" data-element_type=\"container\" data-e-type=\"container\">\n\t\t\t\t\t<div class=\"e-con-inner\">\n\t\t\t\t<div class=\"elementor-element elementor-element-2fdb7b0 elementor-widget elementor-widget-heading\" data-id=\"2fdb7b0\" data-element_type=\"widget\" data-e-type=\"widget\" data-widget_type=\"heading.default\">\n\t\t\t\t<div class=\"elementor-widget-container\">\n\t\t\t\t\t<h3 class=\"elementor-heading-title elementor-size-default\">Composi\u00e7\u00e3o qu\u00edmica\n<\/h3>\t\t\t\t<\/div>\n\t\t\t\t<\/div>\n\t\t\t\t<div class=\"elementor-element elementor-element-abc4a6a elementor-widget elementor-widget-text-editor\" data-id=\"abc4a6a\" data-element_type=\"widget\" data-e-type=\"widget\" data-widget_type=\"text-editor.default\">\n\t\t\t\t<div class=\"elementor-widget-container\">\n\t\t\t\t\t\t\t\t\t<table><tbody><tr><td colspan=\"2\">Grau<\/td><td>C<\/td><td>Mn<\/td><td>Si<\/td><td>P<\/td><td>S<\/td><td>Cr<\/td><td>Mo<\/td><td>Ni<\/td><td>N<\/td><td>Outros<\/td><\/tr><tr><td>321<\/td><td>min.<br \/>m\u00e1ximo<\/td><td>\u2013<br \/>0.08<\/td><td>2.00<\/td><td>0.75<\/td><td>0.045<\/td><td>0.030<\/td><td>17.0<br \/>19.0<\/td><td>\u2013<\/td><td>9.0<br \/>12.0<\/td><td>0.10<\/td><td>Ti=5(C+N)<br \/>0.70<\/td><\/tr><tr><td>321H<\/td><td>min.<br \/>m\u00e1ximo<\/td><td>0.04<br \/>0.10<\/td><td>2.00<\/td><td>0.75<\/td><td>0.045<\/td><td>0.030<\/td><td>17.0<br \/>19.0<\/td><td>\u2013<\/td><td>9.0<br \/>12.0<\/td><td>\u2013<\/td><td>Ti=4(C+N)<br \/>0.70<\/td><\/tr><\/tbody><\/table>\t\t\t\t\t\t\t\t<\/div>\n\t\t\t\t<\/div>\n\t\t\t\t\t<\/div>\n\t\t\t\t<\/div>\n\t\t\t\t<\/div>","protected":false},"excerpt":{"rendered":"<p>A tubagem de a\u00e7o inoxid\u00e1vel 321 \u00e9 um a\u00e7o inoxid\u00e1vel austen\u00edtico de baixo teor de carbono com carbonetos estabilizadores de tit\u00e2nio para melhorar significativamente o seu desempenho a altas temperaturas. Composto por 18-20% de cr\u00f3mio, 9-12% de n\u00edquel e 0,1-0,8% de tit\u00e2nio, o tubo de a\u00e7o inoxid\u00e1vel 321 evita a corros\u00e3o intergranular a temperaturas elevadas e assegura a integridade estrutural.<\/p>\n<div class=\"elementor-element elementor-element-a250538 e-flex e-con-boxed e-con e-parent e-lazyloaded\" data-id=\"a250538\" data-element_type=\"container\">\n<div class=\"e-con-inner\">\n<div class=\"elementor-element elementor-element-132511d elementor-widget elementor-widget-text-editor\" data-id=\"132511d\" data-element_type=\"widget\" data-widget_type=\"text-editor.default\">\n<div class=\"elementor-widget-container\">\n<p>A JBLSTEEL armazena tubos de a\u00e7o inoxid\u00e1vel 321 em formas sem costura ou soldadas, dispon\u00edveis em v\u00e1rios tamanhos. Tamb\u00e9m fornecemos um servi\u00e7o de corte de tubos em que fornecemos os seus produtos tubulares com comprimentos exactos.<\/p>\n<\/div>\n<\/div>\n<\/div>\n<\/div>\n<ul>\n<li>Resist\u00eancia \u00e0 corros\u00e3o intergranular<\/li>\n<li>Excelente resist\u00eancia \u00e0 corros\u00e3o<\/li>\n<li>Resist\u00eancia a altas temperaturas<\/li>\n<li>Resist\u00eancia a baixas temperaturas<\/li>\n<\/ul>","protected":false},"featured_media":1315,"template":"","meta":{"_eb_attr":""},"product_brand":[],"product_cat":[30],"product_tag":[],"class_list":{"0":"post-2231","1":"product","2":"type-product","3":"status-publish","4":"has-post-thumbnail","6":"product_cat-stainless-steel-seamless-pipe","8":"first","9":"instock","10":"shipping-taxable","11":"product-type-simple"},"_links":{"self":[{"href":"https:\/\/jblstainless.com\/pt\/wp-json\/wp\/v2\/product\/2231","targetHints":{"allow":["GET"]}}],"collection":[{"href":"https:\/\/jblstainless.com\/pt\/wp-json\/wp\/v2\/product"}],"about":[{"href":"https:\/\/jblstainless.com\/pt\/wp-json\/wp\/v2\/types\/product"}],"version-history":[{"count":5,"href":"https:\/\/jblstainless.com\/pt\/wp-json\/wp\/v2\/product\/2231\/revisions"}],"predecessor-version":[{"id":2237,"href":"https:\/\/jblstainless.com\/pt\/wp-json\/wp\/v2\/product\/2231\/revisions\/2237"}],"wp:featuredmedia":[{"embeddable":true,"href":"https:\/\/jblstainless.com\/pt\/wp-json\/wp\/v2\/media\/1315"}],"wp:attachment":[{"href":"https:\/\/jblstainless.com\/pt\/wp-json\/wp\/v2\/media?parent=2231"}],"wp:term":[{"taxonomy":"product_brand","embeddable":true,"href":"https:\/\/jblstainless.com\/pt\/wp-json\/wp\/v2\/product_brand?post=2231"},{"taxonomy":"product_cat","embeddable":true,"href":"https:\/\/jblstainless.com\/pt\/wp-json\/wp\/v2\/product_cat?post=2231"},{"taxonomy":"product_tag","embeddable":true,"href":"https:\/\/jblstainless.com\/pt\/wp-json\/wp\/v2\/product_tag?post=2231"}],"curies":[{"name":"wp","href":"https:\/\/api.w.org\/{rel}","templated":true}]}}