{"id":2401,"date":"2025-12-01T16:52:25","date_gmt":"2025-12-01T08:52:25","guid":{"rendered":"https:\/\/jblstainless.com\/?post_type=product&#038;p=2401"},"modified":"2025-12-01T16:55:07","modified_gmt":"2025-12-01T08:55:07","slug":"tubo-sem-costura-em-aco-inoxidavel-201","status":"publish","type":"product","link":"https:\/\/jblstainless.com\/pt\/201-stainless-steel-seamless-pipe\/","title":{"rendered":"Tubo sem costura em a\u00e7o inoxid\u00e1vel 201"},"content":{"rendered":"<div data-elementor-type=\"product-post\" data-elementor-id=\"2401\" class=\"elementor elementor-2401\" data-elementor-post-type=\"product\">\n\t\t\t\t<div class=\"elementor-element elementor-element-14549ad e-flex e-con-boxed e-con e-parent\" data-id=\"14549ad\" data-element_type=\"container\" data-e-type=\"container\">\n\t\t\t\t\t<div class=\"e-con-inner\">\n\t\t\t\t<div class=\"elementor-element elementor-element-d6103e7 elementor-widget elementor-widget-text-editor\" data-id=\"d6103e7\" data-element_type=\"widget\" data-e-type=\"widget\" data-widget_type=\"text-editor.default\">\n\t\t\t\t<div class=\"elementor-widget-container\">\n\t\t\t\t\t\t\t\t\t<p>O tubo sem costura de a\u00e7o inoxid\u00e1vel 201 \u00e9 um tubo de a\u00e7o inoxid\u00e1vel austen\u00edtico com baixo teor de n\u00edquel, conhecido pelo seu baixo custo e alta resist\u00eancia \u00e0 corros\u00e3o, adequado para ambientes com baixa e m\u00e9dia corros\u00e3o.<\/p><p>O a\u00e7o inoxid\u00e1vel 201 pertence \u00e0 s\u00e9rie Cr-Ni-Mn de a\u00e7os inoxid\u00e1veis austen\u00edticos. Ao adicionar mangan\u00eas (Mn) e nitrog\u00e9nio (N) para substituir o n\u00edquel (Ni), mant\u00e9m a estabilidade da estrutura austen\u00edtica, reduzindo os custos. Tamb\u00e9m oferece boa\u00a0<span style=\"font-size: 1rem;\">resist\u00eancia \u00e0 corros\u00e3o, alta resist\u00eancia e boa usinabilidade, tornando-o adequado para ambientes de alta temperatura e alta press\u00e3o.<\/span><\/p><p>A JBLSTEEL \u00e9 um dos maiores fornecedores e fabricantes de tubos sem costura em a\u00e7o inoxid\u00e1vel 201. A JBLSTEEL comercializa uma vasta gama de tubos em a\u00e7o inoxid\u00e1vel 210, incluindo tubos redondos, tubos quadrados, tubos retangulares e tubos polidos, entre outros, com v\u00e1rias especifica\u00e7\u00f5es.<\/p>\t\t\t\t\t\t\t\t<\/div>\n\t\t\t\t<\/div>\n\t\t\t\t\t<\/div>\n\t\t\t\t<\/div>\n\t\t<div class=\"elementor-element elementor-element-056cb9e e-flex e-con-boxed e-con e-parent\" data-id=\"056cb9e\" data-element_type=\"container\" data-e-type=\"container\">\n\t\t\t\t\t<div class=\"e-con-inner\">\n\t\t\t\t<div class=\"elementor-element elementor-element-f666f62 elementor-widget elementor-widget-image\" data-id=\"f666f62\" data-element_type=\"widget\" data-e-type=\"widget\" data-widget_type=\"image.default\">\n\t\t\t\t<div class=\"elementor-widget-container\">\n\t\t\t\t\t\t\t\t\t\t\t\t\t\t\t<img fetchpriority=\"high\" decoding=\"async\" width=\"600\" height=\"600\" src=\"https:\/\/jblstainless.com\/wp-content\/uploads\/2025\/03\/smls-pipe.webp\" class=\"attachment-large size-large wp-image-1297\" alt=\"Tubo sem costura em a\u00e7o inoxid\u00e1vel 201\" srcset=\"https:\/\/jblstainless.com\/wp-content\/uploads\/2025\/03\/smls-pipe.webp 600w, https:\/\/jblstainless.com\/wp-content\/uploads\/2025\/03\/smls-pipe-300x300.webp 300w, https:\/\/jblstainless.com\/wp-content\/uploads\/2025\/03\/smls-pipe-150x150.webp 150w, https:\/\/jblstainless.com\/wp-content\/uploads\/2025\/03\/smls-pipe-12x12.webp 12w, https:\/\/jblstainless.com\/wp-content\/uploads\/2025\/03\/smls-pipe-100x100.webp 100w\" sizes=\"(max-width: 600px) 100vw, 600px\" \/>\t\t\t\t\t\t\t\t\t\t\t\t\t\t\t<\/div>\n\t\t\t\t<\/div>\n\t\t\t\t<div class=\"elementor-element elementor-element-216304d elementor-widget elementor-widget-image\" data-id=\"216304d\" data-element_type=\"widget\" data-e-type=\"widget\" data-widget_type=\"image.default\">\n\t\t\t\t<div class=\"elementor-widget-container\">\n\t\t\t\t\t\t\t\t\t\t\t\t\t\t\t<img decoding=\"async\" width=\"600\" height=\"600\" src=\"https:\/\/jblstainless.com\/wp-content\/uploads\/2025\/03\/steel-pipe-1.webp\" class=\"attachment-large size-large wp-image-1315\" alt=\"Tubo de a\u00e7o inoxid\u00e1vel 201\" srcset=\"https:\/\/jblstainless.com\/wp-content\/uploads\/2025\/03\/steel-pipe-1.webp 600w, https:\/\/jblstainless.com\/wp-content\/uploads\/2025\/03\/steel-pipe-1-300x300.webp 300w, https:\/\/jblstainless.com\/wp-content\/uploads\/2025\/03\/steel-pipe-1-150x150.webp 150w, https:\/\/jblstainless.com\/wp-content\/uploads\/2025\/03\/steel-pipe-1-12x12.webp 12w, https:\/\/jblstainless.com\/wp-content\/uploads\/2025\/03\/steel-pipe-1-100x100.webp 100w\" sizes=\"(max-width: 600px) 100vw, 600px\" \/>\t\t\t\t\t\t\t\t\t\t\t\t\t\t\t<\/div>\n\t\t\t\t<\/div>\n\t\t\t\t<div class=\"elementor-element elementor-element-88d3c70 elementor-widget elementor-widget-image\" data-id=\"88d3c70\" data-element_type=\"widget\" data-e-type=\"widget\" data-widget_type=\"image.default\">\n\t\t\t\t<div class=\"elementor-widget-container\">\n\t\t\t\t\t\t\t\t\t\t\t\t\t\t\t<img decoding=\"async\" width=\"600\" height=\"600\" src=\"https:\/\/jblstainless.com\/wp-content\/uploads\/2025\/03\/ss-round-pipe.webp\" class=\"attachment-large size-large wp-image-1314\" alt=\"Tubo 201 ss\" srcset=\"https:\/\/jblstainless.com\/wp-content\/uploads\/2025\/03\/ss-round-pipe.webp 600w, https:\/\/jblstainless.com\/wp-content\/uploads\/2025\/03\/ss-round-pipe-300x300.webp 300w, https:\/\/jblstainless.com\/wp-content\/uploads\/2025\/03\/ss-round-pipe-150x150.webp 150w, https:\/\/jblstainless.com\/wp-content\/uploads\/2025\/03\/ss-round-pipe-12x12.webp 12w, https:\/\/jblstainless.com\/wp-content\/uploads\/2025\/03\/ss-round-pipe-100x100.webp 100w\" sizes=\"(max-width: 600px) 100vw, 600px\" \/>\t\t\t\t\t\t\t\t\t\t\t\t\t\t\t<\/div>\n\t\t\t\t<\/div>\n\t\t\t\t\t<\/div>\n\t\t\t\t<\/div>\n\t\t<div class=\"elementor-element elementor-element-505d026 e-flex e-con-boxed e-con e-parent\" data-id=\"505d026\" data-element_type=\"container\" data-e-type=\"container\">\n\t\t\t\t\t<div class=\"e-con-inner\">\n\t\t\t\t<div class=\"elementor-element elementor-element-363845b elementor-widget elementor-widget-heading\" data-id=\"363845b\" data-element_type=\"widget\" data-e-type=\"widget\" data-widget_type=\"heading.default\">\n\t\t\t\t<div class=\"elementor-widget-container\">\n\t\t\t\t\t<h2 class=\"elementor-heading-title elementor-size-default\">Especifica\u00e7\u00e3o do tubo sem costura em a\u00e7o inoxid\u00e1vel 201<\/h2>\t\t\t\t<\/div>\n\t\t\t\t<\/div>\n\t\t\t\t<div class=\"elementor-element elementor-element-f2f6183 elementor-widget elementor-widget-text-editor\" data-id=\"f2f6183\" data-element_type=\"widget\" data-e-type=\"widget\" data-widget_type=\"text-editor.default\">\n\t\t\t\t<div class=\"elementor-widget-container\">\n\t\t\t\t\t\t\t\t\t<table><tbody><tr><td>Padr\u00e3o<\/td><td>ASTM A213\/ASME SA213, ASTM A312\/ASME SA312<\/td><\/tr><tr><td>Tamanho<\/td><td>6 \u2013 914 mm<br \/>OD: DN6 \u2013 DN600<\/td><\/tr><tr><td>Espessura da parede<\/td><td>0,020\u2033 \u20130,220\u2033, pode ser personalizado<br \/>toler\u00e2ncia: \u00b1 10%<\/td><\/tr><tr><td>Agenda<\/td><td>SCH5, SCH10, SCH20, SCH40, SCH80, SCH160, XXS<\/td><\/tr><tr><td>Comprimento<\/td><td>100 mm - 12000 mm, ou conforme necess\u00e1rio<\/td><\/tr><tr><td>Tratamento de superf\u00edcie<\/td><td>2B\/BA\/N.\u00ba 4\/HL\/Espelho, etc.\u00a0<\/td><\/tr><\/tbody><\/table>\t\t\t\t\t\t\t\t<\/div>\n\t\t\t\t<\/div>\n\t\t\t\t\t<\/div>\n\t\t\t\t<\/div>\n\t\t<div class=\"elementor-element elementor-element-d95bfed e-flex e-con-boxed e-con e-parent\" data-id=\"d95bfed\" data-element_type=\"container\" data-e-type=\"container\">\n\t\t\t\t\t<div class=\"e-con-inner\">\n\t\t\t\t<div class=\"elementor-element elementor-element-8b3c66b elementor-widget elementor-widget-heading\" data-id=\"8b3c66b\" data-element_type=\"widget\" data-e-type=\"widget\" data-widget_type=\"heading.default\">\n\t\t\t\t<div class=\"elementor-widget-container\">\n\t\t\t\t\t<h3 class=\"elementor-heading-title elementor-size-default\">SS201 Tamanho do tubo <\/h3>\t\t\t\t<\/div>\n\t\t\t\t<\/div>\n\t\t\t\t<div class=\"elementor-element elementor-element-2efa18f elementor-widget elementor-widget-text-editor\" data-id=\"2efa18f\" data-element_type=\"widget\" data-e-type=\"widget\" data-widget_type=\"text-editor.default\">\n\t\t\t\t<div class=\"elementor-widget-container\">\n\t\t\t\t\t\t\t\t\t<table><tbody><tr><th>1\/8\u2033 IPS (0,405\u2033 de di\u00e2metro externo)<\/th><th>3 1\/2\u2033 IPS (4,000\u2033 O.D.)<\/th><\/tr><tr><td>SCH 40, 80<\/td><td>SCH 10, 40, 80, 160, XXH<\/td><\/tr><tr><th>1\/4\u2033 IPS (0,540\u2033 de di\u00e2metro externo)<\/th><th>4\u2033 IPS (4,500\u2033 O.D.)<\/th><\/tr><tr><td>SCH 10, 40, 80<\/td><td>SCH 10, 40, 80, 160, XXH<\/td><\/tr><tr><th>3\/8\u2033 IPS (0,675\u2033 de di\u00e2metro externo)<\/th><th>5\u2033 IPS (5,563\u2033 O.D.)<\/th><\/tr><tr><td>SCH 10, 40, 80<\/td><td>SCH 10, 40, 80, 160, XXH<\/td><\/tr><tr><th>1\/2\u2033 IPS (0,840\u2033 de di\u00e2metro externo)<\/th><th>6\u2033 IPS (6,625\u2033 O.D.)<\/th><\/tr><tr><td>SCH 5, 10, 40, 80, 160, XXH<\/td><td>SCH 5, 10, 40, 80, 120, 160, XXH<\/td><\/tr><tr><th>3\/4\u2033 IPS (1,050\u2033 O.D.)<\/th><th>8\u201d IPS (8,625\u201d O.D.)<\/th><\/tr><tr><td>SCH 10, 40, 80, 160, XXH<\/td><td>SCH 5, 10, 40, 80, 120, 160, XXH<\/td><\/tr><tr><th>1\u2033 IPS: (1,315\u2032 O.D.)<\/th><th>10\u2033 IPS (10,750\u2033 O.D.)<\/th><\/tr><tr><td>SCH 5, 10, 40, 80, 160, XXH<\/td><td>SCH 10, 20, 40, 80 (.500), TRUE 80(.500)<\/td><\/tr><tr><th>1-1\/4\u2033 IPS (1,660\u2033 O.D.)<\/th><th>12\u2033 IPS (12,750\u2033 O.D.)<\/th><\/tr><tr><td>SCH 10, 40, 80, 160, XXH<\/td><td>SCH 10, 20, 40 (0,375), TRUE40 (0,406), SCH80 (0,500)<\/td><\/tr><tr><th>1-1\/2\u2033 IPS (1,900\u2033 O.D.)<\/th><th>14\u2033 IPS (14,000\u2033 O.D.)<\/th><\/tr><tr><td>SCH 10, 40, 80, 160, XXH<\/td><td>SCH10 (0,188), SCH40 (0,375)<\/td><\/tr><tr><th>IPS de 2\u2033 (2,375\u2033 de di\u00e2metro externo)<\/th><th>16\u2033 IPS (16,000\u2033 O.D.)<\/th><\/tr><tr><td>SCH 10, 40, 80, 160, XXH<\/td><td>SCH10 (0,188), SCH40 (0,375)<\/td><\/tr><tr><th>2 1\/2\u2033 IPS (2,875\u2033 O.D.)<\/th><th>18\u2033 IPS (18,000\u2033 O.D.)<\/th><\/tr><tr><td>SCH 10, 40, 80, 160, XXH<\/td><td>SCH-40 (0,375)<\/td><\/tr><tr><th>3\u2033 IPS (3,500\u2033 O.D.)<\/th><th>\u00a0<\/th><\/tr><tr><td>SCH 5, 10, 40, 80, 160, XXH<\/td><td>\u00a0<\/td><\/tr><\/tbody><\/table>\t\t\t\t\t\t\t\t<\/div>\n\t\t\t\t<\/div>\n\t\t\t\t\t<\/div>\n\t\t\t\t<\/div>\n\t\t<div class=\"elementor-element elementor-element-3945a8e e-flex e-con-boxed e-con e-parent\" data-id=\"3945a8e\" data-element_type=\"container\" data-e-type=\"container\">\n\t\t\t\t\t<div class=\"e-con-inner\">\n\t\t\t\t<div class=\"elementor-element elementor-element-ab98427 elementor-widget elementor-widget-heading\" data-id=\"ab98427\" data-element_type=\"widget\" data-e-type=\"widget\" data-widget_type=\"heading.default\">\n\t\t\t\t<div class=\"elementor-widget-container\">\n\t\t\t\t\t<h3 class=\"elementor-heading-title elementor-size-default\">Composi\u00e7\u00e3o qu\u00edmica do a\u00e7o inoxid\u00e1vel 201\n<\/h3>\t\t\t\t<\/div>\n\t\t\t\t<\/div>\n\t\t\t\t<div class=\"elementor-element elementor-element-bf6c7e5 elementor-widget elementor-widget-text-editor\" data-id=\"bf6c7e5\" data-element_type=\"widget\" data-e-type=\"widget\" data-widget_type=\"text-editor.default\">\n\t\t\t\t<div class=\"elementor-widget-container\">\n\t\t\t\t\t\t\t\t\t<p>O a\u00e7o inoxid\u00e1vel 201 \u00e9 um a\u00e7o inoxid\u00e1vel austen\u00edtico com baixo teor de n\u00edquel. O seu baixo teor de n\u00edquel proporciona certa resist\u00eancia \u00e0 corros\u00e3o e economia.<\/p><p>C: \u22640,15%\u00a0<\/p><p>Sim: \u22640,75% \uff5e \u22641,00%\u00a0<\/p><p>Mn: 5,5\uff5e7,50%\u00a0<\/p><p>Cr: 16,0\uff5e18,0%\u00a0<\/p><p>N: \u22640,25%\u00a0<\/p><p>P: \u22640,060%\u00a0<\/p><p>S: \u22640,030%<\/p><p>Ni: 3,5\uff5e5,5%<\/p>\t\t\t\t\t\t\t\t<\/div>\n\t\t\t\t<\/div>\n\t\t\t\t\t<\/div>\n\t\t\t\t<\/div>\n\t\t<div class=\"elementor-element elementor-element-ef7ba24 e-flex e-con-boxed e-con e-parent\" data-id=\"ef7ba24\" data-element_type=\"container\" data-e-type=\"container\">\n\t\t\t\t\t<div class=\"e-con-inner\">\n\t\t\t\t<div class=\"elementor-element elementor-element-304179b elementor-widget elementor-widget-heading\" data-id=\"304179b\" data-element_type=\"widget\" data-e-type=\"widget\" data-widget_type=\"heading.default\">\n\t\t\t\t<div class=\"elementor-widget-container\">\n\t\t\t\t\t<h3 class=\"elementor-heading-title elementor-size-default\">Propriedades mec\u00e2nicas<\/h3>\t\t\t\t<\/div>\n\t\t\t\t<\/div>\n\t\t\t\t<div class=\"elementor-element elementor-element-42a3673 elementor-widget elementor-widget-text-editor\" data-id=\"42a3673\" data-element_type=\"widget\" data-e-type=\"widget\" data-widget_type=\"text-editor.default\">\n\t\t\t\t<div class=\"elementor-widget-container\">\n\t\t\t\t\t\t\t\t\t<p>Resist\u00eancia \u00e0 tra\u00e7\u00e3o: \u2265520 MPa<\/p><p>Resist\u00eancia ao escoamento: \u2265275 MPa<\/p><p>Alongamento: \u226540%<\/p><p>Dureza: \u2264241HB<\/p><p>Densidade: 7,64\uff5e7,93 g\/cm\u00b3<\/p><p>O a\u00e7o inoxid\u00e1vel 201 tem boa plasticidade na condi\u00e7\u00e3o recozida, mas a plasticidade diminui significativamente ap\u00f3s o trabalho a frio.<\/p>\t\t\t\t\t\t\t\t<\/div>\n\t\t\t\t<\/div>\n\t\t\t\t\t<\/div>\n\t\t\t\t<\/div>\n\t\t<div class=\"elementor-element elementor-element-a82842a e-flex e-con-boxed e-con e-parent\" data-id=\"a82842a\" data-element_type=\"container\" data-e-type=\"container\">\n\t\t\t\t\t<div class=\"e-con-inner\">\n\t\t\t\t<div class=\"elementor-element elementor-element-fb339c1 elementor-widget elementor-widget-heading\" data-id=\"fb339c1\" data-element_type=\"widget\" data-e-type=\"widget\" data-widget_type=\"heading.default\">\n\t\t\t\t<div class=\"elementor-widget-container\">\n\t\t\t\t\t<h2 class=\"elementor-heading-title elementor-size-default\">A\u00e7o inoxid\u00e1vel 201 vs. 304<\/h2>\t\t\t\t<\/div>\n\t\t\t\t<\/div>\n\t\t\t\t<div class=\"elementor-element elementor-element-29bb172 elementor-widget elementor-widget-text-editor\" data-id=\"29bb172\" data-element_type=\"widget\" data-e-type=\"widget\" data-widget_type=\"text-editor.default\">\n\t\t\t\t<div class=\"elementor-widget-container\">\n\t\t\t\t\t\t\t\t\t<p>O tubo sem costura de a\u00e7o inoxid\u00e1vel 201 \u00e9 um a\u00e7o inoxid\u00e1vel austen\u00edtico econ\u00f3mico com boa rela\u00e7\u00e3o custo-benef\u00edcio. Atrav\u00e9s de um design de liga que substitui o n\u00edquel por mangan\u00eas e nitrog\u00e9nio, oferece n\u00edveis de resist\u00eancia semelhantes aos do 304 em ambientes secos e de baixa corros\u00e3o. No entanto, a sua resist\u00eancia \u00e0 corros\u00e3o em meios clorados \u00e9 apenas 30-40% da do 304.<\/p>\n<p>Embora o tubo sem costura de a\u00e7o inoxid\u00e1vel 201 n\u00e3o seja t\u00e3o resistente \u00e0 corros\u00e3o quanto o a\u00e7o inoxid\u00e1vel 304, ele continua sendo uma alternativa vi\u00e1vel para determinadas aplica\u00e7\u00f5es em que n\u00e3o \u00e9 necess\u00e1ria uma resist\u00eancia \u00e0 corros\u00e3o extremamente alta.<\/p>\t\t\t\t\t\t\t\t<\/div>\n\t\t\t\t<\/div>\n\t\t\t\t\t<\/div>\n\t\t\t\t<\/div>\n\t\t\t\t<\/div>","protected":false},"excerpt":{"rendered":"<p>O tubo sem costura de a\u00e7o inoxid\u00e1vel 201 \u00e9 um tubo de a\u00e7o inoxid\u00e1vel austen\u00edtico com baixo teor de n\u00edquel, adequado para ambientes com baixa e m\u00e9dia corros\u00e3o.<\/p>\n<p>Tamanho: 4 \u2013 219 mm<\/p>\n<p>OD: DN 6 \u2013 DN600<\/p>\n<p>Espessura da parede: 0,5 mm \u2013 50 mm<\/p>\n<p>Superf\u00edcie: 2B\/BA\/NO.4\/HL\/Espelho<\/p>","protected":false},"featured_media":2407,"template":"","meta":{"_eb_attr":""},"product_brand":[],"product_cat":[30],"product_tag":[],"class_list":{"0":"post-2401","1":"product","2":"type-product","3":"status-publish","4":"has-post-thumbnail","6":"product_cat-stainless-steel-seamless-pipe","8":"first","9":"instock","10":"shipping-taxable","11":"product-type-simple"},"_links":{"self":[{"href":"https:\/\/jblstainless.com\/pt\/wp-json\/wp\/v2\/product\/2401","targetHints":{"allow":["GET"]}}],"collection":[{"href":"https:\/\/jblstainless.com\/pt\/wp-json\/wp\/v2\/product"}],"about":[{"href":"https:\/\/jblstainless.com\/pt\/wp-json\/wp\/v2\/types\/product"}],"version-history":[{"count":9,"href":"https:\/\/jblstainless.com\/pt\/wp-json\/wp\/v2\/product\/2401\/revisions"}],"predecessor-version":[{"id":2411,"href":"https:\/\/jblstainless.com\/pt\/wp-json\/wp\/v2\/product\/2401\/revisions\/2411"}],"wp:featuredmedia":[{"embeddable":true,"href":"https:\/\/jblstainless.com\/pt\/wp-json\/wp\/v2\/media\/2407"}],"wp:attachment":[{"href":"https:\/\/jblstainless.com\/pt\/wp-json\/wp\/v2\/media?parent=2401"}],"wp:term":[{"taxonomy":"product_brand","embeddable":true,"href":"https:\/\/jblstainless.com\/pt\/wp-json\/wp\/v2\/product_brand?post=2401"},{"taxonomy":"product_cat","embeddable":true,"href":"https:\/\/jblstainless.com\/pt\/wp-json\/wp\/v2\/product_cat?post=2401"},{"taxonomy":"product_tag","embeddable":true,"href":"https:\/\/jblstainless.com\/pt\/wp-json\/wp\/v2\/product_tag?post=2401"}],"curies":[{"name":"wp","href":"https:\/\/api.w.org\/{rel}","templated":true}]}}