{"id":2439,"date":"2026-01-12T17:14:49","date_gmt":"2026-01-12T09:14:49","guid":{"rendered":"https:\/\/jblstainless.com\/?post_type=product&#038;p=2439"},"modified":"2026-01-12T17:14:49","modified_gmt":"2026-01-12T09:14:49","slug":"tubos-de-aco-inoxidavel-317","status":"publish","type":"product","link":"https:\/\/jblstainless.com\/pt\/317-stainless-steel-tubing\/","title":{"rendered":"Tubos de a\u00e7o inoxid\u00e1vel 317"},"content":{"rendered":"<div data-elementor-type=\"product-post\" data-elementor-id=\"2439\" class=\"elementor elementor-2439\" data-elementor-post-type=\"product\">\n\t\t\t\t<div class=\"elementor-element elementor-element-043affb e-flex e-con-boxed e-con e-parent\" data-id=\"043affb\" data-element_type=\"container\" data-e-type=\"container\">\n\t\t\t\t\t<div class=\"e-con-inner\">\n\t\t\t\t<div class=\"elementor-element elementor-element-b2f0f0d elementor-widget elementor-widget-text-editor\" data-id=\"b2f0f0d\" data-element_type=\"widget\" data-e-type=\"widget\" data-widget_type=\"text-editor.default\">\n\t\t\t\t<div class=\"elementor-widget-container\">\n\t\t\t\t\t\t\t\t\t<p>O tubo de a\u00e7o inoxid\u00e1vel 317 \u00e9 um tubo de liga com elevado teor de cr\u00f3mio-n\u00edquel-molibd\u00e9nio que cont\u00e9m at\u00e9 3-4% de molibd\u00e9nio, excedendo significativamente os n\u00edveis encontrados nos tipos 316\/316L. O elevado teor de molibd\u00e9nio aumenta significativamente a resist\u00eancia \u00e0 corros\u00e3o por picadas e fendas em ambientes que cont\u00eam cloro, tornando-o particularmente adequado para condi\u00e7\u00f5es extremas, como a \u00e1gua do mar e meios qu\u00edmicos fortemente \u00e1cidos. O n\u00edquel e o cr\u00f3mio adicionais garantem que o tubo se mant\u00e9m est\u00e1vel e dur\u00e1vel a altas temperaturas, prolongando eficazmente a vida \u00fatil do equipamento.<\/p><p>Os tubos de a\u00e7o inoxid\u00e1vel 317 tornaram-se a escolha preferida para engenharia mar\u00edtima, decapagem qu\u00edmica e outras aplica\u00e7\u00f5es exigentes, proporcionando uma prote\u00e7\u00e3o superior para diversos projectos industriais.<\/p>\t\t\t\t\t\t\t\t<\/div>\n\t\t\t\t<\/div>\n\t\t\t\t\t<\/div>\n\t\t\t\t<\/div>\n\t\t<div class=\"elementor-element elementor-element-06ec2a1 e-flex e-con-boxed e-con e-parent\" data-id=\"06ec2a1\" data-element_type=\"container\" data-e-type=\"container\">\n\t\t\t\t\t<div class=\"e-con-inner\">\n\t\t\t\t<div class=\"elementor-element elementor-element-79f89bb elementor-widget elementor-widget-heading\" data-id=\"79f89bb\" data-element_type=\"widget\" data-e-type=\"widget\" data-widget_type=\"heading.default\">\n\t\t\t\t<div class=\"elementor-widget-container\">\n\t\t\t\t\t<h2 class=\"elementor-heading-title elementor-size-default\">Tubos de a\u00e7o inoxid\u00e1vel 317 Especifica\u00e7\u00e3o<\/h2>\t\t\t\t<\/div>\n\t\t\t\t<\/div>\n\t\t\t\t<div class=\"elementor-element elementor-element-ac8b8cc elementor-widget elementor-widget-text-editor\" data-id=\"ac8b8cc\" data-element_type=\"widget\" data-e-type=\"widget\" data-widget_type=\"text-editor.default\">\n\t\t\t\t<div class=\"elementor-widget-container\">\n\t\t\t\t\t\t\t\t\t<p>Material:317, 317L a\u00e7o inoxid\u00e1vel<br \/>Norma:ASTM A213, ASTM A249, ASTM A269<br \/>Tamanhos (sem costura): 1\/2\u2033 NB - 24\u2033 NB<br \/>Tamanhos (ERW):1\/2\u2033 NB - 24\u2033 NB<br \/>Tamanhos (EFW): 6\u2033 NB - 100\u2033 NB<br \/>Espessura da parede: Sch 5S - Schedule XXS (mais pesado a pedido)<\/p>\t\t\t\t\t\t\t\t<\/div>\n\t\t\t\t<\/div>\n\t\t\t\t\t<\/div>\n\t\t\t\t<\/div>\n\t\t<div class=\"elementor-element elementor-element-f1e7b2d e-flex e-con-boxed e-con e-parent\" data-id=\"f1e7b2d\" data-element_type=\"container\" data-e-type=\"container\">\n\t\t\t\t\t<div class=\"e-con-inner\">\n\t\t\t\t<div class=\"elementor-element elementor-element-24f9f3c elementor-widget elementor-widget-heading\" data-id=\"24f9f3c\" data-element_type=\"widget\" data-e-type=\"widget\" data-widget_type=\"heading.default\">\n\t\t\t\t<div class=\"elementor-widget-container\">\n\t\t\t\t\t<h3 class=\"elementor-heading-title elementor-size-default\">Processamento e servi\u00e7os personalizados<\/h3>\t\t\t\t<\/div>\n\t\t\t\t<\/div>\n\t\t\t\t<div class=\"elementor-element elementor-element-f2fdba4 elementor-widget elementor-widget-text-editor\" data-id=\"f2fdba4\" data-element_type=\"widget\" data-e-type=\"widget\" data-widget_type=\"text-editor.default\">\n\t\t\t\t<div class=\"elementor-widget-container\">\n\t\t\t\t\t\t\t\t\t<p>Corte \u00e0 medida: O corte preciso de acordo com as especifica\u00e7\u00f5es do cliente minimiza o desperd\u00edcio na instala\u00e7\u00e3o no local.<\/p><p>Polimento espelhado: Proporciona um polimento com acabamento espelhado para as superf\u00edcies interior e exterior dos tubos, adequado para tubagens de grau sanit\u00e1rio ou projectos com requisitos decorativos rigorosos.<\/p><p>Decapagem e passiva\u00e7\u00e3o: Aplica processos profissionais de decapagem e passiva\u00e7\u00e3o para remover as incrusta\u00e7\u00f5es de soldadura e as impurezas da superf\u00edcie, formando uma camada densa de passiva\u00e7\u00e3o que aumenta significativamente a resist\u00eancia \u00e0 corros\u00e3o.<\/p><p>Fabrico de tubos de parede espessa: Produ\u00e7\u00e3o personalizada de v\u00e1rias dimens\u00f5es de parede espessa para satisfazer exig\u00eancias de engenharia de alta press\u00e3o ou alta resist\u00eancia.<\/p>\t\t\t\t\t\t\t\t<\/div>\n\t\t\t\t<\/div>\n\t\t\t\t<div class=\"elementor-element elementor-element-e847145 elementor-widget elementor-widget-image\" data-id=\"e847145\" data-element_type=\"widget\" data-e-type=\"widget\" data-widget_type=\"image.default\">\n\t\t\t\t<div class=\"elementor-widget-container\">\n\t\t\t\t\t\t\t\t\t\t\t\t\t\t\t<img fetchpriority=\"high\" decoding=\"async\" width=\"800\" height=\"400\" src=\"https:\/\/jblstainless.com\/wp-content\/uploads\/2025\/06\/316-pipe-surface-finish.webp\" class=\"attachment-large size-large wp-image-1669\" alt=\"Tubo de a\u00e7o inoxid\u00e1vel 430\" srcset=\"https:\/\/jblstainless.com\/wp-content\/uploads\/2025\/06\/316-pipe-surface-finish.webp 1000w, https:\/\/jblstainless.com\/wp-content\/uploads\/2025\/06\/316-pipe-surface-finish-300x150.webp 300w, https:\/\/jblstainless.com\/wp-content\/uploads\/2025\/06\/316-pipe-surface-finish-768x384.webp 768w, https:\/\/jblstainless.com\/wp-content\/uploads\/2025\/06\/316-pipe-surface-finish-18x9.webp 18w, https:\/\/jblstainless.com\/wp-content\/uploads\/2025\/06\/316-pipe-surface-finish-600x300.webp 600w\" sizes=\"(max-width: 800px) 100vw, 800px\" \/>\t\t\t\t\t\t\t\t\t\t\t\t\t\t\t<\/div>\n\t\t\t\t<\/div>\n\t\t\t\t\t<\/div>\n\t\t\t\t<\/div>\n\t\t<div class=\"elementor-element elementor-element-3770365 e-flex e-con-boxed e-con e-parent\" data-id=\"3770365\" data-element_type=\"container\" data-e-type=\"container\">\n\t\t\t\t\t<div class=\"e-con-inner\">\n\t\t\t\t<div class=\"elementor-element elementor-element-c3fb622 elementor-widget elementor-widget-heading\" data-id=\"c3fb622\" data-element_type=\"widget\" data-e-type=\"widget\" data-widget_type=\"heading.default\">\n\t\t\t\t<div class=\"elementor-widget-container\">\n\t\t\t\t\t<h3 class=\"elementor-heading-title elementor-size-default\">Composi\u00e7\u00e3o qu\u00edmica do tubo de a\u00e7o inoxid\u00e1vel 317<\/h3>\t\t\t\t<\/div>\n\t\t\t\t<\/div>\n\t\t\t\t<div class=\"elementor-element elementor-element-c173736 elementor-widget elementor-widget-text-editor\" data-id=\"c173736\" data-element_type=\"widget\" data-e-type=\"widget\" data-widget_type=\"text-editor.default\">\n\t\t\t\t<div class=\"elementor-widget-container\">\n\t\t\t\t\t\t\t\t\t<p>O a\u00e7o inoxid\u00e1vel 317 \u00e9 essencialmente uma liga de alto desempenho desenvolvida a partir do cl\u00e1ssico a\u00e7o inoxid\u00e1vel austen\u00edtico 18-8 (como o 304), aumentando significativamente o teor de molibd\u00e9nio (Mo) e optimizando outros elementos.<\/p>\t\t\t\t\t\t\t\t<\/div>\n\t\t\t\t<\/div>\n\t\t\t\t<div class=\"elementor-element elementor-element-99cd2f8 elementor-widget elementor-widget-text-editor\" data-id=\"99cd2f8\" data-element_type=\"widget\" data-e-type=\"widget\" data-widget_type=\"text-editor.default\">\n\t\t\t\t<div class=\"elementor-widget-container\">\n\t\t\t\t\t\t\t\t\t<table><tbody><tr><td>Grau<\/td><td>C<\/td><td>Mn<\/td><td>Si<\/td><td>P<\/td><td>S<\/td><td>Cr<\/td><td>Mo<\/td><td>Ni<\/td><td>Fe<\/td><\/tr><tr><td>SS 317<\/td><td>0,08 m\u00e1x.<\/td><td>2 max<\/td><td>1 m\u00e1ximo<\/td><td>0,045 max<\/td><td>0,030 m\u00e1x.<\/td><td>18 - 20<\/td><td>3 - 4<\/td><td>11 - 15<\/td><td>57.845 min<\/td><\/tr><\/tbody><\/table><p>Cr\u00f3mio (Cr): O cr\u00f3mio \u00e9 o elemento central que forma a pel\u00edcula de passiva\u00e7\u00e3o e proporciona uma resist\u00eancia essencial \u00e0 corros\u00e3o.<\/p><p>N\u00edquel (Ni): O n\u00edquel estabiliza a estrutura austen\u00edtica, assegurando a tenacidade do material, as propriedades n\u00e3o magn\u00e9ticas e a soldabilidade a temperaturas ambiente e baixas.<\/p><p>Molibd\u00e9nio (Mo): Esta \u00e9 a principal distin\u00e7\u00e3o entre o a\u00e7o inoxid\u00e1vel 317 e a s\u00e9rie 316 (teor de Mo 2-3%). A adi\u00e7\u00e3o de molibd\u00e9nio aumenta significativamente a resist\u00eancia do material \u00e0 corros\u00e3o por pite e em fendas em ambientes que cont\u00eam halogenetos, como os i\u00f5es cloreto.<\/p><p>Carbono (C): Aumenta a resist\u00eancia, mas combina-se facilmente com o cr\u00f3mio para formar carbonetos de cr\u00f3mio, levando \u00e0 deple\u00e7\u00e3o de cr\u00f3mio nos limites dos gr\u00e3os e desencadeando a corros\u00e3o intergranular.<\/p>\t\t\t\t\t\t\t\t<\/div>\n\t\t\t\t<\/div>\n\t\t\t\t<div class=\"elementor-element elementor-element-2772c38 elementor-widget elementor-widget-text-editor\" data-id=\"2772c38\" data-element_type=\"widget\" data-e-type=\"widget\" data-widget_type=\"text-editor.default\">\n\t\t\t\t<div class=\"elementor-widget-container\">\n\t\t\t\t\t\t\t\t\t<p>Os tubos de a\u00e7o inoxid\u00e1vel 317 s\u00e3o mais resistentes \u00e0 corros\u00e3o por picadas e fendas em ambientes com cloretos do que os a\u00e7os inoxid\u00e1veis austen\u00edticos de cr\u00f3mio-n\u00edquel convencionais, como os tubos de a\u00e7o inoxid\u00e1vel 304.<\/p><p>O teor de carbono mais elevado do tubo inoxid\u00e1vel 317 tamb\u00e9m torna o a\u00e7o menos sold\u00e1vel do que o a\u00e7o inoxid\u00e1vel 304 ou 316.<\/p>\t\t\t\t\t\t\t\t<\/div>\n\t\t\t\t<\/div>\n\t\t\t\t\t<\/div>\n\t\t\t\t<\/div>\n\t\t<div class=\"elementor-element elementor-element-282d04c e-flex e-con-boxed e-con e-parent\" data-id=\"282d04c\" data-element_type=\"container\" data-e-type=\"container\">\n\t\t\t\t\t<div class=\"e-con-inner\">\n\t\t\t\t<div class=\"elementor-element elementor-element-ea4208a elementor-widget elementor-widget-heading\" data-id=\"ea4208a\" data-element_type=\"widget\" data-e-type=\"widget\" data-widget_type=\"heading.default\">\n\t\t\t\t<div class=\"elementor-widget-container\">\n\t\t\t\t\t<h4 class=\"elementor-heading-title elementor-size-default\">Resist\u00eancia \u00e0 corros\u00e3o por pites e fendas\n<\/h4>\t\t\t\t<\/div>\n\t\t\t\t<\/div>\n\t\t\t\t<div class=\"elementor-element elementor-element-cbcabb7 elementor-widget elementor-widget-text-editor\" data-id=\"cbcabb7\" data-element_type=\"widget\" data-e-type=\"widget\" data-widget_type=\"text-editor.default\">\n\t\t\t\t<div class=\"elementor-widget-container\">\n\t\t\t\t\t\t\t\t\t<p>Esta \u00e9 a vantagem mais proeminente do a\u00e7o inoxid\u00e1vel 317. O elemento molibd\u00e9nio (Mo) suprime eficazmente o in\u00edcio e a propaga\u00e7\u00e3o da corros\u00e3o por pite e em fendas, aumentando a capacidade da pel\u00edcula de passiva\u00e7\u00e3o para re-passivar em ambientes que contenham cloro e reduzindo o risco de rutura localizada da camada de passiva\u00e7\u00e3o.<\/p>\t\t\t\t\t\t\t\t<\/div>\n\t\t\t\t<\/div>\n\t\t\t\t<div class=\"elementor-element elementor-element-28fcd55 elementor-widget elementor-widget-text-editor\" data-id=\"28fcd55\" data-element_type=\"widget\" data-e-type=\"widget\" data-widget_type=\"text-editor.default\">\n\t\t\t\t<div class=\"elementor-widget-container\">\n\t\t\t\t\t\t\t\t\t<p><strong>PREN<\/strong><br \/><strong>316L:<\/strong> 24-26<br \/><strong>317L:<\/strong> 29-33<\/p><p>Em aplica\u00e7\u00f5es como a \u00e1gua do mar, meios contendo cloro em processos qu\u00edmicos e ambientes com n\u00e9voa salina, a vida \u00fatil e a seguran\u00e7a do tubo de a\u00e7o inoxid\u00e1vel 317 excedem significativamente as do 316L. <\/p>\t\t\t\t\t\t\t\t<\/div>\n\t\t\t\t<\/div>\n\t\t\t\t\t<\/div>\n\t\t\t\t<\/div>\n\t\t<div class=\"elementor-element elementor-element-329a4e8 e-flex e-con-boxed e-con e-parent\" data-id=\"329a4e8\" data-element_type=\"container\" data-e-type=\"container\">\n\t\t\t\t\t<div class=\"e-con-inner\">\n\t\t\t\t<div class=\"elementor-element elementor-element-7f31634 elementor-widget elementor-widget-heading\" data-id=\"7f31634\" data-element_type=\"widget\" data-e-type=\"widget\" data-widget_type=\"heading.default\">\n\t\t\t\t<div class=\"elementor-widget-container\">\n\t\t\t\t\t<h2 class=\"elementor-heading-title elementor-size-default\">A\u00e7o inoxid\u00e1vel 317L<\/h2>\t\t\t\t<\/div>\n\t\t\t\t<\/div>\n\t\t\t\t<div class=\"elementor-element elementor-element-c983d70 elementor-widget elementor-widget-text-editor\" data-id=\"c983d70\" data-element_type=\"widget\" data-e-type=\"widget\" data-widget_type=\"text-editor.default\">\n\t\t\t\t<div class=\"elementor-widget-container\">\n\t\t\t\t\t\t\t\t\t<p>O a\u00e7o inoxid\u00e1vel 317L \u00e9 uma variante de baixo teor de carbono do 317, com um teor de carbono tipicamente controlado rigorosamente abaixo de 0,030, o que reduz significativamente o risco de precipita\u00e7\u00e3o de carboneto de cr\u00f3mio durante a soldadura ou o servi\u00e7o a alta temperatura, aumentando substancialmente a sua resist\u00eancia \u00e0 corros\u00e3o intergranular e a resist\u00eancia \u00e0 corros\u00e3o p\u00f3s-soldadura. Por conseguinte, o 317L \u00e9 o material preferido para componentes soldados ou aplica\u00e7\u00f5es em que as temperaturas de servi\u00e7o se situam no intervalo de sensibiliza\u00e7\u00e3o (aproximadamente 450-850\u00b0C).<\/p>\t\t\t\t\t\t\t\t<\/div>\n\t\t\t\t<\/div>\n\t\t\t\t\t<\/div>\n\t\t\t\t<\/div>\n\t\t\t\t<\/div>","protected":false},"excerpt":{"rendered":"<p>O tubo de a\u00e7o inoxid\u00e1vel 317 \u00e9 um tubo de liga de n\u00edquel-molibd\u00e9nio com elevado teor de cr\u00f3mio contendo at\u00e9 3-4% de molibd\u00e9nio, excedendo significativamente os n\u00edveis encontrados nos graus 316\/316L, o que proporciona uma excelente resist\u00eancia \u00e0 corros\u00e3o \u00e1cida e resist\u00eancia a altas temperaturas, tornando-o adequado para ambientes qu\u00edmicos extremos.<\/p>\n<p>Tubo, sem costura Norma ASTM: A213<\/p>\n<p>Tubo soldado Norma ASTM: A249<\/p>\n<p>Material: 317, 317L<\/p>\n<p>&nbsp;<\/p>","protected":false},"featured_media":2440,"template":"","meta":{"_eb_attr":""},"product_brand":[],"product_cat":[30],"product_tag":[],"class_list":{"0":"post-2439","1":"product","2":"type-product","3":"status-publish","4":"has-post-thumbnail","6":"product_cat-stainless-steel-seamless-pipe","8":"first","9":"instock","10":"shipping-taxable","11":"product-type-simple"},"_links":{"self":[{"href":"https:\/\/jblstainless.com\/pt\/wp-json\/wp\/v2\/product\/2439","targetHints":{"allow":["GET"]}}],"collection":[{"href":"https:\/\/jblstainless.com\/pt\/wp-json\/wp\/v2\/product"}],"about":[{"href":"https:\/\/jblstainless.com\/pt\/wp-json\/wp\/v2\/types\/product"}],"version-history":[{"count":2,"href":"https:\/\/jblstainless.com\/pt\/wp-json\/wp\/v2\/product\/2439\/revisions"}],"predecessor-version":[{"id":2442,"href":"https:\/\/jblstainless.com\/pt\/wp-json\/wp\/v2\/product\/2439\/revisions\/2442"}],"wp:featuredmedia":[{"embeddable":true,"href":"https:\/\/jblstainless.com\/pt\/wp-json\/wp\/v2\/media\/2440"}],"wp:attachment":[{"href":"https:\/\/jblstainless.com\/pt\/wp-json\/wp\/v2\/media?parent=2439"}],"wp:term":[{"taxonomy":"product_brand","embeddable":true,"href":"https:\/\/jblstainless.com\/pt\/wp-json\/wp\/v2\/product_brand?post=2439"},{"taxonomy":"product_cat","embeddable":true,"href":"https:\/\/jblstainless.com\/pt\/wp-json\/wp\/v2\/product_cat?post=2439"},{"taxonomy":"product_tag","embeddable":true,"href":"https:\/\/jblstainless.com\/pt\/wp-json\/wp\/v2\/product_tag?post=2439"}],"curies":[{"name":"wp","href":"https:\/\/api.w.org\/{rel}","templated":true}]}}