{"id":2471,"date":"2026-01-22T17:30:24","date_gmt":"2026-01-22T09:30:24","guid":{"rendered":"https:\/\/jblstainless.com\/?post_type=product&#038;p=2471"},"modified":"2026-01-22T17:30:25","modified_gmt":"2026-01-22T09:30:25","slug":"tubo-de-aco-inoxidavel-sem-costura-309s","status":"publish","type":"product","link":"https:\/\/jblstainless.com\/pt\/309s-seamless-stainless-steel-pipe\/","title":{"rendered":"Tubo de a\u00e7o inoxid\u00e1vel sem costura 309S"},"content":{"rendered":"<div data-elementor-type=\"product-post\" data-elementor-id=\"2471\" class=\"elementor elementor-2471\" data-elementor-post-type=\"product\">\n\t\t\t\t<div class=\"elementor-element elementor-element-d4a7c7a e-flex e-con-boxed e-con e-parent\" data-id=\"d4a7c7a\" data-element_type=\"container\" data-e-type=\"container\">\n\t\t\t\t\t<div class=\"e-con-inner\">\n\t\t\t\t<div class=\"elementor-element elementor-element-2f62139 elementor-widget elementor-widget-text-editor\" data-id=\"2f62139\" data-element_type=\"widget\" data-e-type=\"widget\" data-widget_type=\"text-editor.default\">\n\t\t\t\t<div class=\"elementor-widget-container\">\n\t\t\t\t\t\t\t\t\t<p>O tubo de a\u00e7o inoxid\u00e1vel sem costura 309S \u00e9 um tubo de a\u00e7o inoxid\u00e1vel austen\u00edtico especificamente concebido para servi\u00e7o a alta temperatura, contendo aproximadamente 23% de cr\u00f3mio e 13-15% de n\u00edquel, oferecendo um desempenho excecional a alta temperatura e resist\u00eancia \u00e0 oxida\u00e7\u00e3o, tornando-o adequado para ambientes superiores a 800\u00b0C. O processo sem costura garante uma resist\u00eancia a altas press\u00f5es e um desempenho sem fugas.<\/p><p>Em condi\u00e7\u00f5es de utiliza\u00e7\u00e3o cont\u00ednua, o tubo 309S pode suportar temperaturas pr\u00f3ximas dos 1100\u00b0C (aproximadamente 2000\u00b0F). O seu elevado teor de cr\u00f3mio e n\u00edquel garante que mant\u00e9m uma excelente resist\u00eancia \u00e0 oxida\u00e7\u00e3o e for\u00e7a mec\u00e2nica, mesmo em ambientes que envolvem ciclos repetidos de aquecimento e arrefecimento. Em compara\u00e7\u00e3o com os a\u00e7os inoxid\u00e1veis 304\/316, os tubos 309S proporcionam uma estabilidade e uma resist\u00eancia \u00e0 oxida\u00e7\u00e3o superiores em aplica\u00e7\u00f5es cont\u00ednuas de alta temperatura de cerca de 980\u00b0C, o que os torna adequados para ambientes exigentes de alta temperatura, como fornos de tratamento t\u00e9rmico, caldeiras industriais, condutas de jato quente de siderurgia, condutas de gases de combust\u00e3o e queimadores.<\/p>\t\t\t\t\t\t\t\t<\/div>\n\t\t\t\t<\/div>\n\t\t\t\t\t<\/div>\n\t\t\t\t<\/div>\n\t\t<div class=\"elementor-element elementor-element-cae0608 e-flex e-con-boxed e-con e-parent\" data-id=\"cae0608\" data-element_type=\"container\" data-e-type=\"container\">\n\t\t\t\t\t<div class=\"e-con-inner\">\n\t\t\t\t<div class=\"elementor-element elementor-element-36a5065 elementor-widget elementor-widget-heading\" data-id=\"36a5065\" data-element_type=\"widget\" data-e-type=\"widget\" data-widget_type=\"heading.default\">\n\t\t\t\t<div class=\"elementor-widget-container\">\n\t\t\t\t\t<h2 class=\"elementor-heading-title elementor-size-default\">Tubo de a\u00e7o inoxid\u00e1vel 309S - A escolha ideal para ambientes de alta temperatura<\/h2>\t\t\t\t<\/div>\n\t\t\t\t<\/div>\n\t\t\t\t<div class=\"elementor-element elementor-element-708847b elementor-widget elementor-widget-text-editor\" data-id=\"708847b\" data-element_type=\"widget\" data-e-type=\"widget\" data-widget_type=\"text-editor.default\">\n\t\t\t\t<div class=\"elementor-widget-container\">\n\t\t\t\t\t\t\t\t\t<p>O tubo de a\u00e7o inoxid\u00e1vel sem costura 309S \u00e9 um a\u00e7o inoxid\u00e1vel de alta liga resistente ao calor. A sua composi\u00e7\u00e3o de liga com elevado teor de cr\u00f3mio e n\u00edquel oferece uma resist\u00eancia excecional a altas temperaturas, uma excelente resist\u00eancia \u00e0 oxida\u00e7\u00e3o e uma boa resist\u00eancia \u00e0 corros\u00e3o. Isto torna-o um material essencial indispens\u00e1vel para equipamento de alta temperatura, como fornos industriais, caldeiras, permutadores de calor e reactores qu\u00edmicos.<\/p>\t\t\t\t\t\t\t\t<\/div>\n\t\t\t\t<\/div>\n\t\t\t\t\t<\/div>\n\t\t\t\t<\/div>\n\t\t<div class=\"elementor-element elementor-element-a5adf0b e-flex e-con-boxed e-con e-parent\" data-id=\"a5adf0b\" data-element_type=\"container\" data-e-type=\"container\">\n\t\t\t\t\t<div class=\"e-con-inner\">\n\t\t\t\t<div class=\"elementor-element elementor-element-609c8ae elementor-widget elementor-widget-heading\" data-id=\"609c8ae\" data-element_type=\"widget\" data-e-type=\"widget\" data-widget_type=\"heading.default\">\n\t\t\t\t<div class=\"elementor-widget-container\">\n\t\t\t\t\t<h3 class=\"elementor-heading-title elementor-size-default\">Resist\u00eancia excecional \u00e0 oxida\u00e7\u00e3o a altas temperaturas\n<\/h3>\t\t\t\t<\/div>\n\t\t\t\t<\/div>\n\t\t\t\t<div class=\"elementor-element elementor-element-8729f48 elementor-widget elementor-widget-text-editor\" data-id=\"8729f48\" data-element_type=\"widget\" data-e-type=\"widget\" data-widget_type=\"text-editor.default\">\n\t\t\t\t<div class=\"elementor-widget-container\">\n\t\t\t\t\t\t\t\t\t<p><strong>Excelente resist\u00eancia a altas temperaturas:<\/strong><\/p><p>O tubo inoxid\u00e1vel 309S pode suportar temperaturas at\u00e9 aproximadamente 1038\u00b0C (1900\u00b0F) durante o funcionamento cont\u00ednuo e at\u00e9 1149\u00b0C (2100\u00b0F) durante o funcionamento intermitente. Mant\u00e9m a capacidade de servi\u00e7o de alta carga a longo prazo no intervalo de 650-700\u00b0C e apresenta uma excelente resist\u00eancia ao envelhecimento t\u00e9rmico.<\/p>\t\t\t\t\t\t\t\t<\/div>\n\t\t\t\t<\/div>\n\t\t\t\t<div class=\"elementor-element elementor-element-a1df5e7 elementor-widget elementor-widget-text-editor\" data-id=\"a1df5e7\" data-element_type=\"widget\" data-e-type=\"widget\" data-widget_type=\"text-editor.default\">\n\t\t\t\t<div class=\"elementor-widget-container\">\n\t\t\t\t\t\t\t\t\t<p><strong>Resist\u00eancia superior \u00e0 oxida\u00e7\u00e3o:<\/strong><\/p><p>O elevado teor de cr\u00f3mio e n\u00edquel permite que o 309S forme uma pel\u00edcula densa de \u00f3xido de cr\u00f3mio na sua superf\u00edcie, bloqueando eficazmente a corros\u00e3o por meios oxidantes. A tubagem 309S oferece uma excelente resist\u00eancia \u00e0 oxida\u00e7\u00e3o e \u00e0 corros\u00e3o, garantindo a durabilidade do equipamento a longo prazo e evitando a oxida\u00e7\u00e3o e a fragmenta\u00e7\u00e3o em ambientes de alta temperatura. Esta carater\u00edstica permite que a tubagem 309S funcione de forma est\u00e1vel em atmosferas de alta temperatura e em ambientes de n\u00e9voa de \u00e1cido oxidante de alta temperatura, superando significativamente o desempenho dos a\u00e7os inoxid\u00e1veis de baixa liga.<\/p>\t\t\t\t\t\t\t\t<\/div>\n\t\t\t\t<\/div>\n\t\t\t\t\t<\/div>\n\t\t\t\t<\/div>\n\t\t<div class=\"elementor-element elementor-element-f582bcd e-flex e-con-boxed e-con e-parent\" data-id=\"f582bcd\" data-element_type=\"container\" data-e-type=\"container\">\n\t\t\t\t\t<div class=\"e-con-inner\">\n\t\t\t\t<div class=\"elementor-element elementor-element-3a11663 elementor-widget elementor-widget-heading\" data-id=\"3a11663\" data-element_type=\"widget\" data-e-type=\"widget\" data-widget_type=\"heading.default\">\n\t\t\t\t<div class=\"elementor-widget-container\">\n\t\t\t\t\t<h3 class=\"elementor-heading-title elementor-size-default\">Composi\u00e7\u00e3o do material - Liga com elevado teor de cr\u00f3mio e n\u00edquel  \n<\/h3>\t\t\t\t<\/div>\n\t\t\t\t<\/div>\n\t\t\t\t<div class=\"elementor-element elementor-element-f27a507 elementor-widget elementor-widget-text-editor\" data-id=\"f27a507\" data-element_type=\"widget\" data-e-type=\"widget\" data-widget_type=\"text-editor.default\">\n\t\t\t\t<div class=\"elementor-widget-container\">\n\t\t\t\t\t\t\t\t\t<p>O 309S cont\u00e9m 22-24% de cr\u00f3mio e 12-15% de n\u00edquel, o teor de liga mais elevado em compara\u00e7\u00e3o com o 304\/316 proporciona uma resist\u00eancia superior ao calor e \u00e0 oxida\u00e7\u00e3o, aumentando tamb\u00e9m a resist\u00eancia \u00e0 flu\u00eancia e ao choque t\u00e9rmico a temperaturas superiores a 500\u00b0C do a\u00e7o inoxid\u00e1vel 309s.<\/p><p>O 309S \u00e9 a vers\u00e3o de baixo teor de carbono do 309 (C \u2264 0,08%). O baixo teor de carbono minimiza a tend\u00eancia para a precipita\u00e7\u00e3o de carbonetos intergranulares, reduz a suscetibilidade \u00e0 corros\u00e3o intergranular a temperaturas elevadas e melhora significativamente a soldabilidade e a resist\u00eancia \u00e0 corros\u00e3o intergranular. O tratamento de solu\u00e7\u00e3o p\u00f3s-soldadura (manuten\u00e7\u00e3o a 1050-1100\u00b0C seguida de arrefecimento r\u00e1pido) elimina as tens\u00f5es de soldadura, dissolve os carbonetos nos limites do gr\u00e3o, restaura a resist\u00eancia \u00e0 corros\u00e3o e a resist\u00eancia a altas temperaturas e assegura que as zonas soldadas tamb\u00e9m possuem um excelente desempenho a altas temperaturas.<\/p>\t\t\t\t\t\t\t\t<\/div>\n\t\t\t\t<\/div>\n\t\t\t\t\t<\/div>\n\t\t\t\t<\/div>\n\t\t<div class=\"elementor-element elementor-element-353c5fc e-flex e-con-boxed e-con e-parent\" data-id=\"353c5fc\" data-element_type=\"container\" data-e-type=\"container\">\n\t\t\t\t\t<div class=\"e-con-inner\">\n\t\t\t\t<div class=\"elementor-element elementor-element-f68c53c elementor-widget elementor-widget-heading\" data-id=\"f68c53c\" data-element_type=\"widget\" data-e-type=\"widget\" data-widget_type=\"heading.default\">\n\t\t\t\t<div class=\"elementor-widget-container\">\n\t\t\t\t\t<h4 class=\"elementor-heading-title elementor-size-default\">Composi\u00e7\u00e3o qu\u00edmica<\/h4>\t\t\t\t<\/div>\n\t\t\t\t<\/div>\n\t\t\t\t<div class=\"elementor-element elementor-element-6f0cb95 elementor-widget elementor-widget-text-editor\" data-id=\"6f0cb95\" data-element_type=\"widget\" data-e-type=\"widget\" data-widget_type=\"text-editor.default\">\n\t\t\t\t<div class=\"elementor-widget-container\">\n\t\t\t\t\t\t\t\t\t<table><thead><tr><th>Elementos<\/th><th>UNS S30908 (ASTM)<\/th><\/tr><\/thead><tbody><tr><td>C<\/td><td>\u2264 0.08<\/td><\/tr><tr><td>Cr<\/td><td>22.0 - 24.0<\/td><\/tr><tr><td>Ni<\/td><td>12,0 \u2013 15,0<\/td><\/tr><tr><td>Mn<\/td><td>\u2264 2.00<\/td><\/tr><tr><td>Si<\/td><td>\u2264 0.75 \/ \u2264 1.00<\/td><\/tr><tr><td>P<\/td><td>\u2264 0.045<\/td><\/tr><tr><td>S<\/td><td>\u2264 0.030<\/td><\/tr><\/tbody><\/table>\t\t\t\t\t\t\t\t<\/div>\n\t\t\t\t<\/div>\n\t\t\t\t\t<\/div>\n\t\t\t\t<\/div>\n\t\t<div class=\"elementor-element elementor-element-ce55c24 e-flex e-con-boxed e-con e-parent\" data-id=\"ce55c24\" data-element_type=\"container\" data-e-type=\"container\">\n\t\t\t\t\t<div class=\"e-con-inner\">\n\t\t\t\t<div class=\"elementor-element elementor-element-fba8c32 elementor-widget elementor-widget-heading\" data-id=\"fba8c32\" data-element_type=\"widget\" data-e-type=\"widget\" data-widget_type=\"heading.default\">\n\t\t\t\t<div class=\"elementor-widget-container\">\n\t\t\t\t\t<h4 class=\"elementor-heading-title elementor-size-default\">Propriedades mec\u00e2nicas<\/h4>\t\t\t\t<\/div>\n\t\t\t\t<\/div>\n\t\t\t\t<div class=\"elementor-element elementor-element-12bafc4 elementor-widget elementor-widget-text-editor\" data-id=\"12bafc4\" data-element_type=\"widget\" data-e-type=\"widget\" data-widget_type=\"text-editor.default\">\n\t\t\t\t<div class=\"elementor-widget-container\">\n\t\t\t\t\t\t\t\t\t<table><thead><tr><th>Propriedades<\/th><th>ASTM A213\/A312\/A276,min<\/th><\/tr><\/thead><tbody><tr><td>Resist\u00eancia \u00e0 tra\u00e7\u00e3o, \u03c3b<\/td><td>\u2265 75 ksi (515 MPa)<\/td><\/tr><tr><td>Resist\u00eancia ao escoamento, \u03c30.2<\/td><td>\u2265 30 ksi (205 MPa)<\/td><\/tr><tr><td>Alongamento, \u03b45<\/td><td>\u00a0\u2265 40% (em 50mm)<\/td><\/tr><tr><td>Redu\u00e7\u00e3o da \u00e1rea, \u03c8<\/td><td>\u2013<\/td><\/tr><tr><td>Dureza<\/td><td>\u2264 90 HRB \/ \u2264 217 HBW<\/td><\/tr><\/tbody><\/table>\t\t\t\t\t\t\t\t<\/div>\n\t\t\t\t<\/div>\n\t\t\t\t\t<\/div>\n\t\t\t\t<\/div>\n\t\t<div class=\"elementor-element elementor-element-e394b3d e-flex e-con-boxed e-con e-parent\" data-id=\"e394b3d\" data-element_type=\"container\" data-e-type=\"container\">\n\t\t\t\t\t<div class=\"e-con-inner\">\n\t\t\t\t<div class=\"elementor-element elementor-element-05f5939 elementor-widget elementor-widget-heading\" data-id=\"05f5939\" data-element_type=\"widget\" data-e-type=\"widget\" data-widget_type=\"heading.default\">\n\t\t\t\t<div class=\"elementor-widget-container\">\n\t\t\t\t\t<h4 class=\"elementor-heading-title elementor-size-default\">Propriedades f\u00edsicas<\/h4>\t\t\t\t<\/div>\n\t\t\t\t<\/div>\n\t\t\t\t<div class=\"elementor-element elementor-element-249d9d8 elementor-widget elementor-widget-text-editor\" data-id=\"249d9d8\" data-element_type=\"widget\" data-e-type=\"widget\" data-widget_type=\"text-editor.default\">\n\t\t\t\t<div class=\"elementor-widget-container\">\n\t\t\t\t\t\t\t\t\t<table><thead><tr><th>Propriedades<\/th><th>Valor<\/th><\/tr><\/thead><tbody><tr><td>Densidade<\/td><td>~ 7,9 - 8,0 g\/cm\u00b3<\/td><\/tr><tr><td>Gama de fus\u00e3o<\/td><td>1399 - 1454 \u00b0C<\/td><\/tr><tr><td>Calor espec\u00edfico, 0-100\u00b0C<\/td><td>~ 500 J\/(kg-K)<\/td><\/tr><tr><td>Condutividade t\u00e9rmica, 100\u00b0C<\/td><td>~ 14,2 W\/(m-K)<\/td><\/tr><tr><td>Coeficiente m\u00e9dio de expans\u00e3o t\u00e9rmica, 0-100\u00b0C<\/td><td>~ 15,9 \u00b5m\/(m-\u00b0C)<\/td><\/tr><tr><td>Resistividade el\u00e9ctrica, 20\u00b0C<\/td><td>~ 0,78 \u00b5\u03a9-m<\/td><\/tr><tr><td>Magnetismo<\/td><td>N\u00e3o magn\u00e9tico no estado recozido<\/td><\/tr><\/tbody><\/table>\t\t\t\t\t\t\t\t<\/div>\n\t\t\t\t<\/div>\n\t\t\t\t\t<\/div>\n\t\t\t\t<\/div>\n\t\t<div class=\"elementor-element elementor-element-9dc1bbf e-flex e-con-boxed e-con e-parent\" data-id=\"9dc1bbf\" data-element_type=\"container\" data-e-type=\"container\">\n\t\t\t\t\t<div class=\"e-con-inner\">\n\t\t\t\t<div class=\"elementor-element elementor-element-0c5b45a elementor-widget elementor-widget-heading\" data-id=\"0c5b45a\" data-element_type=\"widget\" data-e-type=\"widget\" data-widget_type=\"heading.default\">\n\t\t\t\t<div class=\"elementor-widget-container\">\n\t\t\t\t\t<h3 class=\"elementor-heading-title elementor-size-default\">Aplica\u00e7\u00e3o<\/h3>\t\t\t\t<\/div>\n\t\t\t\t<\/div>\n\t\t\t\t<div class=\"elementor-element elementor-element-a4f6066 elementor-widget elementor-widget-text-editor\" data-id=\"a4f6066\" data-element_type=\"widget\" data-e-type=\"widget\" data-widget_type=\"text-editor.default\">\n\t\t\t\t<div class=\"elementor-widget-container\">\n\t\t\t\t\t\t\t\t\t<p>A tarugo de a\u00e7o inoxid\u00e1vel 309S \u00e9 amplamente utilizada em numerosos sectores industriais devido ao seu excelente desempenho a altas temperaturas.<\/p><ul><li>Ind\u00fastria energ\u00e9tica: Tubagens de caldeiras e permutadores de calor, resistentes \u00e0 oxida\u00e7\u00e3o a alta temperatura.<\/li><li>Ind\u00fastria qu\u00edmica: Reactores e tubos de fornos, resistindo \u00e0 corros\u00e3o \u00e1cida e alcalina.<\/li><li>Aplica\u00e7\u00f5es aeroespaciais: Componentes de motores, mantendo uma forte estabilidade a altas temperaturas.<\/li><li>Ind\u00fastria metal\u00fargica: Revestimentos de fornos, prolongamento da vida \u00fatil.<\/li><\/ul>\t\t\t\t\t\t\t\t<\/div>\n\t\t\t\t<\/div>\n\t\t\t\t\t<\/div>\n\t\t\t\t<\/div>\n\t\t<div class=\"elementor-element elementor-element-9d2f0ee e-flex e-con-boxed e-con e-parent\" data-id=\"9d2f0ee\" data-element_type=\"container\" data-e-type=\"container\">\n\t\t\t\t\t<div class=\"e-con-inner\">\n\t\t\t\t<div class=\"elementor-element elementor-element-da4d764 elementor-widget elementor-widget-heading\" data-id=\"da4d764\" data-element_type=\"widget\" data-e-type=\"widget\" data-widget_type=\"heading.default\">\n\t\t\t\t<div class=\"elementor-widget-container\">\n\t\t\t\t\t<h2 class=\"elementor-heading-title elementor-size-default\">Servi\u00e7os abrangentes de processamento e personaliza\u00e7\u00e3o\n<\/h2>\t\t\t\t<\/div>\n\t\t\t\t<\/div>\n\t\t\t\t<div class=\"elementor-element elementor-element-7792406 elementor-widget elementor-widget-text-editor\" data-id=\"7792406\" data-element_type=\"widget\" data-e-type=\"widget\" data-widget_type=\"text-editor.default\">\n\t\t\t\t<div class=\"elementor-widget-container\">\n\t\t\t\t\t\t\t\t\t<p>Estabelecemos linhas de produ\u00e7\u00e3o de processamento maduras capazes de fornecer v\u00e1rios tratamentos e servi\u00e7os de personaliza\u00e7\u00e3o adaptados aos requisitos do projeto:<\/p>\t\t\t\t\t\t\t\t<\/div>\n\t\t\t\t<\/div>\n\t\t\t\t<div class=\"elementor-element elementor-element-80193c9 elementor-widget elementor-widget-text-editor\" data-id=\"80193c9\" data-element_type=\"widget\" data-e-type=\"widget\" data-widget_type=\"text-editor.default\">\n\t\t\t\t<div class=\"elementor-widget-container\">\n\t\t\t\t\t\t\t\t\t<p><strong>Corte e tratamento t\u00e9rmico:<\/strong><\/p><p>Os servi\u00e7os personalizados incluem corte longitudinal, recozimento em solu\u00e7\u00e3o e arrefecimento r\u00e1pido a alta temperatura para eliminar tens\u00f5es internas, aumentar a ductilidade e melhorar a resist\u00eancia \u00e0 corros\u00e3o.<\/p>\t\t\t\t\t\t\t\t<\/div>\n\t\t\t\t<\/div>\n\t\t\t\t<div class=\"elementor-element elementor-element-bb27f90 elementor-widget elementor-widget-text-editor\" data-id=\"bb27f90\" data-element_type=\"widget\" data-e-type=\"widget\" data-widget_type=\"text-editor.default\">\n\t\t\t\t<div class=\"elementor-widget-container\">\n\t\t\t\t\t\t\t\t\t<p><strong>Parede espessa e especifica\u00e7\u00f5es especiais:<\/strong><\/p><p>Capaz de produzir tubos 309ss de grande di\u00e2metro, parede espessa e comprimento longo para satisfazer requisitos de engenharia especializados em termos de dimens\u00f5es e classifica\u00e7\u00f5es de press\u00e3o.<\/p>\t\t\t\t\t\t\t\t<\/div>\n\t\t\t\t<\/div>\n\t\t\t\t<div class=\"elementor-element elementor-element-c62d7be elementor-widget elementor-widget-text-editor\" data-id=\"c62d7be\" data-element_type=\"widget\" data-e-type=\"widget\" data-widget_type=\"text-editor.default\">\n\t\t\t\t<div class=\"elementor-widget-container\">\n\t\t\t\t\t\t\t\t\t<p><strong>Tratamento de superf\u00edcie:\u00a0<\/strong><\/p><p>O recozimento brilhante e a decapagem\/passiva\u00e7\u00e3o \u00e1cida est\u00e3o dispon\u00edveis para remover as incrusta\u00e7\u00f5es de \u00f3xido das superf\u00edcies interior e exterior, criando um acabamento uniforme e brilhante que aumenta a resist\u00eancia \u00e0 corros\u00e3o e facilita o processamento subsequente e a dete\u00e7\u00e3o de fugas.<\/p>\t\t\t\t\t\t\t\t<\/div>\n\t\t\t\t<\/div>\n\t\t\t\t<div class=\"elementor-element elementor-element-1c7cabd elementor-widget elementor-widget-text-editor\" data-id=\"1c7cabd\" data-element_type=\"widget\" data-e-type=\"widget\" data-widget_type=\"text-editor.default\">\n\t\t\t\t<div class=\"elementor-widget-container\">\n\t\t\t\t\t\t\t\t\t<p><strong>Desenhos personalizados:<\/strong><\/p><p>Produzimos componentes complexos, como acess\u00f3rios para tubos n\u00e3o padronizados e juntas de flange, com base em desenhos de engenharia ou amostras fornecidas pelo cliente. A nossa equipa t\u00e9cnica especializada oferece consultoria e recomenda\u00e7\u00f5es de otimiza\u00e7\u00e3o para garantir que os produtos se adaptam perfeitamente aos requisitos do projeto.<\/p>\t\t\t\t\t\t\t\t<\/div>\n\t\t\t\t<\/div>\n\t\t\t\t\t<\/div>\n\t\t\t\t<\/div>\n\t\t<div class=\"elementor-element elementor-element-8d85eb9 e-flex e-con-boxed e-con e-parent\" data-id=\"8d85eb9\" data-element_type=\"container\" data-e-type=\"container\">\n\t\t\t\t\t<div class=\"e-con-inner\">\n\t\t\t\t<div class=\"elementor-element elementor-element-2f067da elementor-widget elementor-widget-image\" data-id=\"2f067da\" data-element_type=\"widget\" data-e-type=\"widget\" data-widget_type=\"image.default\">\n\t\t\t\t<div class=\"elementor-widget-container\">\n\t\t\t\t\t\t\t\t\t\t\t\t\t\t\t<img fetchpriority=\"high\" decoding=\"async\" width=\"1000\" height=\"493\" src=\"https:\/\/jblstainless.com\/wp-content\/uploads\/2025\/04\/stainless-steel-pipe-surface-treatment.webp\" class=\"attachment-full size-full wp-image-1357\" alt=\"Tubo de a\u00e7o inoxid\u00e1vel 420\" srcset=\"https:\/\/jblstainless.com\/wp-content\/uploads\/2025\/04\/stainless-steel-pipe-surface-treatment.webp 1000w, https:\/\/jblstainless.com\/wp-content\/uploads\/2025\/04\/stainless-steel-pipe-surface-treatment-300x148.webp 300w, https:\/\/jblstainless.com\/wp-content\/uploads\/2025\/04\/stainless-steel-pipe-surface-treatment-768x379.webp 768w, https:\/\/jblstainless.com\/wp-content\/uploads\/2025\/04\/stainless-steel-pipe-surface-treatment-18x9.webp 18w, https:\/\/jblstainless.com\/wp-content\/uploads\/2025\/04\/stainless-steel-pipe-surface-treatment-600x296.webp 600w\" sizes=\"(max-width: 1000px) 100vw, 1000px\" \/>\t\t\t\t\t\t\t\t\t\t\t\t\t\t\t<\/div>\n\t\t\t\t<\/div>\n\t\t\t\t\t<\/div>\n\t\t\t\t<\/div>\n\t\t<div class=\"elementor-element elementor-element-53e664b e-flex e-con-boxed e-con e-parent\" data-id=\"53e664b\" data-element_type=\"container\" data-e-type=\"container\">\n\t\t\t\t\t<div class=\"e-con-inner\">\n\t\t\t\t<div class=\"elementor-element elementor-element-b5a9db6 elementor-widget elementor-widget-image\" data-id=\"b5a9db6\" data-element_type=\"widget\" data-e-type=\"widget\" data-widget_type=\"image.default\">\n\t\t\t\t<div class=\"elementor-widget-container\">\n\t\t\t\t\t\t\t\t\t\t\t\t\t\t\t<img decoding=\"async\" width=\"1500\" height=\"450\" src=\"https:\/\/jblstainless.com\/wp-content\/uploads\/2025\/02\/stainless-steel-pipe-cutting-processing.webp\" class=\"attachment-1536x1536 size-1536x1536 wp-image-1043\" alt=\"processamento de corte de tubos de a\u00e7o inoxid\u00e1vel\" srcset=\"https:\/\/jblstainless.com\/wp-content\/uploads\/2025\/02\/stainless-steel-pipe-cutting-processing.webp 1500w, https:\/\/jblstainless.com\/wp-content\/uploads\/2025\/02\/stainless-steel-pipe-cutting-processing-300x90.webp 300w, https:\/\/jblstainless.com\/wp-content\/uploads\/2025\/02\/stainless-steel-pipe-cutting-processing-1024x307.webp 1024w, https:\/\/jblstainless.com\/wp-content\/uploads\/2025\/02\/stainless-steel-pipe-cutting-processing-768x230.webp 768w, https:\/\/jblstainless.com\/wp-content\/uploads\/2025\/02\/stainless-steel-pipe-cutting-processing-18x5.webp 18w, https:\/\/jblstainless.com\/wp-content\/uploads\/2025\/02\/stainless-steel-pipe-cutting-processing-600x180.webp 600w\" sizes=\"(max-width: 1500px) 100vw, 1500px\" \/>\t\t\t\t\t\t\t\t\t\t\t\t\t\t\t<\/div>\n\t\t\t\t<\/div>\n\t\t\t\t\t<\/div>\n\t\t\t\t<\/div>\n\t\t\t\t<\/div>","protected":false},"excerpt":{"rendered":"<p>O tubo de a\u00e7o inoxid\u00e1vel sem costura 309S \u00e9 um a\u00e7o inoxid\u00e1vel de alta liga resistente ao calor, com excecional resist\u00eancia a altas temperaturas, excelente resist\u00eancia \u00e0 oxida\u00e7\u00e3o e boa resist\u00eancia \u00e0 corros\u00e3o.<\/p>\n<p>Norma: ASTM A213,A312,A269,EN 10216-5,JIS G3459<br \/>\nMaterial: 309,309S<br \/>\nOD: 5mm - 300mm<br \/>\nW.T.: Sch. 5S,10S,40S,80S,SCH120, SCH140, SCH160, XXS<br \/>\nComprimento: 5,8 m, 6 m; cortado \u00e0 medida<\/p>","protected":false},"featured_media":2475,"template":"","meta":{"_eb_attr":""},"product_brand":[],"product_cat":[30],"product_tag":[],"class_list":{"0":"post-2471","1":"product","2":"type-product","3":"status-publish","4":"has-post-thumbnail","6":"product_cat-stainless-steel-seamless-pipe","8":"first","9":"instock","10":"shipping-taxable","11":"product-type-simple"},"_links":{"self":[{"href":"https:\/\/jblstainless.com\/pt\/wp-json\/wp\/v2\/product\/2471","targetHints":{"allow":["GET"]}}],"collection":[{"href":"https:\/\/jblstainless.com\/pt\/wp-json\/wp\/v2\/product"}],"about":[{"href":"https:\/\/jblstainless.com\/pt\/wp-json\/wp\/v2\/types\/product"}],"version-history":[{"count":5,"href":"https:\/\/jblstainless.com\/pt\/wp-json\/wp\/v2\/product\/2471\/revisions"}],"predecessor-version":[{"id":2478,"href":"https:\/\/jblstainless.com\/pt\/wp-json\/wp\/v2\/product\/2471\/revisions\/2478"}],"wp:featuredmedia":[{"embeddable":true,"href":"https:\/\/jblstainless.com\/pt\/wp-json\/wp\/v2\/media\/2475"}],"wp:attachment":[{"href":"https:\/\/jblstainless.com\/pt\/wp-json\/wp\/v2\/media?parent=2471"}],"wp:term":[{"taxonomy":"product_brand","embeddable":true,"href":"https:\/\/jblstainless.com\/pt\/wp-json\/wp\/v2\/product_brand?post=2471"},{"taxonomy":"product_cat","embeddable":true,"href":"https:\/\/jblstainless.com\/pt\/wp-json\/wp\/v2\/product_cat?post=2471"},{"taxonomy":"product_tag","embeddable":true,"href":"https:\/\/jblstainless.com\/pt\/wp-json\/wp\/v2\/product_tag?post=2471"}],"curies":[{"name":"wp","href":"https:\/\/api.w.org\/{rel}","templated":true}]}}