{"id":2492,"date":"2026-02-11T15:19:00","date_gmt":"2026-02-11T07:19:00","guid":{"rendered":"https:\/\/jblstainless.com\/?post_type=product&#038;p=2492"},"modified":"2026-02-11T15:35:14","modified_gmt":"2026-02-11T07:35:14","slug":"tubo-sem-costura-de-aco-inoxidavel-347","status":"publish","type":"product","link":"https:\/\/jblstainless.com\/pt\/347-stainless-steel-seamless-pipe\/","title":{"rendered":"Tubo sem costura de a\u00e7o inoxid\u00e1vel 347"},"content":{"rendered":"<div data-elementor-type=\"product-post\" data-elementor-id=\"2492\" class=\"elementor elementor-2492\" data-elementor-post-type=\"product\">\n\t\t\t\t<div class=\"elementor-element elementor-element-fa4a8e3 e-flex e-con-boxed e-con e-parent\" data-id=\"fa4a8e3\" data-element_type=\"container\" data-e-type=\"container\">\n\t\t\t\t\t<div class=\"e-con-inner\">\n\t\t\t\t<div class=\"elementor-element elementor-element-90f0f6b elementor-widget elementor-widget-text-editor\" data-id=\"90f0f6b\" data-element_type=\"widget\" data-e-type=\"widget\" data-widget_type=\"text-editor.default\">\n\t\t\t\t<div class=\"elementor-widget-container\">\n\t\t\t\t\t\t\t\t\t<p>O a\u00e7o inoxid\u00e1vel 347 \u00e9 uma qualidade desenvolvida atrav\u00e9s da adi\u00e7\u00e3o do elemento estabilizador ni\u00f3bio ao a\u00e7o inoxid\u00e1vel austen\u00edtico cr\u00f3mio-n\u00edquel. Os seus tubos sem costura s\u00e3o fabricados atrav\u00e9s de processos como a laminagem a quente, a extrus\u00e3o a quente, a trefilagem a frio ou a laminagem a frio, resultando em tubos de a\u00e7o sem cord\u00f5es de soldadura nas paredes interiores ou exteriores. Este m\u00e9todo de produ\u00e7\u00e3o confere aos tubos uma maior capacidade de suporte de press\u00e3o, uma microestrutura mais uniforme e uma excelente precis\u00e3o dimensional. <\/p><p>O tubo sem costura de a\u00e7o inoxid\u00e1vel 347 \u00e9 um tubo de a\u00e7o inoxid\u00e1vel austen\u00edtico estabilizado com ni\u00f3bio que cont\u00e9m 0,32-1% de ni\u00f3bio para evitar a sensibiliza\u00e7\u00e3o a altas temperaturas, proporcionando uma excelente for\u00e7a a altas temperaturas e resist\u00eancia \u00e0 corros\u00e3o, adequado para condi\u00e7\u00f5es superiores a 425\u00b0C.<\/p>\t\t\t\t\t\t\t\t<\/div>\n\t\t\t\t<\/div>\n\t\t\t\t\t<\/div>\n\t\t\t\t<\/div>\n\t\t<div class=\"elementor-element elementor-element-cd82651 e-flex e-con-boxed e-con e-parent\" data-id=\"cd82651\" data-element_type=\"container\" data-e-type=\"container\">\n\t\t\t\t\t<div class=\"e-con-inner\">\n\t\t\t\t<div class=\"elementor-element elementor-element-3417544 elementor-widget elementor-widget-heading\" data-id=\"3417544\" data-element_type=\"widget\" data-e-type=\"widget\" data-widget_type=\"heading.default\">\n\t\t\t\t<div class=\"elementor-widget-container\">\n\t\t\t\t\t<h2 class=\"elementor-heading-title elementor-size-default\">Especifica\u00e7\u00e3o do tubo sem costura de a\u00e7o inoxid\u00e1vel 347<\/h2>\t\t\t\t<\/div>\n\t\t\t\t<\/div>\n\t\t\t\t<div class=\"elementor-element elementor-element-b9d6e08 elementor-widget elementor-widget-text-editor\" data-id=\"b9d6e08\" data-element_type=\"widget\" data-e-type=\"widget\" data-widget_type=\"text-editor.default\">\n\t\t\t\t<div class=\"elementor-widget-container\">\n\t\t\t\t\t\t\t\t\t<p>Norma: ASTM A269, ASTM A213, ASTM A312<\/p><p>Espessura da parede: Schedule 10 a Schedule 160 (3 mm a 100 mm de espessura)<\/p><p>Tamanho do di\u00e2metro exterior: 0,5\u201d NB - 16\u201d NB<\/p><p>Comprimento: 0,1m - 12,5m, comprimento aleat\u00f3rio simples, comprimento aleat\u00f3rio duplo e tamanho personalizado<\/p><p>Extremidades do tubo: lisas \/ biseladas \/ roscadas<\/p><p>Servi\u00e7o de valor acrescentado: Polimento, biselagem, brunimento\/torneamento, tratamento t\u00e9rmico \/ recozido \/ recozido brilhante\u00a0<\/p>\t\t\t\t\t\t\t\t<\/div>\n\t\t\t\t<\/div>\n\t\t\t\t<div class=\"elementor-element elementor-element-3157ae5 elementor-widget elementor-widget-image\" data-id=\"3157ae5\" data-element_type=\"widget\" data-e-type=\"widget\" data-widget_type=\"image.default\">\n\t\t\t\t<div class=\"elementor-widget-container\">\n\t\t\t\t\t\t\t\t\t\t\t\t\t\t\t<img fetchpriority=\"high\" decoding=\"async\" width=\"1000\" height=\"279\" src=\"https:\/\/jblstainless.com\/wp-content\/uploads\/2025\/09\/stainless-steel-pipe-end.webp\" class=\"attachment-1536x1536 size-1536x1536 wp-image-2201\" alt=\"Tubo sem costura de a\u00e7o inoxid\u00e1vel 347\" srcset=\"https:\/\/jblstainless.com\/wp-content\/uploads\/2025\/09\/stainless-steel-pipe-end.webp 1000w, https:\/\/jblstainless.com\/wp-content\/uploads\/2025\/09\/stainless-steel-pipe-end-700x195.webp 700w, https:\/\/jblstainless.com\/wp-content\/uploads\/2025\/09\/stainless-steel-pipe-end-768x214.webp 768w, https:\/\/jblstainless.com\/wp-content\/uploads\/2025\/09\/stainless-steel-pipe-end-18x5.webp 18w, https:\/\/jblstainless.com\/wp-content\/uploads\/2025\/09\/stainless-steel-pipe-end-600x167.webp 600w\" sizes=\"(max-width: 1000px) 100vw, 1000px\" \/>\t\t\t\t\t\t\t\t\t\t\t\t\t\t\t<\/div>\n\t\t\t\t<\/div>\n\t\t\t\t\t<\/div>\n\t\t\t\t<\/div>\n\t\t<div class=\"elementor-element elementor-element-63f1419 e-flex e-con-boxed e-con e-parent\" data-id=\"63f1419\" data-element_type=\"container\" data-e-type=\"container\">\n\t\t\t\t\t<div class=\"e-con-inner\">\n\t\t\t\t<div class=\"elementor-element elementor-element-7627d60 elementor-widget elementor-widget-heading\" data-id=\"7627d60\" data-element_type=\"widget\" data-e-type=\"widget\" data-widget_type=\"heading.default\">\n\t\t\t\t<div class=\"elementor-widget-container\">\n\t\t\t\t\t<h3 class=\"elementor-heading-title elementor-size-default\">A\u00e7o inoxid\u00e1vel 347 Categorias<\/h3>\t\t\t\t<\/div>\n\t\t\t\t<\/div>\n\t\t\t\t<div class=\"elementor-element elementor-element-690f909 elementor-widget elementor-widget-text-editor\" data-id=\"690f909\" data-element_type=\"widget\" data-e-type=\"widget\" data-widget_type=\"text-editor.default\">\n\t\t\t\t<div class=\"elementor-widget-container\">\n\t\t\t\t\t\t\t\t\t<p>O a\u00e7o inoxid\u00e1vel 347 \u00e9 um a\u00e7o inoxid\u00e1vel austen\u00edtico que cont\u00e9m ni\u00f3bio e t\u00e2ntalo para evitar a forma\u00e7\u00e3o de carbonetos de cr\u00f3mio, oferecendo uma excelente resist\u00eancia \u00e0 corros\u00e3o intergranular e \u00e9 adequado para ambientes de alta temperatura. A sua resist\u00eancia \u00e0 corros\u00e3o \u00e9 superior \u00e0 do <a href=\"https:\/\/jblstainless.com\/pt\/tubos-de-aco-inoxidavel-321\/\"><u><b>A\u00e7o inoxid\u00e1vel 321<\/b><\/u><\/a>, o que o torna adequado tanto para ambientes de alta temperatura como de baixa temperatura, com boa resist\u00eancia \u00e0 corros\u00e3o e ao calor.<\/p>\t\t\t\t\t\t\t\t<\/div>\n\t\t\t\t<\/div>\n\t\t\t\t<div class=\"elementor-element elementor-element-c1140d6 elementor-widget elementor-widget-text-editor\" data-id=\"c1140d6\" data-element_type=\"widget\" data-e-type=\"widget\" data-widget_type=\"text-editor.default\">\n\t\t\t\t<div class=\"elementor-widget-container\">\n\t\t\t\t\t\t\t\t\t<p>Com base no teor de carbono, o a\u00e7o inoxid\u00e1vel 347 divide-se principalmente em duas categorias:<\/p><p><strong>A\u00e7o inoxid\u00e1vel 347 (UNS S34700):<\/strong> O seu teor de carbono \u00e9 tipicamente inferior a 0,08%, tornando-o adequado para a maioria das aplica\u00e7\u00f5es de alta temperatura e resistentes \u00e0 corros\u00e3o.<\/p><p><strong>A\u00e7o inoxid\u00e1vel 347H (UNS S34709):<\/strong> a vers\u00e3o com elevado teor de carbono do 347, com um teor de carbono tipicamente entre 0,04% e 0,10%. O teor de carbono mais elevado, combinado com o ni\u00f3bio, aumenta significativamente a resist\u00eancia a altas temperaturas e a resist\u00eancia \u00e0 flu\u00eancia do material, tornando-o mais adequado para utiliza\u00e7\u00e3o a longo prazo em ambientes pressurizados a temperaturas ultra-altas (normalmente acima de 538\u00b0C).<\/p><p>A diferen\u00e7a no teor de carbono faz com que o 347H seja significativamente superior ao 347 em termos de tens\u00e3o admiss\u00edvel e resist\u00eancia \u00e0 rutura por flu\u00eancia a temperaturas superiores a 538\u00b0C (1000\u00b0F), tornando-o um dos materiais preferidos para aplica\u00e7\u00f5es a alta temperatura no C\u00f3digo ASME para Caldeiras e Vasos de Press\u00e3o.<\/p>\t\t\t\t\t\t\t\t<\/div>\n\t\t\t\t<\/div>\n\t\t\t\t\t<\/div>\n\t\t\t\t<\/div>\n\t\t<div class=\"elementor-element elementor-element-6601ec4 e-flex e-con-boxed e-con e-parent\" data-id=\"6601ec4\" data-element_type=\"container\" data-e-type=\"container\">\n\t\t\t\t\t<div class=\"e-con-inner\">\n\t\t\t\t<div class=\"elementor-element elementor-element-8ae60bd elementor-widget elementor-widget-heading\" data-id=\"8ae60bd\" data-element_type=\"widget\" data-e-type=\"widget\" data-widget_type=\"heading.default\">\n\t\t\t\t<div class=\"elementor-widget-container\">\n\t\t\t\t\t<h2 class=\"elementor-heading-title elementor-size-default\">Por que escolher o tubo sem costura SS 347<\/h2>\t\t\t\t<\/div>\n\t\t\t\t<\/div>\n\t\t\t\t<div class=\"elementor-element elementor-element-5111755 elementor-widget elementor-widget-text-editor\" data-id=\"5111755\" data-element_type=\"widget\" data-e-type=\"widget\" data-widget_type=\"text-editor.default\">\n\t\t\t\t<div class=\"elementor-widget-container\">\n\t\t\t\t\t\t\t\t\t<p>Ao contr\u00e1rio do a\u00e7o de qualidade 304, o a\u00e7o inoxid\u00e1vel 347 tem uma melhor resist\u00eancia \u00e0 flu\u00eancia e propriedades de arrebatamento. Tamb\u00e9m funciona melhor em condi\u00e7\u00f5es de calor extremo e tem uma excelente capacidade de suporte de alta press\u00e3o. Tem uma melhor tenacidade e uma boa resist\u00eancia global.<\/p>\t\t\t\t\t\t\t\t<\/div>\n\t\t\t\t<\/div>\n\t\t\t\t<div class=\"elementor-element elementor-element-528ed51 elementor-widget elementor-widget-text-editor\" data-id=\"528ed51\" data-element_type=\"widget\" data-e-type=\"widget\" data-widget_type=\"text-editor.default\">\n\t\t\t\t<div class=\"elementor-widget-container\">\n\t\t\t\t\t\t\t\t\t<p><strong>1. Estrutura estabilizada com Nb: Supress\u00e3o da Corros\u00e3o Intergranular<\/strong><br \/>Comparado com o 304H e o 321, o a\u00e7o inoxid\u00e1vel 347 incorpora ni\u00f3bio (Nb) para formar preferencialmente carbonetos est\u00e1veis com o carbono:<\/p><ul><li>Evita a precipita\u00e7\u00e3o de cr\u00f3mio nos limites dos gr\u00e3os: Inibe a corros\u00e3o intergranular<\/li><li>Elimina o tratamento complexo da solu\u00e7\u00e3o p\u00f3s-soldadura: Ideal para constru\u00e7\u00f5es em grande escala no local<\/li><li>Microestrutura mais est\u00e1vel sob altas temperaturas prolongadas<\/li><\/ul>\t\t\t\t\t\t\t\t<\/div>\n\t\t\t\t<\/div>\n\t\t\t\t<div class=\"elementor-element elementor-element-c4fd1fc elementor-widget elementor-widget-text-editor\" data-id=\"c4fd1fc\" data-element_type=\"widget\" data-e-type=\"widget\" data-widget_type=\"text-editor.default\">\n\t\t\t\t<div class=\"elementor-widget-container\">\n\t\t\t\t\t\t\t\t\t<p><strong>2. 347 Tubo de a\u00e7o sem costura: Adequado para condi\u00e7\u00f5es de alta temperatura e alta press\u00e3o<\/strong><\/p><ul><li>Constru\u00e7\u00e3o sem costuras para uma distribui\u00e7\u00e3o mais uniforme das tens\u00f5es<\/li><li>Maior resist\u00eancia \u00e0 press\u00e3o e coeficiente de seguran\u00e7a<\/li><li>Mais adequado para projectos que exigem uma conformidade rigorosa com as normas ASME, ASTM e outras normas rigorosas<\/li><\/ul>\t\t\t\t\t\t\t\t<\/div>\n\t\t\t\t<\/div>\n\t\t\t\t<div class=\"elementor-element elementor-element-484bdb0 elementor-widget elementor-widget-text-editor\" data-id=\"484bdb0\" data-element_type=\"widget\" data-e-type=\"widget\" data-widget_type=\"text-editor.default\">\n\t\t\t\t<div class=\"elementor-widget-container\">\n\t\t\t\t\t\t\t\t\t<p><strong>3. Resist\u00eancia a altas temperaturas<\/strong><\/p><p>O a\u00e7o inoxid\u00e1vel 347 apresenta uma maior estabilidade nos seguintes aspectos:<\/p><ul><li>Resist\u00eancia superior \u00e0 flu\u00eancia a altas temperaturas<\/li><li>Forte resist\u00eancia \u00e0 fadiga t\u00e9rmica<\/li><li>Degrada\u00e7\u00e3o mais lenta das propriedades mec\u00e2nicas durante o funcionamento a longo prazo<\/li><\/ul>\t\t\t\t\t\t\t\t<\/div>\n\t\t\t\t<\/div>\n\t\t\t\t<div class=\"elementor-element elementor-element-5fed6bc elementor-widget elementor-widget-text-editor\" data-id=\"5fed6bc\" data-element_type=\"widget\" data-e-type=\"widget\" data-widget_type=\"text-editor.default\">\n\t\t\t\t<div class=\"elementor-widget-container\">\n\t\t\t\t\t\t\t\t\t<p><strong>4.Excelente maquinabilidade e soldabilidade<\/strong><\/p><p>O a\u00e7o inoxid\u00e1vel 347 apresenta uma excelente trabalhabilidade a frio e a quente. O seu processamento a quente (como o forjamento e a laminagem a quente) envolve normalmente temperaturas que variam entre 1150 e 1250\u00b0C.<\/p><p>Devido ao efeito estabilizador do ni\u00f3bio, as juntas soldadas s\u00e3o menos suscept\u00edveis \u00e0 corros\u00e3o intergranular, pelo que o tratamento t\u00e9rmico p\u00f3s-soldadura \u00e9 geralmente desnecess\u00e1rio.<\/p>\t\t\t\t\t\t\t\t<\/div>\n\t\t\t\t<\/div>\n\t\t\t\t\t<\/div>\n\t\t\t\t<\/div>\n\t\t<div class=\"elementor-element elementor-element-dfaaf83 e-flex e-con-boxed e-con e-parent\" data-id=\"dfaaf83\" data-element_type=\"container\" data-e-type=\"container\">\n\t\t\t\t\t<div class=\"e-con-inner\">\n\t\t\t\t<div class=\"elementor-element elementor-element-67a176a elementor-widget elementor-widget-heading\" data-id=\"67a176a\" data-element_type=\"widget\" data-e-type=\"widget\" data-widget_type=\"heading.default\">\n\t\t\t\t<div class=\"elementor-widget-container\">\n\t\t\t\t\t<h3 class=\"elementor-heading-title elementor-size-default\">Composi\u00e7\u00e3o qu\u00edmica do tubo de a\u00e7o inoxid\u00e1vel 347\n<\/h3>\t\t\t\t<\/div>\n\t\t\t\t<\/div>\n\t\t\t\t<div class=\"elementor-element elementor-element-3a79885 elementor-widget elementor-widget-text-editor\" data-id=\"3a79885\" data-element_type=\"widget\" data-e-type=\"widget\" data-widget_type=\"text-editor.default\">\n\t\t\t\t<div class=\"elementor-widget-container\">\n\t\t\t\t\t\t\t\t\t<table><tbody><tr><th>Padr\u00e3o<\/th><th>Elemento<\/th><th>C<\/th><th>Cr<\/th><th>Mn<\/th><th>Ni<\/th><th>P<\/th><th>S<\/th><th>Si<\/th><th>Cb\/Ta<\/th><\/tr><tr><td colspan=\"1\" rowspan=\"2\">ASTM A213<br \/>\/ASTM A312<\/td><td>347<\/td><td>0,08 m\u00e1x.<\/td><td>min: 17,0<br \/>max: 20.0<\/td><td>2.0 max<\/td><td>min: 9,0<br \/>max: 13.0<\/td><td>0,04 max<\/td><td>0.30<br \/>m\u00e1ximo<\/td><td>0.75<br \/>m\u00e1ximo<\/td><td>min:10x C<br \/>max: 1.0<\/td><\/tr><tr><td>347H<\/td><td>min: 0,04<br \/>m\u00e1ximo: 0,10<\/td><td>min: 17,0<br \/>max: 20.0<\/td><td>2.0 max<\/td><td>min: 9,0<br \/>max: 13.0<\/td><td>0,03 max<\/td><td>0.30<br \/>m\u00e1ximo<\/td><td>0.75<br \/>m\u00e1ximo<\/td><td>min:10x C<br \/>max: 1.0<\/td><\/tr><\/tbody><\/table>\t\t\t\t\t\t\t\t<\/div>\n\t\t\t\t<\/div>\n\t\t\t\t\t<\/div>\n\t\t\t\t<\/div>\n\t\t<div class=\"elementor-element elementor-element-180e660 e-flex e-con-boxed e-con e-parent\" data-id=\"180e660\" data-element_type=\"container\" data-e-type=\"container\">\n\t\t\t\t\t<div class=\"e-con-inner\">\n\t\t\t\t<div class=\"elementor-element elementor-element-856e879 elementor-widget elementor-widget-heading\" data-id=\"856e879\" data-element_type=\"widget\" data-e-type=\"widget\" data-widget_type=\"heading.default\">\n\t\t\t\t<div class=\"elementor-widget-container\">\n\t\t\t\t\t<h3 class=\"elementor-heading-title elementor-size-default\">Propriedades mec\u00e2nicas<\/h3>\t\t\t\t<\/div>\n\t\t\t\t<\/div>\n\t\t\t\t<div class=\"elementor-element elementor-element-15b588b elementor-widget elementor-widget-text-editor\" data-id=\"15b588b\" data-element_type=\"widget\" data-e-type=\"widget\" data-widget_type=\"text-editor.default\">\n\t\t\t\t<div class=\"elementor-widget-container\">\n\t\t\t\t\t\t\t\t\t<table class=\"table\"><tbody><tr><th>Grau<\/th><th>Resist\u00eancia \u00e0 tra\u00e7\u00e3o ksi (MPa) min<\/th><th>Resist\u00eancia ao escoamento 0.2% ksi offset ksi (MPa) min<\/th><th>Elonga\u00e7\u00e3o (% em 50mm) min<\/th><th>Dureza (Brinell) MAX<\/th><th>Dureza (Rockwell B) MAX<\/th><\/tr><tr><td>347\/347H<\/td><td>75<br \/>(515)<\/td><td>30<br \/>(205)<\/td><td>40<\/td><td>201<\/td><td>95<\/td><\/tr><\/tbody><\/table>\t\t\t\t\t\t\t\t<\/div>\n\t\t\t\t<\/div>\n\t\t\t\t\t<\/div>\n\t\t\t\t<\/div>\n\t\t<div class=\"elementor-element elementor-element-46a4eb3 e-flex e-con-boxed e-con e-parent\" data-id=\"46a4eb3\" data-element_type=\"container\" data-e-type=\"container\">\n\t\t\t\t\t<div class=\"e-con-inner\">\n\t\t\t\t<div class=\"elementor-element elementor-element-a4ad9d9 elementor-widget elementor-widget-heading\" data-id=\"a4ad9d9\" data-element_type=\"widget\" data-e-type=\"widget\" data-widget_type=\"heading.default\">\n\t\t\t\t<div class=\"elementor-widget-container\">\n\t\t\t\t\t<h2 class=\"elementor-heading-title elementor-size-default\">Aplica\u00e7\u00f5es<\/h2>\t\t\t\t<\/div>\n\t\t\t\t<\/div>\n\t\t\t\t<div class=\"elementor-element elementor-element-494dd5c elementor-widget elementor-widget-text-editor\" data-id=\"494dd5c\" data-element_type=\"widget\" data-e-type=\"widget\" data-widget_type=\"text-editor.default\">\n\t\t\t\t<div class=\"elementor-widget-container\">\n\t\t\t\t\t\t\t\t\t<p>Com as suas carater\u00edsticas de desempenho \u00fanicas, o tubo sem costura de a\u00e7o inoxid\u00e1vel 347 desempenha um papel indispens\u00e1vel em v\u00e1rias ind\u00fastrias.<\/p>\t\t\t\t\t\t\t\t<\/div>\n\t\t\t\t<\/div>\n\t\t\t\t<div class=\"elementor-element elementor-element-226f583 elementor-widget elementor-widget-text-editor\" data-id=\"226f583\" data-element_type=\"widget\" data-e-type=\"widget\" data-widget_type=\"text-editor.default\">\n\t\t\t\t<div class=\"elementor-widget-container\">\n\t\t\t\t\t\t\t\t\t<p><strong>F\u00e1bricas de petr\u00f3leo e de produtos qu\u00edmicos<\/strong><\/p><p>Os tubos de a\u00e7o inoxid\u00e1vel 347 oferecem um desempenho est\u00e1vel p\u00f3s-soldadura e resist\u00eancia \u00e0 corros\u00e3o intergranular, minimizando o tempo de inatividade n\u00e3o planeado<\/p>\t\t\t\t\t\t\t\t<\/div>\n\t\t\t\t<\/div>\n\t\t\t\t<div class=\"elementor-element elementor-element-6cd585c elementor-widget elementor-widget-text-editor\" data-id=\"6cd585c\" data-element_type=\"widget\" data-e-type=\"widget\" data-widget_type=\"text-editor.default\">\n\t\t\t\t<div class=\"elementor-widget-container\">\n\t\t\t\t\t\t\t\t\t<p><strong>Engenharia de pot\u00eancia e energia<\/strong><\/p><p>Mantendo a estabilidade da resist\u00eancia a altas temperaturas a longo prazo, os tubos de a\u00e7o 347 oferecem uma vida \u00fatil superior a 20 anos<\/p>\t\t\t\t\t\t\t\t<\/div>\n\t\t\t\t<\/div>\n\t\t\t\t<div class=\"elementor-element elementor-element-0ec288d elementor-widget elementor-widget-text-editor\" data-id=\"0ec288d\" data-element_type=\"widget\" data-e-type=\"widget\" data-widget_type=\"text-editor.default\">\n\t\t\t\t<div class=\"elementor-widget-container\">\n\t\t\t\t\t\t\t\t\t<p><strong>Fornos industriais e equipamento de tratamento t\u00e9rmico<\/strong><\/p><p>O a\u00e7o inoxid\u00e1vel 347 resiste \u00e0 fadiga t\u00e9rmica, tornando-o ideal para aplica\u00e7\u00f5es com ciclos frequentes de arranque e paragem.<\/p>\t\t\t\t\t\t\t\t<\/div>\n\t\t\t\t<\/div>\n\t\t\t\t\t<\/div>\n\t\t\t\t<\/div>\n\t\t\t\t<\/div>","protected":false},"excerpt":{"rendered":"<p>O tubo sem costura de a\u00e7o inoxid\u00e1vel 347 \u00e9 um a\u00e7o inoxid\u00e1vel austen\u00edtico estabilizado com ni\u00f3bio (Nb), optimizado para ambientes de servi\u00e7o de alta temperatura e de longa dura\u00e7\u00e3o.<\/p>\n<p>Excelente resist\u00eancia \u00e0 corros\u00e3o intergranular<\/p>\n<p>Propriedades superiores a altas temperaturas<\/p>\n<p>Boa maquinabilidade e soldabilidade<\/p>","protected":false},"featured_media":2499,"template":"","meta":{"_eb_attr":""},"product_brand":[],"product_cat":[30],"product_tag":[],"class_list":{"0":"post-2492","1":"product","2":"type-product","3":"status-publish","4":"has-post-thumbnail","6":"product_cat-stainless-steel-seamless-pipe","8":"first","9":"instock","10":"shipping-taxable","11":"product-type-simple"},"_links":{"self":[{"href":"https:\/\/jblstainless.com\/pt\/wp-json\/wp\/v2\/product\/2492","targetHints":{"allow":["GET"]}}],"collection":[{"href":"https:\/\/jblstainless.com\/pt\/wp-json\/wp\/v2\/product"}],"about":[{"href":"https:\/\/jblstainless.com\/pt\/wp-json\/wp\/v2\/types\/product"}],"version-history":[{"count":13,"href":"https:\/\/jblstainless.com\/pt\/wp-json\/wp\/v2\/product\/2492\/revisions"}],"predecessor-version":[{"id":2509,"href":"https:\/\/jblstainless.com\/pt\/wp-json\/wp\/v2\/product\/2492\/revisions\/2509"}],"wp:featuredmedia":[{"embeddable":true,"href":"https:\/\/jblstainless.com\/pt\/wp-json\/wp\/v2\/media\/2499"}],"wp:attachment":[{"href":"https:\/\/jblstainless.com\/pt\/wp-json\/wp\/v2\/media?parent=2492"}],"wp:term":[{"taxonomy":"product_brand","embeddable":true,"href":"https:\/\/jblstainless.com\/pt\/wp-json\/wp\/v2\/product_brand?post=2492"},{"taxonomy":"product_cat","embeddable":true,"href":"https:\/\/jblstainless.com\/pt\/wp-json\/wp\/v2\/product_cat?post=2492"},{"taxonomy":"product_tag","embeddable":true,"href":"https:\/\/jblstainless.com\/pt\/wp-json\/wp\/v2\/product_tag?post=2492"}],"curies":[{"name":"wp","href":"https:\/\/api.w.org\/{rel}","templated":true}]}}