{"id":2515,"date":"2026-03-05T17:22:40","date_gmt":"2026-03-05T09:22:40","guid":{"rendered":"https:\/\/jblstainless.com\/?post_type=product&#038;p=2515"},"modified":"2026-03-05T17:25:52","modified_gmt":"2026-03-05T09:25:52","slug":"tubo-de-aco-inoxidavel-sem-costura-410","status":"publish","type":"product","link":"https:\/\/jblstainless.com\/pt\/410-seamless-stainless-steel-pipe\/","title":{"rendered":"Tubo de a\u00e7o inoxid\u00e1vel sem costura 410"},"content":{"rendered":"<div data-elementor-type=\"product-post\" data-elementor-id=\"2515\" class=\"elementor elementor-2515\" data-elementor-post-type=\"product\">\n\t\t\t\t<div class=\"elementor-element elementor-element-a3d817c e-flex e-con-boxed e-con e-parent\" data-id=\"a3d817c\" data-element_type=\"container\" data-e-type=\"container\">\n\t\t\t\t\t<div class=\"e-con-inner\">\n\t\t\t\t<div class=\"elementor-element elementor-element-b746704 elementor-widget elementor-widget-text-editor\" data-id=\"b746704\" data-element_type=\"widget\" data-e-type=\"widget\" data-widget_type=\"text-editor.default\">\n\t\t\t\t<div class=\"elementor-widget-container\">\n\t\t\t\t\t\t\t\t\t<p>O a\u00e7o inoxid\u00e1vel 410 \u00e9 um a\u00e7o inoxid\u00e1vel martens\u00edtico t\u00edpico, tamb\u00e9m conhecido como \u201c1Cr13\u201d, que cont\u00e9m aproximadamente 12% de cr\u00f3mio, oferece uma resist\u00eancia moderada \u00e0 corros\u00e3o, boa resist\u00eancia mec\u00e2nica, capacidade de tratamento t\u00e9rmico e propriedades magn\u00e9ticas, amplamente utilizado no fabrico de v\u00e1rios componentes mec\u00e2nicos resistentes ao desgaste e de elevada resist\u00eancia.<\/p><p>Ao contr\u00e1rio dos t\u00edpicos a\u00e7os inoxid\u00e1veis austen\u00edticos (<a href=\"https:\/\/jblstainless.com\/pt\/tubo-sem-costura-de-aco-inoxidavel-304\/\"><em><span style=\"text-decoration: underline;\"><strong>304<\/strong><\/span><\/em><\/a>\/<a href=\"https:\/\/jblstainless.com\/pt\/tubo-sem-costura-de-aco-inoxidavel-316\/\"><span style=\"text-decoration: underline;\"><em><strong>316<\/strong><\/em><\/span><\/a>), o a\u00e7o 410 possui uma estrutura cristalina c\u00fabica centrada no corpo e apresenta propriedades magn\u00e9ticas. A sua resist\u00eancia e dureza podem ser significativamente melhoradas atrav\u00e9s de tratamentos t\u00e9rmicos como a t\u00eampera e o revenido. Pode ser formado no estado n\u00e3o tratado e atinge uma excelente for\u00e7a e resist\u00eancia ao desgaste ap\u00f3s o tratamento t\u00e9rmico.<\/p>\t\t\t\t\t\t\t\t<\/div>\n\t\t\t\t<\/div>\n\t\t\t\t\t<\/div>\n\t\t\t\t<\/div>\n\t\t<div class=\"elementor-element elementor-element-407e44c e-flex e-con-boxed e-con e-parent\" data-id=\"407e44c\" data-element_type=\"container\" data-e-type=\"container\">\n\t\t\t\t\t<div class=\"e-con-inner\">\n\t\t\t\t<div class=\"elementor-element elementor-element-e673dc0 elementor-widget elementor-widget-heading\" data-id=\"e673dc0\" data-element_type=\"widget\" data-e-type=\"widget\" data-widget_type=\"heading.default\">\n\t\t\t\t<div class=\"elementor-widget-container\">\n\t\t\t\t\t<h2 class=\"elementor-heading-title elementor-size-default\">Por que escolher o tubo de a\u00e7o inoxid\u00e1vel sem costura 410<\/h2>\t\t\t\t<\/div>\n\t\t\t\t<\/div>\n\t\t\t\t<div class=\"elementor-element elementor-element-a685033 elementor-widget elementor-widget-text-editor\" data-id=\"a685033\" data-element_type=\"widget\" data-e-type=\"widget\" data-widget_type=\"text-editor.default\">\n\t\t\t\t<div class=\"elementor-widget-container\">\n\t\t\t\t\t\t\t\t\t<p>Os tubos sem costura de a\u00e7o inoxid\u00e1vel 410 s\u00e3o produtos tubulares ocos fabricados atrav\u00e9s de processos de laminagem a quente ou de extrus\u00e3o, apresentando uma superf\u00edcie lisa e dimens\u00f5es precisas da sec\u00e7\u00e3o transversal.<\/p><p>JBLSTEEL \u00e9 fabricante, exportador e fornecedor de Tubo de a\u00e7o inoxid\u00e1vel sem costura 410 de alta qualidade. N\u00f3s fornecemos todos os tubos 410 ss em diferentes tamanhos, di\u00e2metros e tipos como sem costura, soldados e fabricados. O tubo 410 tamb\u00e9m est\u00e1 dispon\u00edvel em v\u00e1rios tamanhos, formas de acordo com os requisitos dos nossos clientes. Realizamos inspec\u00e7\u00f5es rigorosas em cada lote de tubos 410. Certificados de teste de material (MTC) e relat\u00f3rios de propriedades mec\u00e2nicas est\u00e3o dispon\u00edveis antes do envio, em conformidade com as normas ASTM\/ASME\/JIS\/GB.<\/p>\t\t\t\t\t\t\t\t<\/div>\n\t\t\t\t<\/div>\n\t\t\t\t\t<\/div>\n\t\t\t\t<\/div>\n\t\t<div class=\"elementor-element elementor-element-ca1fa32 e-flex e-con-boxed e-con e-parent\" data-id=\"ca1fa32\" data-element_type=\"container\" data-e-type=\"container\">\n\t\t\t\t\t<div class=\"e-con-inner\">\n\t\t\t\t<div class=\"elementor-element elementor-element-f41159a elementor-widget elementor-widget-image\" data-id=\"f41159a\" data-element_type=\"widget\" data-e-type=\"widget\" data-widget_type=\"image.default\">\n\t\t\t\t<div class=\"elementor-widget-container\">\n\t\t\t\t\t\t\t\t\t\t\t\t\t\t\t<img fetchpriority=\"high\" decoding=\"async\" width=\"800\" height=\"394\" src=\"https:\/\/jblstainless.com\/wp-content\/uploads\/2025\/04\/stainless-steel-pipe-surface-treatment.webp\" class=\"attachment-large size-large wp-image-1357\" alt=\"Tubo de a\u00e7o inoxid\u00e1vel 420\" srcset=\"https:\/\/jblstainless.com\/wp-content\/uploads\/2025\/04\/stainless-steel-pipe-surface-treatment.webp 1000w, https:\/\/jblstainless.com\/wp-content\/uploads\/2025\/04\/stainless-steel-pipe-surface-treatment-300x148.webp 300w, https:\/\/jblstainless.com\/wp-content\/uploads\/2025\/04\/stainless-steel-pipe-surface-treatment-768x379.webp 768w, https:\/\/jblstainless.com\/wp-content\/uploads\/2025\/04\/stainless-steel-pipe-surface-treatment-18x9.webp 18w, https:\/\/jblstainless.com\/wp-content\/uploads\/2025\/04\/stainless-steel-pipe-surface-treatment-600x296.webp 600w\" sizes=\"(max-width: 800px) 100vw, 800px\" \/>\t\t\t\t\t\t\t\t\t\t\t\t\t\t\t<\/div>\n\t\t\t\t<\/div>\n\t\t\t\t\t<\/div>\n\t\t\t\t<\/div>\n\t\t<div class=\"elementor-element elementor-element-1ad82db e-flex e-con-boxed e-con e-parent\" data-id=\"1ad82db\" data-element_type=\"container\" data-e-type=\"container\">\n\t\t\t\t\t<div class=\"e-con-inner\">\n\t\t\t\t<div class=\"elementor-element elementor-element-cfd7c5e elementor-widget elementor-widget-heading\" data-id=\"cfd7c5e\" data-element_type=\"widget\" data-e-type=\"widget\" data-widget_type=\"heading.default\">\n\t\t\t\t<div class=\"elementor-widget-container\">\n\t\t\t\t\t<h3 class=\"elementor-heading-title elementor-size-default\">Vantagem do tubo de a\u00e7o inoxid\u00e1vel 410\n<\/h3>\t\t\t\t<\/div>\n\t\t\t\t<\/div>\n\t\t\t\t<div class=\"elementor-element elementor-element-a57e256 elementor-widget elementor-widget-text-editor\" data-id=\"a57e256\" data-element_type=\"widget\" data-e-type=\"widget\" data-widget_type=\"text-editor.default\">\n\t\t\t\t<div class=\"elementor-widget-container\">\n\t\t\t\t\t\t\t\t\t<p>410 \u00e9 um a\u00e7o inoxid\u00e1vel recozido com elevadas propriedades mec\u00e2nicas, que oferece excelentes propriedades magn\u00e9ticas tanto em condi\u00e7\u00f5es recozidas como endurecidas.<\/p>\t\t\t\t\t\t\t\t<\/div>\n\t\t\t\t<\/div>\n\t\t\t\t<div class=\"elementor-element elementor-element-afc72e6 elementor-widget elementor-widget-text-editor\" data-id=\"afc72e6\" data-element_type=\"widget\" data-e-type=\"widget\" data-widget_type=\"text-editor.default\">\n\t\t\t\t<div class=\"elementor-widget-container\">\n\t\t\t\t\t\t\t\t\t<p><strong>Resist\u00eancia \u00e0 corros\u00e3o:<\/strong><\/p><p>Excelente resist\u00eancia \u00e0 corros\u00e3o em ambientes de temperatura baixa a m\u00e9dia e meios ligeiramente corrosivos (por exemplo, \u00e1gua limpa, \u00f3leo, gases \u00e1cidos), mas inadequada para ambientes com elevado teor de cloretos. \u00c9 necess\u00e1ria prote\u00e7\u00e3o adicional para meios fortemente corrosivos, como \u00e1cidos, \u00e1lcalis e \u00e1gua do mar.<\/p>\t\t\t\t\t\t\t\t<\/div>\n\t\t\t\t<\/div>\n\t\t\t\t<div class=\"elementor-element elementor-element-15d18ca elementor-widget elementor-widget-text-editor\" data-id=\"15d18ca\" data-element_type=\"widget\" data-e-type=\"widget\" data-widget_type=\"text-editor.default\">\n\t\t\t\t<div class=\"elementor-widget-container\">\n\t\t\t\t\t\t\t\t\t<p><strong>Resist\u00eancia ao calor:<\/strong><\/p><p>Suporta gamas de temperatura moderadas (temperatura de funcionamento t\u00edpica \u2264 350\u00b0C), normalmente utilizado em condutas de vapor e equipamento de tratamento t\u00e9rmico. A resist\u00eancia m\u00e1xima ao calor excede os 600-650\u00b0C, com uma resist\u00eancia superior \u00e0 oxida\u00e7\u00e3o (superior \u00e0 do a\u00e7o-carbono comum).<\/p>\t\t\t\t\t\t\t\t<\/div>\n\t\t\t\t<\/div>\n\t\t\t\t<div class=\"elementor-element elementor-element-7c858f5 elementor-widget elementor-widget-text-editor\" data-id=\"7c858f5\" data-element_type=\"widget\" data-e-type=\"widget\" data-widget_type=\"text-editor.default\">\n\t\t\t\t<div class=\"elementor-widget-container\">\n\t\t\t\t\t\t\t\t\t<p><strong>Trabalhabilidade:<\/strong><\/p><p>Amolece no estado recozido, permitindo o processamento secund\u00e1rio, como dobragem ou prensagem; endurece no estado temperado; resistente ao desgaste, mas propenso a fissuras. O a\u00e7o 410 apresenta elevada dureza e resist\u00eancia, exigindo um pr\u00e9-aquecimento antes das opera\u00e7\u00f5es de soldadura e conforma\u00e7\u00e3o, seguido de um tratamento t\u00e9rmico p\u00f3s-soldadura.<\/p>\t\t\t\t\t\t\t\t<\/div>\n\t\t\t\t<\/div>\n\t\t\t\t<div class=\"elementor-element elementor-element-085da19 elementor-widget elementor-widget-text-editor\" data-id=\"085da19\" data-element_type=\"widget\" data-e-type=\"widget\" data-widget_type=\"text-editor.default\">\n\t\t\t\t<div class=\"elementor-widget-container\">\n\t\t\t\t\t\t\t\t\t<p><strong>Alta resist\u00eancia, alta dureza:<\/strong><\/p><p>O a\u00e7o inoxid\u00e1vel 410 pode atingir uma resist\u00eancia e dureza extremamente elevadas ap\u00f3s o tratamento t\u00e9rmico, oferecendo vantagens sobre muitos tipos de a\u00e7o austen\u00edtico e ferr\u00edtico. Isto significa que oferece uma resist\u00eancia superior ao desgaste e ao impacto em condi\u00e7\u00f5es de elevada tens\u00e3o, como em tubagens de alta press\u00e3o e componentes mec\u00e2nicos.<\/p>\t\t\t\t\t\t\t\t<\/div>\n\t\t\t\t<\/div>\n\t\t\t\t\t<\/div>\n\t\t\t\t<\/div>\n\t\t<div class=\"elementor-element elementor-element-52d2366 e-flex e-con-boxed e-con e-parent\" data-id=\"52d2366\" data-element_type=\"container\" data-e-type=\"container\">\n\t\t\t\t\t<div class=\"e-con-inner\">\n\t\t\t\t<div class=\"elementor-element elementor-element-66b6e32 elementor-widget elementor-widget-heading\" data-id=\"66b6e32\" data-element_type=\"widget\" data-e-type=\"widget\" data-widget_type=\"heading.default\">\n\t\t\t\t<div class=\"elementor-widget-container\">\n\t\t\t\t\t<h3 class=\"elementor-heading-title elementor-size-default\">Propriedades do a\u00e7o inoxid\u00e1vel 410\n<\/h3>\t\t\t\t<\/div>\n\t\t\t\t<\/div>\n\t\t\t\t<div class=\"elementor-element elementor-element-8270825 elementor-widget elementor-widget-heading\" data-id=\"8270825\" data-element_type=\"widget\" data-e-type=\"widget\" data-widget_type=\"heading.default\">\n\t\t\t\t<div class=\"elementor-widget-container\">\n\t\t\t\t\t<h4 class=\"elementor-heading-title elementor-size-default\">Composi\u00e7\u00e3o qu\u00edmica\n<\/h4>\t\t\t\t<\/div>\n\t\t\t\t<\/div>\n\t\t\t\t<div class=\"elementor-element elementor-element-451cd71 elementor-widget elementor-widget-text-editor\" data-id=\"451cd71\" data-element_type=\"widget\" data-e-type=\"widget\" data-widget_type=\"text-editor.default\">\n\t\t\t\t<div class=\"elementor-widget-container\">\n\t\t\t\t\t\t\t\t\t<table><tbody><tr><td colspan=\"2\">Grau<\/td><td>C<\/td><td>Mn<\/td><td>Si<\/td><td>P<\/td><td>S<\/td><td>Cr<\/td><td>Mo<\/td><td>Ni<\/td><td>N<\/td><\/tr><tr><td rowspan=\"2\">410<\/td><td>min.<\/td><td>-<\/td><td>-<\/td><td>-<\/td><td>-<\/td><td>-<\/td><td>11.5<\/td><td>-<\/td><td>-<\/td><td>-<\/td><\/tr><tr><td>m\u00e1ximo.<\/td><td>0.15<\/td><td>1.0<\/td><td>1.00<\/td><td>0.040<\/td><td>0.030<\/td><td>13.5<\/td><td>-<\/td><td>0.75<\/td><td>-<\/td><\/tr><\/tbody><\/table>\t\t\t\t\t\t\t\t<\/div>\n\t\t\t\t<\/div>\n\t\t\t\t<div class=\"elementor-element elementor-element-2e3caf7 elementor-widget elementor-widget-heading\" data-id=\"2e3caf7\" data-element_type=\"widget\" data-e-type=\"widget\" data-widget_type=\"heading.default\">\n\t\t\t\t<div class=\"elementor-widget-container\">\n\t\t\t\t\t<h4 class=\"elementor-heading-title elementor-size-default\">Propriedades mec\u00e2nicas\n<\/h4>\t\t\t\t<\/div>\n\t\t\t\t<\/div>\n\t\t\t\t<div class=\"elementor-element elementor-element-79ed0e6 elementor-widget elementor-widget-text-editor\" data-id=\"79ed0e6\" data-element_type=\"widget\" data-e-type=\"widget\" data-widget_type=\"text-editor.default\">\n\t\t\t\t<div class=\"elementor-widget-container\">\n\t\t\t\t\t\t\t\t\t<table>\n\t<tbody>\n\t\t<tr>\n\t\t\t<td rowspan=\"2\">Grau<\/td>\n\t\t\t<td rowspan=\"2\">TS min<\/td>\n\t\t\t<td rowspan=\"2\">Alongamento (% em 50mm)<\/td>\n\t\t\t<td rowspan=\"2\">YS 0,2% Prova min<\/td>\n\t\t\t<td colspan=\"2\">Dureza<\/td>\n\t\t<\/tr>\n\t\t<tr>\n\t\t\t<td>Rockwell B max<\/td>\n\t\t\t<td>Brinell max<\/td>\n\t\t<\/tr>\n\t\t<tr>\n\t\t\t<td>410<\/td>\n\t\t\t<td>480 MPa<\/td>\n\t\t\t<td>16 min<\/td>\n\t\t\t<td>275 MPa<\/td>\n\t\t\t<td>95 HR B<\/td>\n\t\t\t<td>201 HB<\/td>\n\t\t<\/tr>\n\t<\/tbody>\n<\/table>\n\t\t\t\t\t\t\t\t<\/div>\n\t\t\t\t<\/div>\n\t\t\t\t<div class=\"elementor-element elementor-element-dbdfe89 elementor-widget elementor-widget-heading\" data-id=\"dbdfe89\" data-element_type=\"widget\" data-e-type=\"widget\" data-widget_type=\"heading.default\">\n\t\t\t\t<div class=\"elementor-widget-container\">\n\t\t\t\t\t<h4 class=\"elementor-heading-title elementor-size-default\">Material equivalente\n<\/h4>\t\t\t\t<\/div>\n\t\t\t\t<\/div>\n\t\t\t\t<div class=\"elementor-element elementor-element-ad2b12a elementor-widget elementor-widget-text-editor\" data-id=\"ad2b12a\" data-element_type=\"widget\" data-e-type=\"widget\" data-widget_type=\"text-editor.default\">\n\t\t\t\t<div class=\"elementor-widget-container\">\n\t\t\t\t\t\t\t\t\t<table>\n\t<tbody>\n\t\t<tr>\n\t\t\t<td rowspan=\"2\">Grau<\/td>\n\t\t\t<td rowspan=\"2\">N\u00famero UNS<\/td>\n\t\t\t<td colspan=\"2\">Brit\u00e2nico antigo<\/td>\n\t\t\t<td colspan=\"2\">Euronorm<\/td>\n\t\t\t<td rowspan=\"2\">SS sueca<\/td>\n\t\t\t<td rowspan=\"2\">Japon\u00eas JIS<\/td>\n\t\t<\/tr>\n\t\t<tr>\n\t\t\t<td>BS<\/td>\n\t\t\t<td>En<\/td>\n\t\t\t<td>N\u00e3o<\/td>\n\t\t\t<td>Nome<\/td>\n\t\t<\/tr>\n\t\t<tr>\n\t\t\t<td>410<\/td>\n\t\t\t<td>S41000<\/td>\n\t\t\t<td>410S21<\/td>\n\t\t\t<td>56A<\/td>\n\t\t\t<td>1.4006<\/td>\n\t\t\t<td>X12Cr13<\/td>\n\t\t\t<td>2302<\/td>\n\t\t\t<td>SUS 410<\/td>\n\t\t<\/tr>\n\t<\/tbody>\n<\/table>\n\t\t\t\t\t\t\t\t<\/div>\n\t\t\t\t<\/div>\n\t\t\t\t\t<\/div>\n\t\t\t\t<\/div>\n\t\t\t\t<\/div>","protected":false},"excerpt":{"rendered":"<p>O tubo de a\u00e7o inoxid\u00e1vel sem costura 410 \u00e9 um produto tubular oco fabricado atrav\u00e9s de processos de laminagem a quente ou de extrus\u00e3o, com uma superf\u00edcie lisa e dimens\u00f5es precisas da sec\u00e7\u00e3o transversal.<\/p>\n<p>Norma:ASTM A312, ASM A213, DIN 1.4006, JIS G4303<\/p>\n<p>Tamanho: 1\/4\u201d - 16\u201d<\/p>\n<p>Espessura da parede: Sch 10, 40, 80, 160 e XXH<\/p>\n<p>Comprimento: 6m, 12m, ou cortado \u00e0 medida<\/p>","protected":false},"featured_media":2513,"template":"","meta":{"_eb_attr":""},"product_brand":[],"product_cat":[30],"product_tag":[],"class_list":{"0":"post-2515","1":"product","2":"type-product","3":"status-publish","4":"has-post-thumbnail","6":"product_cat-stainless-steel-seamless-pipe","8":"first","9":"instock","10":"shipping-taxable","11":"product-type-simple"},"_links":{"self":[{"href":"https:\/\/jblstainless.com\/pt\/wp-json\/wp\/v2\/product\/2515","targetHints":{"allow":["GET"]}}],"collection":[{"href":"https:\/\/jblstainless.com\/pt\/wp-json\/wp\/v2\/product"}],"about":[{"href":"https:\/\/jblstainless.com\/pt\/wp-json\/wp\/v2\/types\/product"}],"version-history":[{"count":4,"href":"https:\/\/jblstainless.com\/pt\/wp-json\/wp\/v2\/product\/2515\/revisions"}],"predecessor-version":[{"id":2519,"href":"https:\/\/jblstainless.com\/pt\/wp-json\/wp\/v2\/product\/2515\/revisions\/2519"}],"wp:featuredmedia":[{"embeddable":true,"href":"https:\/\/jblstainless.com\/pt\/wp-json\/wp\/v2\/media\/2513"}],"wp:attachment":[{"href":"https:\/\/jblstainless.com\/pt\/wp-json\/wp\/v2\/media?parent=2515"}],"wp:term":[{"taxonomy":"product_brand","embeddable":true,"href":"https:\/\/jblstainless.com\/pt\/wp-json\/wp\/v2\/product_brand?post=2515"},{"taxonomy":"product_cat","embeddable":true,"href":"https:\/\/jblstainless.com\/pt\/wp-json\/wp\/v2\/product_cat?post=2515"},{"taxonomy":"product_tag","embeddable":true,"href":"https:\/\/jblstainless.com\/pt\/wp-json\/wp\/v2\/product_tag?post=2515"}],"curies":[{"name":"wp","href":"https:\/\/api.w.org\/{rel}","templated":true}]}}