{"id":2545,"date":"2026-04-02T17:17:46","date_gmt":"2026-04-02T09:17:46","guid":{"rendered":"https:\/\/jblstainless.com\/?post_type=product&#038;p=2545"},"modified":"2026-04-03T16:31:15","modified_gmt":"2026-04-03T08:31:15","slug":"tubo-de-aco-inoxidavel-410s","status":"publish","type":"product","link":"https:\/\/jblstainless.com\/pt\/410s-stainless-steel-pipe\/","title":{"rendered":"Tubo de a\u00e7o inoxid\u00e1vel 410S"},"content":{"rendered":"<div data-elementor-type=\"product-post\" data-elementor-id=\"2545\" class=\"elementor elementor-2545\" data-elementor-post-type=\"product\">\n\t\t\t\t<div class=\"elementor-element elementor-element-2836fb1 e-flex e-con-boxed e-con e-parent\" data-id=\"2836fb1\" data-element_type=\"container\" data-e-type=\"container\">\n\t\t\t\t\t<div class=\"e-con-inner\">\n\t\t\t\t<div class=\"elementor-element elementor-element-245b9d0 elementor-widget elementor-widget-text-editor\" data-id=\"245b9d0\" data-element_type=\"widget\" data-e-type=\"widget\" data-widget_type=\"text-editor.default\">\n\t\t\t\t<div class=\"elementor-widget-container\">\n\t\t\t\t\t\t\t\t\t<p>O tubo de a\u00e7o inoxid\u00e1vel 410S \u00e9 um material de a\u00e7o inoxid\u00e1vel ferr\u00edtico de baixo teor de carbono que mant\u00e9m uma excelente resist\u00eancia \u00e0 oxida\u00e7\u00e3o, melhorando significativamente a soldabilidade atrav\u00e9s de um teor de carbono reduzido.<\/p><p>Comparado com o 410: Soldabilidade mais consistente, reduzindo o risco de fissura\u00e7\u00e3o;<\/p><p>Comparado com o 304: Custo significativamente mais baixo, satisfazendo as condi\u00e7\u00f5es de funcionamento resistentes ao calor.<\/p><p>O tubo de a\u00e7o inoxid\u00e1vel 410S \u00e9 considerado um \u201cmaterial econ\u00f3mico resistente ao calor\u201d para ambientes de alta temperatura.<\/p>\t\t\t\t\t\t\t\t<\/div>\n\t\t\t\t<\/div>\n\t\t\t\t\t<\/div>\n\t\t\t\t<\/div>\n\t\t<div class=\"elementor-element elementor-element-4ecb03b e-flex e-con-boxed e-con e-parent\" data-id=\"4ecb03b\" data-element_type=\"container\" data-e-type=\"container\">\n\t\t\t\t\t<div class=\"e-con-inner\">\n\t\t\t\t<div class=\"elementor-element elementor-element-d55cc6b elementor-widget elementor-widget-heading\" data-id=\"d55cc6b\" data-element_type=\"widget\" data-e-type=\"widget\" data-widget_type=\"heading.default\">\n\t\t\t\t<div class=\"elementor-widget-container\">\n\t\t\t\t\t<h2 class=\"elementor-heading-title elementor-size-default\">Especifica\u00e7\u00e3o do tubo de a\u00e7o inoxid\u00e1vel 410S<\/h2>\t\t\t\t<\/div>\n\t\t\t\t<\/div>\n\t\t\t\t<div class=\"elementor-element elementor-element-1112af3 elementor-widget elementor-widget-text-editor\" data-id=\"1112af3\" data-element_type=\"widget\" data-e-type=\"widget\" data-widget_type=\"text-editor.default\">\n\t\t\t\t<div class=\"elementor-widget-container\">\n\t\t\t\t\t\t\t\t\t<p>Material: AISI 410S \/ UNS S41008 \/ EN 1.4000<\/p><p>Tamanho: 1\/4\u2033 - 16\u2033<\/p><p>Hor\u00e1rios: Sch 10, 40, 80, 160, XXH<\/p><p>Comprimento: 1 - 6m, personalizado conforme necess\u00e1rio<\/p><p>Tratamento de superf\u00edcie: NO.1, 2B, NO.4, BA, HL, Espelho<\/p>\t\t\t\t\t\t\t\t<\/div>\n\t\t\t\t<\/div>\n\t\t\t\t<div class=\"elementor-element elementor-element-885d3d9 elementor-widget elementor-widget-image\" data-id=\"885d3d9\" data-element_type=\"widget\" data-e-type=\"widget\" data-widget_type=\"image.default\">\n\t\t\t\t<div class=\"elementor-widget-container\">\n\t\t\t\t\t\t\t\t\t\t\t\t\t\t\t<img fetchpriority=\"high\" decoding=\"async\" width=\"800\" height=\"400\" src=\"https:\/\/jblstainless.com\/wp-content\/uploads\/2025\/06\/316-pipe-surface-finish.webp\" class=\"attachment-large size-large wp-image-1669\" alt=\"Tubo de a\u00e7o inoxid\u00e1vel 430\" srcset=\"https:\/\/jblstainless.com\/wp-content\/uploads\/2025\/06\/316-pipe-surface-finish.webp 1000w, https:\/\/jblstainless.com\/wp-content\/uploads\/2025\/06\/316-pipe-surface-finish-300x150.webp 300w, https:\/\/jblstainless.com\/wp-content\/uploads\/2025\/06\/316-pipe-surface-finish-768x384.webp 768w, https:\/\/jblstainless.com\/wp-content\/uploads\/2025\/06\/316-pipe-surface-finish-18x9.webp 18w, https:\/\/jblstainless.com\/wp-content\/uploads\/2025\/06\/316-pipe-surface-finish-600x300.webp 600w\" sizes=\"(max-width: 800px) 100vw, 800px\" \/>\t\t\t\t\t\t\t\t\t\t\t\t\t\t\t<\/div>\n\t\t\t\t<\/div>\n\t\t\t\t<div class=\"elementor-element elementor-element-c19d32d elementor-widget elementor-widget-heading\" data-id=\"c19d32d\" data-element_type=\"widget\" data-e-type=\"widget\" data-widget_type=\"heading.default\">\n\t\t\t\t<div class=\"elementor-widget-container\">\n\t\t\t\t\t<h3 class=\"elementor-heading-title elementor-size-default\">Benef\u00edcios<\/h3>\t\t\t\t<\/div>\n\t\t\t\t<\/div>\n\t\t\t\t<div class=\"elementor-element elementor-element-e32bd65 elementor-widget elementor-widget-text-editor\" data-id=\"e32bd65\" data-element_type=\"widget\" data-e-type=\"widget\" data-widget_type=\"text-editor.default\">\n\t\t\t\t<div class=\"elementor-widget-container\">\n\t\t\t\t\t\t\t\t\t<ul><li>Excelente resist\u00eancia \u00e0 oxida\u00e7\u00e3o (adequado para 600-800\u00b0C)<\/li><li>A conce\u00e7\u00e3o com baixo teor de carbono reduz a corros\u00e3o intergranular<\/li><li>Boa soldabilidade<\/li><li>Custo significativamente inferior ao dos a\u00e7os inoxid\u00e1veis austen\u00edticos (como o 304)<\/li><\/ul>\t\t\t\t\t\t\t\t<\/div>\n\t\t\t\t<\/div>\n\t\t\t\t\t<\/div>\n\t\t\t\t<\/div>\n\t\t<div class=\"elementor-element elementor-element-e29eef9 e-flex e-con-boxed e-con e-parent\" data-id=\"e29eef9\" data-element_type=\"container\" data-e-type=\"container\">\n\t\t\t\t\t<div class=\"e-con-inner\">\n\t\t\t\t<div class=\"elementor-element elementor-element-509ae0e elementor-widget elementor-widget-heading\" data-id=\"509ae0e\" data-element_type=\"widget\" data-e-type=\"widget\" data-widget_type=\"heading.default\">\n\t\t\t\t<div class=\"elementor-widget-container\">\n\t\t\t\t\t<h2 class=\"elementor-heading-title elementor-size-default\">O que \u00e9 o a\u00e7o inoxid\u00e1vel 410S<\/h2>\t\t\t\t<\/div>\n\t\t\t\t<\/div>\n\t\t\t\t<div class=\"elementor-element elementor-element-f553c48 elementor-widget elementor-widget-text-editor\" data-id=\"f553c48\" data-element_type=\"widget\" data-e-type=\"widget\" data-widget_type=\"text-editor.default\">\n\t\t\t\t<div class=\"elementor-widget-container\">\n\t\t\t\t\t\t\t\t\t<p>O a\u00e7o inoxid\u00e1vel 410S \u00e9 um a\u00e7o inoxid\u00e1vel martens\u00edtico de baixo teor de carbono e uma vers\u00e3o modificada de baixo teor de carbono do a\u00e7o inoxid\u00e1vel 410 (13% cr\u00f3mio). Evita o endurecimento e a fissura\u00e7\u00e3o durante processos de alta temperatura ou de soldadura atrav\u00e9s do controlo do teor de carbono (normalmente \u2264 0,08%), melhora a soldabilidade, evita o endurecimento mesmo durante o arrefecimento r\u00e1pido, mant\u00e9m uma ductilidade elevada e resolve completamente o problema tradicional da \u201cfragiliza\u00e7\u00e3o p\u00f3s-soldadura\u201d associado ao a\u00e7o inoxid\u00e1vel 410. Em compara\u00e7\u00e3o com o 410, o 410S oferece uma melhor maquinabilidade e soldabilidade, mas uma resist\u00eancia ligeiramente inferior.<\/p>\t\t\t\t\t\t\t\t<\/div>\n\t\t\t\t<\/div>\n\t\t\t\t<div class=\"elementor-element elementor-element-3c186c4 elementor-widget elementor-widget-heading\" data-id=\"3c186c4\" data-element_type=\"widget\" data-e-type=\"widget\" data-widget_type=\"heading.default\">\n\t\t\t\t<div class=\"elementor-widget-container\">\n\t\t\t\t\t<h3 class=\"elementor-heading-title elementor-size-default\">Carater\u00edsticas<\/h3>\t\t\t\t<\/div>\n\t\t\t\t<\/div>\n\t\t\t\t<div class=\"elementor-element elementor-element-d289879 elementor-widget elementor-widget-text-editor\" data-id=\"d289879\" data-element_type=\"widget\" data-e-type=\"widget\" data-widget_type=\"text-editor.default\">\n\t\t\t\t<div class=\"elementor-widget-container\">\n\t\t\t\t\t\t\t\t\t<p>O a\u00e7o inoxid\u00e1vel 410S combina a resist\u00eancia do a\u00e7o martens\u00edtico com a resist\u00eancia \u00e0 corros\u00e3o do a\u00e7o ferr\u00edtico.<\/p>\t\t\t\t\t\t\t\t<\/div>\n\t\t\t\t<\/div>\n\t\t\t\t<div class=\"elementor-element elementor-element-9fe7307 elementor-widget elementor-widget-text-editor\" data-id=\"9fe7307\" data-element_type=\"widget\" data-e-type=\"widget\" data-widget_type=\"text-editor.default\">\n\t\t\t\t<div class=\"elementor-widget-container\">\n\t\t\t\t\t\t\t\t\t<p><strong>Resist\u00eancia \u00e0 corros\u00e3o:<\/strong><\/p><p>Apresenta uma boa resist\u00eancia \u00e0 exposi\u00e7\u00e3o atmosf\u00e9rica, \u00e0 \u00e1gua, \u00e0 \u00e1gua doce, aos \u00e1cidos org\u00e2nicos e inorg\u00e2nicos suaves, aos \u00e1lcalis e a determinados produtos qu\u00edmicos, com um desempenho particularmente not\u00e1vel em ambientes oxidantes.<\/p>\t\t\t\t\t\t\t\t<\/div>\n\t\t\t\t<\/div>\n\t\t\t\t<div class=\"elementor-element elementor-element-5f63e63 elementor-widget elementor-widget-text-editor\" data-id=\"5f63e63\" data-element_type=\"widget\" data-e-type=\"widget\" data-widget_type=\"text-editor.default\">\n\t\t\t\t<div class=\"elementor-widget-container\">\n\t\t\t\t\t\t\t\t\t<p><strong>Resist\u00eancia a altas temperaturas:<\/strong><\/p><p>Oferece uma excelente resist\u00eancia \u00e0 oxida\u00e7\u00e3o em ambientes de alta temperatura. Pode ser utilizado continuamente a 1300\u00b0F (aproximadamente 705\u00b0C) e pode mesmo suportar temperaturas mais elevadas durante curtos per\u00edodos.<\/p>\t\t\t\t\t\t\t\t<\/div>\n\t\t\t\t<\/div>\n\t\t\t\t<div class=\"elementor-element elementor-element-cc7dc0c elementor-widget elementor-widget-text-editor\" data-id=\"cc7dc0c\" data-element_type=\"widget\" data-e-type=\"widget\" data-widget_type=\"text-editor.default\">\n\t\t\t\t<div class=\"elementor-widget-container\">\n\t\t\t\t\t\t\t\t\t<p><strong>Formabilidade:<\/strong><\/p><p>Devido ao seu reduzido teor de carbono, o 410S oferece uma formabilidade significativamente melhorada. Pode ser facilmente moldado atrav\u00e9s de processos como a fia\u00e7\u00e3o, a dobragem e a laminagem, e mant\u00e9m a suavidade e a ductilidade mesmo ap\u00f3s tratamento t\u00e9rmico.<\/p>\t\t\t\t\t\t\t\t<\/div>\n\t\t\t\t<\/div>\n\t\t\t\t<div class=\"elementor-element elementor-element-e7fa2d1 elementor-widget elementor-widget-text-editor\" data-id=\"e7fa2d1\" data-element_type=\"widget\" data-e-type=\"widget\" data-widget_type=\"text-editor.default\">\n\t\t\t\t<div class=\"elementor-widget-container\">\n\t\t\t\t\t\t\t\t\t<p><strong>Soldabilidade:<\/strong><\/p><p>Superior ao padr\u00e3o 410. Devido \u00e0 sua composi\u00e7\u00e3o com baixo teor de carbono, \u00e9 menos propenso \u00e0 precipita\u00e7\u00e3o de carbonetos durante a soldadura, reduzindo o risco de fissuras na soldadura. No entanto, continua a ser necess\u00e1rio um controlo cuidadoso do processo durante a soldadura para evitar a fratura fr\u00e1gil.<\/p>\t\t\t\t\t\t\t\t<\/div>\n\t\t\t\t<\/div>\n\t\t\t\t<div class=\"elementor-element elementor-element-8b64bbd elementor-widget elementor-widget-text-editor\" data-id=\"8b64bbd\" data-element_type=\"widget\" data-e-type=\"widget\" data-widget_type=\"text-editor.default\">\n\t\t\t\t<div class=\"elementor-widget-container\">\n\t\t\t\t\t\t\t\t\t<p><strong>Propriedades mec\u00e2nicas:<\/strong><\/p><p>Embora n\u00e3o seja adequado para o endurecimento por tratamento t\u00e9rmico, transforma-se inteiramente numa estrutura ferr\u00edtica quando recozido (1600-1650\u00b0F).<\/p>\t\t\t\t\t\t\t\t<\/div>\n\t\t\t\t<\/div>\n\t\t\t\t\t<\/div>\n\t\t\t\t<\/div>\n\t\t<div class=\"elementor-element elementor-element-2759337 e-flex e-con-boxed e-con e-parent\" data-id=\"2759337\" data-element_type=\"container\" data-e-type=\"container\">\n\t\t\t\t\t<div class=\"e-con-inner\">\n\t\t\t\t<div class=\"elementor-element elementor-element-ae88d49 elementor-widget elementor-widget-heading\" data-id=\"ae88d49\" data-element_type=\"widget\" data-e-type=\"widget\" data-widget_type=\"heading.default\">\n\t\t\t\t<div class=\"elementor-widget-container\">\n\t\t\t\t\t<h2 class=\"elementor-heading-title elementor-size-default\">Aplica\u00e7\u00f5es<\/h2>\t\t\t\t<\/div>\n\t\t\t\t<\/div>\n\t\t\t\t<div class=\"elementor-element elementor-element-f5659a3 elementor-widget elementor-widget-text-editor\" data-id=\"f5659a3\" data-element_type=\"widget\" data-e-type=\"widget\" data-widget_type=\"text-editor.default\">\n\t\t\t\t<div class=\"elementor-widget-container\">\n\t\t\t\t\t\t\t\t\t<ul><li><strong>Ind\u00fastria autom\u00f3vel:<\/strong><\/li><\/ul><p>A sua excelente resist\u00eancia a altas temperaturas e \u00e0 corros\u00e3o torna-o adequado para sistemas de escape de autom\u00f3veis (tais como silenciadores, tubos de escape e conversores catal\u00edticos).<\/p><ul><li><strong>Caldeiras e c\u00e2maras de combust\u00e3o:<\/strong><\/li><\/ul><p>Utilizado em componentes de fornos, c\u00e2maras de combust\u00e3o e condutas de combust\u00e3o - componentes que requerem alta temperatura e resist\u00eancia \u00e0 oxida\u00e7\u00e3o.<\/p><ul><li><strong>Ind\u00fastria petroqu\u00edmica:<\/strong><\/li><\/ul><p>Utilizado em componentes como placas de tabuleiro, tubos, permutadores de calor, bombas e v\u00e1lvulas, particularmente em ambientes com meios ligeiramente corrosivos.<\/p><ul><li><strong>Utens\u00edlios de cozinha e electrodom\u00e9sticos:<\/strong><\/li><\/ul><p>Devido \u00e0 sua resist\u00eancia \u00e0 corros\u00e3o e ao seu aspeto est\u00e9tico, \u00e9 tamb\u00e9m utilizado no fabrico de utens\u00edlios de cozinha (como lava-loi\u00e7as e fornos) e no revestimento de electrodom\u00e9sticos.<\/p>\t\t\t\t\t\t\t\t<\/div>\n\t\t\t\t<\/div>\n\t\t\t\t\t<\/div>\n\t\t\t\t<\/div>\n\t\t<div class=\"elementor-element elementor-element-92a3ed3 e-flex e-con-boxed e-con e-parent\" data-id=\"92a3ed3\" data-element_type=\"container\" data-e-type=\"container\">\n\t\t\t\t\t<div class=\"e-con-inner\">\n\t\t\t\t<div class=\"elementor-element elementor-element-f683365 elementor-widget elementor-widget-heading\" data-id=\"f683365\" data-element_type=\"widget\" data-e-type=\"widget\" data-widget_type=\"heading.default\">\n\t\t\t\t<div class=\"elementor-widget-container\">\n\t\t\t\t\t<h3 class=\"elementor-heading-title elementor-size-default\">Porqu\u00ea escolher o tubo de a\u00e7o inoxid\u00e1vel 410S<\/h3>\t\t\t\t<\/div>\n\t\t\t\t<\/div>\n\t\t\t\t<div class=\"elementor-element elementor-element-be5b97d elementor-widget elementor-widget-text-editor\" data-id=\"be5b97d\" data-element_type=\"widget\" data-e-type=\"widget\" data-widget_type=\"text-editor.default\">\n\t\t\t\t<div class=\"elementor-widget-container\">\n\t\t\t\t\t\t\t\t\t<p>1. reduzir os custos globais do material do projeto (poupan\u00e7a de 20-30% em compara\u00e7\u00e3o com o a\u00e7o inoxid\u00e1vel 304)<\/p><p>2. reduzir o risco de fissuras causadas por soldadura e fadiga t\u00e9rmica<\/p><p>3. melhorar a estabilidade operacional a longo prazo do equipamento em ambientes de alta temperatura<\/p>\t\t\t\t\t\t\t\t<\/div>\n\t\t\t\t<\/div>\n\t\t\t\t<div class=\"elementor-element elementor-element-dbad876 elementor-widget elementor-widget-heading\" data-id=\"dbad876\" data-element_type=\"widget\" data-e-type=\"widget\" data-widget_type=\"heading.default\">\n\t\t\t\t<div class=\"elementor-widget-container\">\n\t\t\t\t\t<h3 class=\"elementor-heading-title elementor-size-default\">A\u00e7o inoxid\u00e1vel 410S Vs 304<\/h3>\t\t\t\t<\/div>\n\t\t\t\t<\/div>\n\t\t\t\t<div class=\"elementor-element elementor-element-9407045 elementor-widget elementor-widget-text-editor\" data-id=\"9407045\" data-element_type=\"widget\" data-e-type=\"widget\" data-widget_type=\"text-editor.default\">\n\t\t\t\t<div class=\"elementor-widget-container\">\n\t\t\t\t\t\t\t\t\t<table class=\"table\"><tbody><tr><td>Material<\/td><td>Tubo de a\u00e7o inoxid\u00e1vel 410S<\/td><td>Tubo de a\u00e7o inoxid\u00e1vel 304<\/td><\/tr><tr><td>Teor de carbono<\/td><td>baixo(\u22640,08%)<\/td><td>\u22640,08%<\/td><\/tr><tr><td>Soldabilidade<\/td><td>Excelente (sem tratamento t\u00e9rmico, sem fissuras)<\/td><td>Excelentes carater\u00edsticas de soldadura e estampagem profunda<\/td><\/tr><tr><td>Resist\u00eancia \u00e0 corros\u00e3o (ambientes suaves)<\/td><td>Bom<\/td><td>Excelente<\/td><\/tr><tr><td>Resist\u00eancia \u00e0 oxida\u00e7\u00e3o a alta temperatura<\/td><td>Excelente a 650-800\u00b0C<\/td><td>Excelente<\/td><\/tr><tr><td>Custo<\/td><td>Elevada rela\u00e7\u00e3o custo-efic\u00e1cia<\/td><td>20%-30% custo mais elevado<\/td><\/tr><\/tbody><\/table>\t\t\t\t\t\t\t\t<\/div>\n\t\t\t\t<\/div>\n\t\t\t\t<div class=\"elementor-element elementor-element-d4e19fc elementor-widget elementor-widget-text-editor\" data-id=\"d4e19fc\" data-element_type=\"widget\" data-e-type=\"widget\" data-widget_type=\"text-editor.default\">\n\t\t\t\t<div class=\"elementor-widget-container\">\n\t\t\t\t\t\t\t\t\t<p>JBLSTAINLESS \u00e9 um fabricante e fornecedor profissional de tubos de a\u00e7o inoxid\u00e1vel. Oferecemos uma vasta gama de tubos de a\u00e7o inoxid\u00e1vel 410 em v\u00e1rios tipos e tamanhos, juntamente com solu\u00e7\u00f5es industriais fi\u00e1veis:<\/p><ul><li>Mais de 15 anos de experi\u00eancia no fabrico de a\u00e7o inoxid\u00e1vel<\/li><li>Conformidade rigorosa com as normas ASTM\/EN<\/li><li>Certificados de ensaio de materiais (MTC) fornecidos<\/li><li>Suporte para testes de terceiros pela SGS\/BV<\/li><li>Tamanhos personalizados dispon\u00edveis (OD\/WT\/Comprimento)<\/li><\/ul><div>\u00a0<\/div><div><div>Se procura uma solu\u00e7\u00e3o de tubos de a\u00e7o inoxid\u00e1vel que equilibre a resist\u00eancia a altas temperaturas com o controlo de custos, o 410S \u00e9 a escolha ideal.<\/div><\/div>\t\t\t\t\t\t\t\t<\/div>\n\t\t\t\t<\/div>\n\t\t\t\t\t<\/div>\n\t\t\t\t<\/div>\n\t\t\t\t<\/div>","protected":false},"excerpt":{"rendered":"<p>O tubo de a\u00e7o inoxid\u00e1vel 410S \u00e9 um material de a\u00e7o inoxid\u00e1vel ferr\u00edtico de baixo teor de carbono que mant\u00e9m uma excelente resist\u00eancia \u00e0 oxida\u00e7\u00e3o, melhorando significativamente a soldabilidade atrav\u00e9s de um teor de carbono reduzido.<\/p>\n<p>Excelente resist\u00eancia \u00e0 oxida\u00e7\u00e3o (adequado para 600-800\u00b0C)<\/p>\n<p>A conce\u00e7\u00e3o com baixo teor de carbono reduz a corros\u00e3o intergranular<\/p>\n<p>Boa soldabilidade<\/p>\n<p>Custo significativamente inferior ao dos a\u00e7os inoxid\u00e1veis austen\u00edticos (como o 304)<\/p>","protected":false},"featured_media":2556,"template":"","meta":{"_eb_attr":""},"product_brand":[],"product_cat":[30],"product_tag":[],"class_list":{"0":"post-2545","1":"product","2":"type-product","3":"status-publish","4":"has-post-thumbnail","6":"product_cat-stainless-steel-seamless-pipe","8":"first","9":"instock","10":"shipping-taxable","11":"product-type-simple"},"_links":{"self":[{"href":"https:\/\/jblstainless.com\/pt\/wp-json\/wp\/v2\/product\/2545","targetHints":{"allow":["GET"]}}],"collection":[{"href":"https:\/\/jblstainless.com\/pt\/wp-json\/wp\/v2\/product"}],"about":[{"href":"https:\/\/jblstainless.com\/pt\/wp-json\/wp\/v2\/types\/product"}],"version-history":[{"count":13,"href":"https:\/\/jblstainless.com\/pt\/wp-json\/wp\/v2\/product\/2545\/revisions"}],"predecessor-version":[{"id":2562,"href":"https:\/\/jblstainless.com\/pt\/wp-json\/wp\/v2\/product\/2545\/revisions\/2562"}],"wp:featuredmedia":[{"embeddable":true,"href":"https:\/\/jblstainless.com\/pt\/wp-json\/wp\/v2\/media\/2556"}],"wp:attachment":[{"href":"https:\/\/jblstainless.com\/pt\/wp-json\/wp\/v2\/media?parent=2545"}],"wp:term":[{"taxonomy":"product_brand","embeddable":true,"href":"https:\/\/jblstainless.com\/pt\/wp-json\/wp\/v2\/product_brand?post=2545"},{"taxonomy":"product_cat","embeddable":true,"href":"https:\/\/jblstainless.com\/pt\/wp-json\/wp\/v2\/product_cat?post=2545"},{"taxonomy":"product_tag","embeddable":true,"href":"https:\/\/jblstainless.com\/pt\/wp-json\/wp\/v2\/product_tag?post=2545"}],"curies":[{"name":"wp","href":"https:\/\/api.w.org\/{rel}","templated":true}]}}